{"id":1192,"date":"2023-06-30T08:20:33","date_gmt":"2023-06-30T06:20:33","guid":{"rendered":"https:\/\/oke.jaworzno.pl\/www3\/?page_id=1192"},"modified":"2025-07-02T11:13:28","modified_gmt":"2025-07-02T09:13:28","slug":"wglady-do-prac-egzaminacyjnych","status":"publish","type":"page","link":"https:\/\/oke.jaworzno.pl\/www3\/eo\/wglady-do-prac-egzaminacyjnych\/","title":{"rendered":"Wgl\u0105dy do prac egzaminacyjnych &#8211; egzamin \u00f3smoklasisty"},"content":{"rendered":"\n<p>Wniosek o wgl\u0105d do sprawdzonej i ocenionej pracy mo\u017cna z\u0142o\u017cy\u0107 od 4 lipca 2025 r.<\/p>\n\n\n\n<p>Wnioski z\u0142o\u017cone <strong>przed 4 lipca 2025 r.<\/strong> nie b\u0119d\u0105 rozpatrywane.<\/p>\n\n\n\n<p>Wniosek o wgl\u0105d do sprawdzonej i ocenionej pracy nale\u017cy z\u0142o\u017cy\u0107 za po\u015brednictwem aplikacji elektronicznej (<a href=\"https:\/\/ziu.gov.pl\/zdajacy\/wnioski\/wglad\/\">https:\/\/ziu.gov.pl\/zdajacy\/wnioski\/wglad\/<\/a>).<\/p>\n\n\n\n<figure class=\"wp-block-image is-resized\"><a href=\"https:\/\/ziu.gov.pl\/zdajacy\/wnioski\/wglad\/\" target=\"_blank\" rel=\"noopener\"><img loading=\"lazy\" decoding=\"async\" width=\"292\" height=\"110\" src=\"https:\/\/oke.jaworzno.pl\/www3\/wp-content\/uploads\/2023\/07\/ziu.png\" alt=\"\" class=\"wp-image-7227\" style=\"width:284px;height:auto\"\/><\/a><\/figure>\n\n\n\n<p><\/p>\n\n\n\n<p><span style=\"background-color:#8ed1fc\" class=\"has-inline-background\">Przed z\u0142o\u017ceniem wniosku nale\u017cy zapozna\u0107 si\u0119 z poni\u017csz\u0105 informacj\u0105:<\/span><\/p>\n\n\n\n<p>Wgl\u0105dy do sprawdzonych i ocenionych prac odbywa\u0107 si\u0119 b\u0119d\u0105 w siedzibie Okr\u0119gowej Komisji Egzaminacyjnej w Jaworznie, ul. Mickiewicza 4 oraz w ATElier Kultury w Jaworznie, ul. Mickiewicza 2 \u2013 obok budynku OKE w Jaworznie.<\/p>\n\n\n\n<ul class=\"wp-block-list\">\n<li>Informacja o terminie i miejscu wgl\u0105du zostanie przekazana za pomoc\u0105 SMS-a\/E-mail na numer telefonu\/adres E-mail podany we wniosku \u2013 w ci\u0105gu 5 dni roboczych od daty rejestracji wniosku.<\/li>\n\n\n\n<li>Ucze\u0144 lub jego rodzice maj\u0105 prawo wgl\u0105du do sprawdzonej i ocenionej pracy egzaminacyjnej tego ucznia. We wgl\u0105dzie uczestniczy\u0107 mog\u0105 maksymalnie <strong>dwie<\/strong> osoby.<\/li>\n\n\n\n<li>Na wgl\u0105d nale\u017cy zg\u0142osi\u0107 si\u0119 z dokumentem to\u017csamo\u015bci ze zdj\u0119ciem.<\/li>\n\n\n\n<li>Przed wgl\u0105dem prosimy zapozna\u0107 si\u0119 z <a href=\"https:\/\/oke.jaworzno.pl\/www3\/wp-content\/uploads\/eo\/2025\/zasady-wglady-E8-2025.pdf\" class=\"ek-link\">zasadami wgl\u0105du do sprawdzonej i ocenionej pracy egzaminacyjnej<\/a>.<\/li>\n\n\n\n<li>Zasady oceniania zada\u0144 dost\u0119pne s\u0105 na stronie.<\/li>\n\n\n\n<li>Podczas dokonywania wgl\u0105du dozwolone jest fotografowanie pracy egzaminacyjnej.<\/li>\n\n\n\n<li>Podczas wgl\u0105d\u00f3w zabronione jest korzystanie z w\u0142asnych materia\u0142\u00f3w pi\u015bmienniczych.<\/li>\n<\/ul>\n\n\n\n<p><strong><span style=\"background-color:#cf2e2e\" class=\"has-inline-background\">Uwaga<\/span><\/strong><\/p>\n\n\n\n<p>W przypadku zorganizowania wgl\u0105du dla osoby niepe\u0142nosprawnej ruchowo prosimy o wcze\u015bniejszy telefon \u2013 32 784 16 15.<\/p>\n<div class=\"pdfprnt-buttons pdfprnt-buttons-page pdfprnt-bottom-left\"><a href=\"https:\/\/oke.jaworzno.pl\/www3\/wp-json\/wp\/v2\/pages\/1192?print=pdf\" class=\"pdfprnt-button pdfprnt-button-pdf\" target=\"_blank\" ><span class=\"pdfprnt-button-title pdfprnt-button-pdf-title\">Wersja do druku<\/span><\/a><\/div>","protected":false},"excerpt":{"rendered":"<p>Wniosek o wgl\u0105d do sprawdzonej i ocenionej pracy mo\u017cna z\u0142o\u017cy\u0107 od 4 lipca 2025 r. Wnioski z\u0142o\u017cone przed 4 lipca&#46;&#46;&#46;<\/p>\n","protected":false},"author":1,"featured_media":0,"parent":21,"menu_order":0,"comment_status":"closed","ping_status":"closed","template":"","meta":{"_editorskit_title_hidden":false,"_editorskit_reading_time":1,"_editorskit_is_block_options_detached":false,"_editorskit_block_options_position":"{}","footnotes":""},"class_list":["post-1192","page","type-page","status-publish","hentry"],"publishpress_future_workflow_manual_trigger":{"enabledWorkflows":[]},"_links":{"self":[{"href":"https:\/\/oke.jaworzno.pl\/www3\/wp-json\/wp\/v2\/pages\/1192","targetHints":{"allow":["GET"]}}],"collection":[{"href":"https:\/\/oke.jaworzno.pl\/www3\/wp-json\/wp\/v2\/pages"}],"about":[{"href":"https:\/\/oke.jaworzno.pl\/www3\/wp-json\/wp\/v2\/types\/page"}],"author":[{"embeddable":true,"href":"https:\/\/oke.jaworzno.pl\/www3\/wp-json\/wp\/v2\/users\/1"}],"replies":[{"embeddable":true,"href":"https:\/\/oke.jaworzno.pl\/www3\/wp-json\/wp\/v2\/comments?post=1192"}],"version-history":[{"count":3,"href":"https:\/\/oke.jaworzno.pl\/www3\/wp-json\/wp\/v2\/pages\/1192\/revisions"}],"predecessor-version":[{"id":8985,"href":"https:\/\/oke.jaworzno.pl\/www3\/wp-json\/wp\/v2\/pages\/1192\/revisions\/8985"}],"up":[{"embeddable":true,"href":"https:\/\/oke.jaworzno.pl\/www3\/wp-json\/wp\/v2\/pages\/21"}],"wp:attachment":[{"href":"https:\/\/oke.jaworzno.pl\/www3\/wp-json\/wp\/v2\/media?parent=1192"}],"curies":[{"name":"wp","href":"https:\/\/api.w.org\/{rel}","templated":true}]}}