{"id":1195,"date":"2020-03-25T11:40:53","date_gmt":"2020-03-25T10:40:53","guid":{"rendered":"https:\/\/oke.jaworzno.pl\/www3\/?page_id=1195"},"modified":"2025-09-12T13:52:34","modified_gmt":"2025-09-12T11:52:34","slug":"zwolnienia-z-obowiazku-przystapienia-do-egzaminu","status":"publish","type":"page","link":"https:\/\/oke.jaworzno.pl\/www3\/eo\/zwolnienia-z-obowiazku-przystapienia-do-egzaminu\/","title":{"rendered":"Zwolnienia z obowi\u0105zku przyst\u0105pienia do egzaminu \u00f3smoklasisty"},"content":{"rendered":"\n<h3 class=\"wp-block-heading\">Rok szkolny 2025\/2026<\/h3>\n\n\n\n<ul class=\"wp-block-list\">\n<li>Komunikat Ministra Edukacji i Nauki w sprawie <a href=\"https:\/\/www.gov.pl\/web\/edukacja\/komunikat-ministra-edukacji-w-sprawie-wykazu-olimpiad-przedmiotowych-przeprowadzanych-z-przedmiotu-lub-przedmiotow-objetych-egzaminem-osmoklasisty-lub-egzaminem-maturalnym-oraz-konkursow-dla-uczniow-szkol-i-placowek-artystycznych\">wykazu olimpiad przedmiotowych<\/a> przeprowadzanych z przedmiotu lub przedmiot\u00f3w obj\u0119tych egzaminem \u00f3smoklasisty lub egzaminem maturalnym oraz konkurs\u00f3w dla uczni\u00f3w szk\u00f3\u0142 i plac\u00f3wek artystycznych w roku szkolnym 2025\/2026<\/li>\n\n\n\n<li><a href=\"https:\/\/oke.jaworzno.pl\/www3\/wp-content\/uploads\/eo\/2026\/2026-Informacje-dotyczace-zwolnienia-ucznia.pdf\">Informacje dotycz\u0105ce zwolnienia<\/a> ucznia\/s\u0142uchacza z obowi\u0105zku przyst\u0105pienia do egzaminu \u00f3smoklasisty w roku szkolnym 2025\/2026<\/li>\n<\/ul>\n<div class=\"pdfprnt-buttons pdfprnt-buttons-page pdfprnt-bottom-left\"><a href=\"https:\/\/oke.jaworzno.pl\/www3\/wp-json\/wp\/v2\/pages\/1195?print=pdf\" class=\"pdfprnt-button pdfprnt-button-pdf\" target=\"_blank\" ><span class=\"pdfprnt-button-title pdfprnt-button-pdf-title\">Wersja do druku<\/span><\/a><\/div>","protected":false},"excerpt":{"rendered":"","protected":false},"author":1,"featured_media":0,"parent":21,"menu_order":0,"comment_status":"closed","ping_status":"closed","template":"","meta":{"_editorskit_title_hidden":false,"_editorskit_reading_time":1,"_editorskit_is_block_options_detached":false,"_editorskit_block_options_position":"{}","footnotes":""},"class_list":["post-1195","page","type-page","status-publish","hentry"],"publishpress_future_workflow_manual_trigger":{"enabledWorkflows":[]},"_links":{"self":[{"href":"https:\/\/oke.jaworzno.pl\/www3\/wp-json\/wp\/v2\/pages\/1195","targetHints":{"allow":["GET"]}}],"collection":[{"href":"https:\/\/oke.jaworzno.pl\/www3\/wp-json\/wp\/v2\/pages"}],"about":[{"href":"https:\/\/oke.jaworzno.pl\/www3\/wp-json\/wp\/v2\/types\/page"}],"author":[{"embeddable":true,"href":"https:\/\/oke.jaworzno.pl\/www3\/wp-json\/wp\/v2\/users\/1"}],"replies":[{"embeddable":true,"href":"https:\/\/oke.jaworzno.pl\/www3\/wp-json\/wp\/v2\/comments?post=1195"}],"version-history":[{"count":3,"href":"https:\/\/oke.jaworzno.pl\/www3\/wp-json\/wp\/v2\/pages\/1195\/revisions"}],"predecessor-version":[{"id":9115,"href":"https:\/\/oke.jaworzno.pl\/www3\/wp-json\/wp\/v2\/pages\/1195\/revisions\/9115"}],"up":[{"embeddable":true,"href":"https:\/\/oke.jaworzno.pl\/www3\/wp-json\/wp\/v2\/pages\/21"}],"wp:attachment":[{"href":"https:\/\/oke.jaworzno.pl\/www3\/wp-json\/wp\/v2\/media?parent=1195"}],"curies":[{"name":"wp","href":"https:\/\/api.w.org\/{rel}","templated":true}]}}