{"id":1199,"date":"2020-03-25T12:01:30","date_gmt":"2020-03-25T11:01:30","guid":{"rendered":"https:\/\/oke.jaworzno.pl\/www3\/?page_id=1199"},"modified":"2025-03-17T14:43:51","modified_gmt":"2025-03-17T13:43:51","slug":"podstawa-programowa","status":"publish","type":"page","link":"https:\/\/oke.jaworzno.pl\/www3\/ez\/formula-2012\/podstawa-programowa\/","title":{"rendered":"Formu\u0142a 2012 &#8211; podstawa programowa"},"content":{"rendered":"\n<p>Egzamin potwierdzaj\u0105cy kwalifikacje w zawodzie jest form\u0105 oceny poziomu opanowania przez zdaj\u0105cego wiedzy i umiej\u0119tno\u015bci z zakresu danej kwalifikacji wyodr\u0119bnionej w zawodzie. Wiedza i umiej\u0119tno\u015bci dla ka\u017cdego zawodu okre\u015blone s\u0105 w<a href=\"http:\/\/prawo.sejm.gov.pl\/isap.nsf\/download.xsp\/WDU20120000184\/O\/D20120184.pdf\" class=\"ek-link\">\u00a0<\/a>rozporz\u0105dzeniu Ministra Edukacji Narodowej z dnia 7 lutego 2012 r. w sprawie podstawy programowej kszta\u0142cenia w zawodach <a href=\"https:\/\/isap.sejm.gov.pl\/isap.nsf\/DocDetails.xsp?id=wdu20120000184\" class=\"ek-link\">(Dz.U. z 2012 r., poz. 184 z p\u00f3\u017an. zm.)<\/a><\/p>\n\n\n\n<p>Podstawa programowa kszta\u0142cenia dla poszczeg\u00f3lnych zawod\u00f3w znajduje si\u0119 w&nbsp;<a href=\"https:\/\/oke.jaworzno.pl\/www3\/ez\/formula-2012\/formula-2012-informatory-i-wyposazenie-osrodkow\/\">Informatorach<\/a>&nbsp;o egzaminie potwierdzaj\u0105cym kwalifikacje w zawodzie.<\/p>\n<div class=\"pdfprnt-buttons pdfprnt-buttons-page pdfprnt-bottom-left\"><a href=\"https:\/\/oke.jaworzno.pl\/www3\/wp-json\/wp\/v2\/pages\/1199?print=pdf\" class=\"pdfprnt-button pdfprnt-button-pdf\" target=\"_blank\" ><span class=\"pdfprnt-button-title pdfprnt-button-pdf-title\">Wersja do druku<\/span><\/a><\/div>","protected":false},"excerpt":{"rendered":"<p>Egzamin potwierdzaj\u0105cy kwalifikacje w zawodzie jest form\u0105 oceny poziomu opanowania przez zdaj\u0105cego wiedzy i umiej\u0119tno\u015bci z zakresu danej kwalifikacji wyodr\u0119bnionej&#46;&#46;&#46;<\/p>\n","protected":false},"author":1,"featured_media":0,"parent":622,"menu_order":0,"comment_status":"closed","ping_status":"closed","template":"","meta":{"_editorskit_title_hidden":false,"_editorskit_reading_time":0,"_editorskit_is_block_options_detached":false,"_editorskit_block_options_position":"{}","footnotes":""},"class_list":["post-1199","page","type-page","status-publish","hentry"],"publishpress_future_workflow_manual_trigger":{"enabledWorkflows":[]},"_links":{"self":[{"href":"https:\/\/oke.jaworzno.pl\/www3\/wp-json\/wp\/v2\/pages\/1199","targetHints":{"allow":["GET"]}}],"collection":[{"href":"https:\/\/oke.jaworzno.pl\/www3\/wp-json\/wp\/v2\/pages"}],"about":[{"href":"https:\/\/oke.jaworzno.pl\/www3\/wp-json\/wp\/v2\/types\/page"}],"author":[{"embeddable":true,"href":"https:\/\/oke.jaworzno.pl\/www3\/wp-json\/wp\/v2\/users\/1"}],"replies":[{"embeddable":true,"href":"https:\/\/oke.jaworzno.pl\/www3\/wp-json\/wp\/v2\/comments?post=1199"}],"version-history":[{"count":2,"href":"https:\/\/oke.jaworzno.pl\/www3\/wp-json\/wp\/v2\/pages\/1199\/revisions"}],"predecessor-version":[{"id":8741,"href":"https:\/\/oke.jaworzno.pl\/www3\/wp-json\/wp\/v2\/pages\/1199\/revisions\/8741"}],"up":[{"embeddable":true,"href":"https:\/\/oke.jaworzno.pl\/www3\/wp-json\/wp\/v2\/pages\/622"}],"wp:attachment":[{"href":"https:\/\/oke.jaworzno.pl\/www3\/wp-json\/wp\/v2\/media?parent=1199"}],"curies":[{"name":"wp","href":"https:\/\/api.w.org\/{rel}","templated":true}]}}