{"id":189,"date":"2019-11-21T11:07:06","date_gmt":"2019-11-21T10:07:06","guid":{"rendered":"https:\/\/oke.jaworzno.pl\/www3\/?page_id=189"},"modified":"2026-02-12T13:42:07","modified_gmt":"2026-02-12T12:42:07","slug":"klauzula-informacyjna","status":"publish","type":"page","link":"https:\/\/oke.jaworzno.pl\/www3\/klauzula-informacyjna\/","title":{"rendered":"KLAUZULA INFORMACYJNA"},"content":{"rendered":"\n<p>Zgodnie z art. 13 ust. 1 rozporz\u0105dzenia Parlamentu Europejskiego i Rady (UE) 2016\/679 z dnia 27 kwietnia 2016 r. w sprawie ochrony os\u00f3b fizycznych w zwi\u0105zku z przetwarzaniem danych osobowych i w sprawie swobodnego przep\u0142ywu takich danych oraz uchylenia dyrektywy 95\/46\/WE, informuj\u0119, i\u017c:<\/p>\n\n\n\n<p>1) Administratorem Pani\/Pana danych osobowych jest&nbsp;<strong>Okr\u0119gowa Komisja Egzaminacyjna&nbsp;w Jaworznie, ul. Mickiewicza 4,<\/strong><\/p>\n\n\n\n<p><strong>43-600 Jaworzno<\/strong>.<\/p>\n\n\n\n<p>2) Inspektorem ochrony danych jest Marcin Zarzycki. W przypadku w\u0105tpliwo\u015bci zwi\u0105zanych\u00a0z przetwarzaniem Pani\/Pana danych, prosz\u0119 kontaktowa\u0107 si\u0119 poczt\u0105 elektroniczn\u0105 na adres\u00a0<strong>iod[at]oke.jaworzno.pl<\/strong>.<\/p>\n\n\n\n<p>3) Pani\/Pana dane osobowe mog\u0105 zosta\u0107 pozyskane od:<\/p>\n\n\n\n<p>a)&nbsp;<strong>podmiot\u00f3w&nbsp;<\/strong>\u2013 na podstawie&nbsp;<strong>ustawy z dnia 7 wrze\u015bnia 1991 r. o systemie o\u015bwiaty&nbsp;<\/strong><strong>(Dz.U. z 2017 r., poz. 2198), ustawy z dnia 14 grudnia 2016 r. Prawo o\u015bwiatowe&nbsp;<\/strong><strong>(Dz.U. z 2017 r., poz. 59 z p\u00f3\u017aniejszymi zmianami),<\/strong><\/p>\n\n\n\n<p>b)<strong>&nbsp;pracodawc\u00f3w&nbsp;<\/strong>\u2013 na podstawie&nbsp;<strong>ustawy z dnia 26 czerwca 1974 r. Kodeks pracy (<\/strong><strong>Dz.U. z 2018 r., poz. 917),<\/strong><\/p>\n\n\n\n<p>c)&nbsp;<strong>bezpo\u015brednio od Pani\/Pana.<\/strong><\/p>\n\n\n\n<p>4) Pani\/Pana dane osobowe w OKE w Jaworznie mog\u0105 by\u0107 przetwarzane w celu:<\/p>\n\n\n\n<p>a)<strong>&nbsp;rekrutacji<\/strong>&nbsp;<strong>pracownik\u00f3w i wsp\u00f3\u0142pracownik\u00f3w<\/strong>&nbsp;na podstawie&nbsp;<strong>ustawy z dnia 26 czerwca 1974 r. Kodeks pracy<br>(Dz.U. z 2018 r., poz. 917)<\/strong>,<\/p>\n\n\n\n<p>b)<strong>&nbsp;realizacji obowi\u0105zk\u00f3w pracodawcy wobec pracownika&nbsp;<\/strong>na podstawie&nbsp;<strong>ustawy z dnia&nbsp;<\/strong><strong>26 czerwca 1974 r. Kodeks pracy (Dz.U. z 2018 r., poz. 917)<\/strong>,<\/p>\n\n\n\n<p>c)<strong>&nbsp;organizacji oraz przeprowadzania egzamin\u00f3w&nbsp;<\/strong>na podstawie&nbsp;<strong>ustawy z dnia 7 wrze\u015bnia 1991 r. o systemie o\u015bwiaty (Dz.U. z 2017 r., poz. 2198), ustawy z dnia 14 grudnia 2016 r. Prawo o\u015bwiatowe (Dz.U. z 2017 r., poz. 59 z p\u00f3\u017aniejszymi zmianami)<\/strong>,<\/p>\n\n\n\n<p>d)&nbsp;<strong>organizacji i przeprowadzania szkole\u0144 kandydat\u00f3w lub szkole\u0144 uzupe\u0142niaj\u0105cych dla egzaminator\u00f3w oraz prowadzenia ewidencji egzaminator\u00f3w<\/strong>&nbsp;na podstawie&nbsp;<strong>ustawy z dnia&nbsp;<\/strong><strong>7 wrze\u015bnia 1991 r. o systemie o\u015bwiaty<\/strong><\/p>\n\n\n\n<p><strong>(Dz.U. z 2017 r., poz. 2198), ustawy z dnia 14 grudnia 2016 r. Prawo o\u015bwiatowe&nbsp;(Dz.U. z 2017 r., poz. 59 z p\u00f3\u017aniejszymi zmianami)<\/strong>,<\/p>\n\n\n\n<p>e)<strong>&nbsp;realizacji zam\u00f3wie\u0144 publicznych<\/strong>&nbsp;\u2013 na podstawie&nbsp;<strong>ustawy z dnia 29 stycznia 2004 r. Prawo Zam\u00f3wie\u0144 Publicznych (Dz.U. z 2017 r., poz. 1579)<\/strong><\/p>\n\n\n\n<p>5) Odbiorcami Pani\/Pana danych osobowych mog\u0105 by\u0107 podmioty \u015bwiadcz\u0105ce us\u0142ugi na rzecz statutowych dzia\u0142a\u0144 OKE i CKE, wsp\u00f3\u0142pracownicy OKE w Jaworznie oraz podmioty uprawnione na&nbsp;podstawie nast\u0119puj\u0105cych przepis\u00f3w:<\/p>\n\n\n\n<p>a)&nbsp;<strong>ustawa z dnia 7 wrze\u015bnia 1991 r. o systemie o\u015bwiaty (Dz.U. z 2017 r., poz. 2198)<\/strong>,<\/p>\n\n\n\n<p>b)&nbsp;<strong>ustawa z dnia 14 grudnia 2016 r. Prawo o\u015bwiatowe (Dz.U. z 2017 r., poz. 59 z p\u00f3\u017aniejszymi zmianami)<\/strong>,<\/p>\n\n\n\n<p>c)&nbsp;<strong>ustawa z dnia 29 stycznia 2004 r. Prawo Zam\u00f3wie\u0144 Publicznych (Dz.U. 2017 r., poz. 1579)<\/strong>.<\/p>\n\n\n\n<p>6) Przekazanie Pani\/Pana danych osobowych do&nbsp;<strong>pa\u0144stw trzecich&nbsp;<\/strong>b\u0119dzie mo\u017cliwe WY\u0141\u0104CZNIE na&nbsp;wyra\u017ane oraz uzasadnione Pani\/Pana \u017cyczenie.<\/p>\n\n\n\n<p>7) Pani\/Pana dane osobowe b\u0119d\u0105 przechowywane przez okre\u015blony czas:<\/p>\n\n\n\n<p>a)&nbsp;<strong>dokumenty zwi\u0105zane z procesem rekrutacji<\/strong>&nbsp;\u2013 3 miesi\u0105ce od momentu zako\u0144czenia procesu rekrutacji,<\/p>\n\n\n\n<p>b)&nbsp;<strong>dokumentacja pracownicza&nbsp;<\/strong>\u2013 50 lat, zgodnie ustaw\u0105 z dnia 26 czerwca 1974 r. Kodeks pracy (Dz.U. z 2018 r., poz. 917),<\/p>\n\n\n\n<p>c)&nbsp;<strong>nagrania z monitoringu<\/strong>&nbsp;\u2013 nie d\u0142u\u017cej ni\u017c 3 miesi\u0105ce,<\/p>\n\n\n\n<p>d)&nbsp;<strong>dokumentacja egzaminacyjna&nbsp;<\/strong>\u2013 do 6 miesi\u0119cy,<\/p>\n\n\n\n<p>e)&nbsp;<strong>dokumentacja egzaminator\u00f3w<\/strong>&nbsp;\u2013 do 6 miesi\u0119cy,<\/p>\n\n\n\n<p>f)&nbsp;<strong>wnioski kandydat\u00f3w od momentu ich realizacji lub utraty wa\u017cno\u015bci, dokumentacja szkole\u0144<\/strong>&nbsp;\u2013 5 lat,<\/p>\n\n\n\n<p>g)<strong>&nbsp;wpisy do ewidencji egzaminator\u00f3w<\/strong>&nbsp;\u2013 50 lat,<\/p>\n\n\n\n<p>h)&nbsp;<strong>dokumentacja zam\u00f3wie\u0144 publicznych \u2013&nbsp;<\/strong>5 lat,<\/p>\n\n\n\n<p>i)&nbsp;<strong>dane udost\u0119pnione w ramach udzielonej zgody na przetwarzanie danych \u2013&nbsp;<\/strong>bezterminowo lub do momentu wycofania zgody.<\/p>\n\n\n\n<p>8) Przys\u0142uguje Pani\/Panu prawo dost\u0119pu do tre\u015bci swoich danych oraz prawo ich sprostowania,&nbsp;a w szczeg\u00f3lnych przypadkach prawo do:<\/p>\n\n\n\n<p>a) cofni\u0119cia zgody w dowolnym momencie bez wp\u0142ywu na zgodno\u015b\u0107 z prawem przetwarzania, kt\u00f3rego dokonano na podstawie zgody przed jej cofni\u0119ciem (prawo to mo\u017ce Pani\/Pan realizowa\u0107 wy\u0142\u0105cznie w zakresie danych zbieranych na podstawie zgody),<\/p>\n\n\n\n<p>b) ograniczenia przetwarzania danych,<\/p>\n\n\n\n<p>c) usuni\u0119cia danych (prawo to mo\u017ce Pani\/Pan realizowa\u0107 wy\u0142\u0105cznie w zakresie danych zbieranych na podstawie zgody).<\/p>\n\n\n\n<p>9) Je\u015bli uzna Pani\/Pan, i\u017c przetwarzanie Pani\/Pana danych osobowych narusza przepisy RODO, przys\u0142uguje Pani\/Panu prawo wniesienia skargi do&nbsp;<strong>Prezesa Urz\u0119du Ochrony Danych Osobowych<\/strong>.<\/p>\n\n\n\n<p>10) Pani\/Pana dane b\u0119d\u0105 przetwarzane w spos\u00f3b r\u0119czny oraz zautomatyzowany.<\/p>\n\n\n\n<p>11) Zgodnie z art. 21 ust. 4 RODO informuj\u0119, i\u017c przys\u0142uguje Pani\/Panu prawo wniesienia sprzeciwu wobec przetwarzania dotycz\u0105cych Pani\/Panu danych osobowych. Sprzeciw nale\u017cy z\u0142o\u017cy\u0107 inspektorowi ochrony danych, kt\u00f3rego dane kontaktowe wskazane s\u0105 w pkt 2. Zgodnie z art. 21 ust. 1 RODO, sk\u0142adaj\u0105c sprzeciw, nale\u017cy wskaza\u0107 jego przyczyny zwi\u0105zane z Pani\/Pana szczeg\u00f3ln\u0105 sytuacj\u0105.<\/p>\n<div class=\"pdfprnt-buttons pdfprnt-buttons-page pdfprnt-bottom-left\"><a href=\"https:\/\/oke.jaworzno.pl\/www3\/wp-json\/wp\/v2\/pages\/189?print=pdf\" class=\"pdfprnt-button pdfprnt-button-pdf\" target=\"_blank\" ><span class=\"pdfprnt-button-title pdfprnt-button-pdf-title\">Wersja do druku<\/span><\/a><\/div>","protected":false},"excerpt":{"rendered":"<p>Zgodnie z art. 13 ust. 1 rozporz\u0105dzenia Parlamentu Europejskiego i Rady (UE) 2016\/679 z dnia 27 kwietnia 2016 r. w&#46;&#46;&#46;<\/p>\n","protected":false},"author":1,"featured_media":0,"parent":0,"menu_order":0,"comment_status":"closed","ping_status":"closed","template":"","meta":{"_editorskit_title_hidden":false,"_editorskit_reading_time":0,"_editorskit_is_block_options_detached":false,"_editorskit_block_options_position":"{}","footnotes":""},"class_list":["post-189","page","type-page","status-publish","hentry"],"publishpress_future_workflow_manual_trigger":{"enabledWorkflows":[]},"_links":{"self":[{"href":"https:\/\/oke.jaworzno.pl\/www3\/wp-json\/wp\/v2\/pages\/189","targetHints":{"allow":["GET"]}}],"collection":[{"href":"https:\/\/oke.jaworzno.pl\/www3\/wp-json\/wp\/v2\/pages"}],"about":[{"href":"https:\/\/oke.jaworzno.pl\/www3\/wp-json\/wp\/v2\/types\/page"}],"author":[{"embeddable":true,"href":"https:\/\/oke.jaworzno.pl\/www3\/wp-json\/wp\/v2\/users\/1"}],"replies":[{"embeddable":true,"href":"https:\/\/oke.jaworzno.pl\/www3\/wp-json\/wp\/v2\/comments?post=189"}],"version-history":[{"count":4,"href":"https:\/\/oke.jaworzno.pl\/www3\/wp-json\/wp\/v2\/pages\/189\/revisions"}],"predecessor-version":[{"id":9413,"href":"https:\/\/oke.jaworzno.pl\/www3\/wp-json\/wp\/v2\/pages\/189\/revisions\/9413"}],"wp:attachment":[{"href":"https:\/\/oke.jaworzno.pl\/www3\/wp-json\/wp\/v2\/media?parent=189"}],"curies":[{"name":"wp","href":"https:\/\/api.w.org\/{rel}","templated":true}]}}