{"id":207,"date":"2019-11-21T13:59:08","date_gmt":"2019-11-21T12:59:08","guid":{"rendered":"https:\/\/oke.jaworzno.pl\/www3\/?page_id=207"},"modified":"2024-08-26T07:34:39","modified_gmt":"2024-08-26T05:34:39","slug":"struktura_oke","status":"publish","type":"page","link":"https:\/\/oke.jaworzno.pl\/www3\/o-oke\/struktura_oke\/","title":{"rendered":"Struktura OKE"},"content":{"rendered":"\n<p><strong>Dyrekcja<\/strong><\/p>\n\n\n\n<p>Dyrektor &#8211; Robert Wanic<\/p>\n\n\n\n<p>Wicedyrektor &#8211; Krzysztof S\u0142omczy\u0144ski<\/p>\n\n\n\n<p>W sk\u0142ad Komisji wchodz\u0105 nast\u0119puj\u0105ce&nbsp;<strong>kom\u00f3rki organizacyjne<\/strong>:<\/p>\n\n\n\n<ol class=\"wp-block-list\">\n<li>Wydzia\u0142 Egzamin\u00f3w z Zakresu Kszta\u0142cenia Og\u00f3lnego (WEZKO)<\/li>\n\n\n\n<li>Wydzia\u0142 Egzamin\u00f3w Zawodowych (WEZ)<\/li>\n\n\n\n<li>Wydzia\u0142 Organizacyjno-Administracyjny (WOA), w sk\u0142ad kt\u00f3rego wchodz\u0105:\n<ul class=\"wp-block-list\">\n<li>Zesp\u00f3\u0142 Administracyjno-Gospodarczy (ZAG)<\/li>\n\n\n\n<li>Zesp\u00f3\u0142 Informatyk\u00f3w (ZI)<\/li>\n\n\n\n<li>Pracownia Analiz Wynik\u00f3w Egzaminacyjnych (PAWE)<\/li>\n\n\n\n<li>Zesp\u00f3\u0142 do spraw Kadrowych (ZK)<\/li>\n<\/ul>\n<\/li>\n\n\n\n<li>Wydzia\u0142 Finansowo-Ksi\u0119gowy (WFK)<\/li>\n\n\n\n<li>Samodzielne stanowiska pracy:\n<ul class=\"wp-block-list\">\n<li>Radca Prawny (RP)<\/li>\n\n\n\n<li>Pe\u0142nomocnik do spraw ochrony informacji niejawnych (POIN)<\/li>\n\n\n\n<li>Inspektor Ochrony Danych (IOD)<\/li>\n<\/ul>\n<\/li>\n<\/ol>\n\n\n<div class=\"wp-block-image\">\n<figure class=\"alignleft size-large\"><img loading=\"lazy\" decoding=\"async\" width=\"1024\" height=\"576\" src=\"https:\/\/oke.jaworzno.pl\/www3\/wp-content\/uploads\/2020\/03\/strukturaOKE-2-1024x576.png\" alt=\"Struktura OKE w Jaworznie\" class=\"wp-image-1249\" srcset=\"https:\/\/oke.jaworzno.pl\/www3\/wp-content\/uploads\/2020\/03\/strukturaOKE-2-1024x576.png 1024w, https:\/\/oke.jaworzno.pl\/www3\/wp-content\/uploads\/2020\/03\/strukturaOKE-2-300x169.png 300w, https:\/\/oke.jaworzno.pl\/www3\/wp-content\/uploads\/2020\/03\/strukturaOKE-2-768x432.png 768w, https:\/\/oke.jaworzno.pl\/www3\/wp-content\/uploads\/2020\/03\/strukturaOKE-2-520x293.png 520w, https:\/\/oke.jaworzno.pl\/www3\/wp-content\/uploads\/2020\/03\/strukturaOKE-2.png 1280w\" sizes=\"auto, (max-width: 1024px) 100vw, 1024px\" \/><\/figure><\/div><div class=\"pdfprnt-buttons pdfprnt-buttons-page pdfprnt-bottom-left\"><a href=\"https:\/\/oke.jaworzno.pl\/www3\/wp-json\/wp\/v2\/pages\/207?print=pdf\" class=\"pdfprnt-button pdfprnt-button-pdf\" target=\"_blank\" ><span class=\"pdfprnt-button-title pdfprnt-button-pdf-title\">Wersja do druku<\/span><\/a><\/div>","protected":false},"excerpt":{"rendered":"","protected":false},"author":1,"featured_media":0,"parent":62,"menu_order":0,"comment_status":"closed","ping_status":"closed","template":"","meta":{"_editorskit_title_hidden":false,"_editorskit_reading_time":0,"_editorskit_is_block_options_detached":false,"_editorskit_block_options_position":"{}","footnotes":""},"class_list":["post-207","page","type-page","status-publish","hentry"],"publishpress_future_workflow_manual_trigger":{"enabledWorkflows":[]},"_links":{"self":[{"href":"https:\/\/oke.jaworzno.pl\/www3\/wp-json\/wp\/v2\/pages\/207","targetHints":{"allow":["GET"]}}],"collection":[{"href":"https:\/\/oke.jaworzno.pl\/www3\/wp-json\/wp\/v2\/pages"}],"about":[{"href":"https:\/\/oke.jaworzno.pl\/www3\/wp-json\/wp\/v2\/types\/page"}],"author":[{"embeddable":true,"href":"https:\/\/oke.jaworzno.pl\/www3\/wp-json\/wp\/v2\/users\/1"}],"replies":[{"embeddable":true,"href":"https:\/\/oke.jaworzno.pl\/www3\/wp-json\/wp\/v2\/comments?post=207"}],"version-history":[{"count":0,"href":"https:\/\/oke.jaworzno.pl\/www3\/wp-json\/wp\/v2\/pages\/207\/revisions"}],"up":[{"embeddable":true,"href":"https:\/\/oke.jaworzno.pl\/www3\/wp-json\/wp\/v2\/pages\/62"}],"wp:attachment":[{"href":"https:\/\/oke.jaworzno.pl\/www3\/wp-json\/wp\/v2\/media?parent=207"}],"curies":[{"name":"wp","href":"https:\/\/api.w.org\/{rel}","templated":true}]}}