{"id":21,"date":"2019-11-14T14:39:10","date_gmt":"2019-11-14T13:39:10","guid":{"rendered":"http:\/\/oke-jaworzno.home.pl\/autoinstalator\/wordpressplugins\/?page_id=21"},"modified":"2025-03-06T13:24:07","modified_gmt":"2025-03-06T12:24:07","slug":"eo","status":"publish","type":"page","link":"https:\/\/oke.jaworzno.pl\/www3\/eo\/","title":{"rendered":"Egzamin \u00d3smoklasisty &#8211; informacje"},"content":{"rendered":"\n<p>Szczeg\u00f3\u0142owe informacje o zasadach przeprowadzania egzaminu \u00f3smoklasisty s\u0105 dost\u0119pne <a href=\"http:\/\/cke.gov.pl\/images\/_EGZAMIN_OSMOKLASISTY\/Informatory\/2025\/20250131%20Informator%20Cz%C4%99%C5%9B%C4%87%20og%C3%B3lna%20E8%20od%202025.pdf\" class=\"ek-link\">tutaj<\/a>. Poni\u017cej podano informacje najwa\u017cniejsze.<\/p>\n\n\n\n<p>Od 2025 r. egzamin \u00f3smoklasisty obejmuje wiadomo\u015bci i umiej\u0119tno\u015bci okre\u015blone wymaganiach og\u00f3lnych<br>i szczeg\u00f3\u0142owych podstawy programowej kszta\u0142cenia og\u00f3lnego dla trzech przedmiot\u00f3w egzaminacyjnych, tj. j\u0119zyka polskiego, matematyki i j\u0119zyka obcego nowo\u017cytnego.<\/p>\n\n\n\n<p>Do egzaminu \u00f3smoklasisty przyst\u0119puj\u0105:<\/p>\n\n\n\n<ul class=\"wp-block-list\">\n<li>uczniowie VIII klasy szko\u0142y podstawowej<\/li>\n\n\n\n<li>uczniowie szk\u00f3\u0142 artystycznych realizuj\u0105cych kszta\u0142cenie og\u00f3lne w zakresie szko\u0142y podstawowej \u2013 w klasie, kt\u00f3rej zakres nauczania odpowiada klasie VIII szko\u0142y podstawowej.<\/li>\n<\/ul>\n\n\n\n<p>Egzamin \u00f3smoklasisty jest egzaminem obowi\u0105zkowym, co oznacza, \u017ce ka\u017cdy ucze\u0144 musi do niego przyst\u0105pi\u0107, aby uko\u0144czy\u0107 szko\u0142\u0119. Nie jest okre\u015blony minimalny wynik, jaki ucze\u0144 powinien uzyska\u0107, dlatego egzaminu \u00f3smoklasisty nie mo\u017cna nie zda\u0107.<\/p>\n\n\n\n<p>Egzamin \u00f3smoklasisty jest przeprowadzany w formie pisemnej.<\/p>\n\n\n\n<p>\u00d3smoklasista przyst\u0119puje do egzaminu z trzech przedmiot\u00f3w obowi\u0105zkowych, tj.:<\/p>\n\n\n\n<ol class=\"wp-block-list\">\n<li>j\u0119zyka polskiego<\/li>\n\n\n\n<li>matematyki<\/li>\n\n\n\n<li>j\u0119zyka obcego nowo\u017cytnego.<\/li>\n<\/ol>\n\n\n\n<p>\u00d3smoklasista przyst\u0119puje do egzaminu z jednego z nast\u0119puj\u0105cych j\u0119zyk\u00f3w obcych nowo\u017cytnych: angielskiego, francuskiego, hiszpa\u0144skiego, niemieckiego, rosyjskiego lub w\u0142oskiego. Ucze\u0144 mo\u017ce wybra\u0107 tylko ten j\u0119zyk, kt\u00f3rego uczy si\u0119 w szkole w ramach obowi\u0105zkowych zaj\u0119\u0107 edukacyjnych.<\/p>\n\n\n\n<h3 class=\"wp-block-heading\"><strong>Przebieg egzaminu \u00f3smoklasisty<\/strong><\/h3>\n\n\n\n<p>Egzamin \u00f3smoklasisty odbywa si\u0119 w maju. Ucze\u0144, kt\u00f3ry z przyczyn losowych lub zdrowotnych nie \u200eprzyst\u0105pi do egzaminu w tym terminie, przyst\u0119puje do niego w czerwcu.\u200e<\/p>\n\n\n\n<p>Egzamin \u00f3smoklasisty jest przeprowadzany przez trzy kolejne dni:<\/p>\n\n\n\n<ol class=\"wp-block-list\">\n<li>pierwszego dnia \u2013 egzamin z j\u0119zyka polskiego, kt\u00f3ry trwa 150 minut<\/li>\n\n\n\n<li>drugiego dnia \u2013 egzamin z matematyki, kt\u00f3ry trwa 125 minut<\/li>\n\n\n\n<li>trzeciego dnia \u2013 egzamin z j\u0119zyka obcego nowo\u017cytnego, kt\u00f3ry trwa 110 minut.<\/li>\n<\/ol>\n\n\n\n<p>Na egzamin ucze\u0144 przynosi ze sob\u0105 wy\u0142\u0105cznie przybory do pisania: pi\u00f3ro lub d\u0142ugopis \u200ez czarnym tuszem\/atramentem, a w przypadku egzaminu z matematyki r\u00f3wnie\u017c linijk\u0119. \u200e<\/p>\n\n\n\n<p>Na egzaminie nie mo\u017cna korzysta\u0107 z kalkulatora oraz s\u0142ownik\u00f3w. Nie wolno tak\u017ce wnosi\u0107 do sali egzaminacyjnej urz\u0105dze\u0144 telekomunikacyjnych lub korzysta\u0107 z takich urz\u0105dze\u0144 w tej sali.<\/p>\n\n\n\n<h2 class=\"wp-block-heading\">Zadania na egzaminie \u00f3smoklasisty<\/h2>\n\n\n\n<p>W arkuszu egzaminacyjnym \u200ez ka\u017cdego przedmiotu znajd\u0105 si\u0119 zar\u00f3wno zadania \u200ezamkni\u0119te (tj. takie, w kt\u00f3rych ucze\u0144 wybiera jedn\u0105 odpowied\u017a z kilku podanych), jak i zadania otwarte (tj. takie, w kt\u00f3rych ucze\u0144 samodzielnie formu\u0142uje odpowied\u017a). \u200e<\/p>\n\n\n\n<p>Przyk\u0142adowe zadania wraz z rozwi\u0105zaniami mo\u017cna znale\u017a\u0107 w informatorach o egzaminie \u00f3smoklasisty z poszczeg\u00f3lnych przedmiot\u00f3w, w przyk\u0142adowych arkuszach egzaminacyjnych, w arkuszach z egzamin\u00f3w pr\u00f3bnych, w zestawach powt\u00f3rzeniowych zada\u0144 egzaminacyjnych oraz w arkuszach wykorzystanych do przeprowadzenia egzaminu \u00f3smoklasisty w latach 2019\u20132024.<\/p>\n\n\n\n<h2 class=\"wp-block-heading\">Wyniki i za\u015bwiadczenia<\/h2>\n\n\n\n<p>W 2025 r. uczniowie poznaj\u0105 swoje wyniki i otrzymaj\u0105 za\u015bwiadczenia o szczeg\u00f3\u0142owych \u200ewynikach egzaminu \u00f3smoklasisty 4 lipca. Na za\u015bwiadczeniu podany b\u0119dzie wynik procentowy oraz wynik na skali \u200ecentylowej dla egzaminu z ka\u017cdego przedmiotu.<\/p>\n\n\n\n<p>Wynik procentowy to odsetek punkt\u00f3w (zaokr\u0105glony do liczby ca\u0142kowitej), kt\u00f3re ucze\u0144 \u200ezdoby\u0142 za zadania z danego przedmiotu.<\/p>\n\n\n\n<p>Wynik centylowy to odsetek liczby \u00f3smoklasist\u00f3w (zaokr\u0105glony do liczby ca\u0142kowitej), kt\u00f3rzy \u200euzyskali z egzaminu z danego przedmiotu wynik taki sam lub ni\u017cszy ni\u017c zdaj\u0105cy.<\/p>\n\n\n\n<p>Na przyk\u0142ad ucze\u0144, kt\u00f3ry z j\u0119zyka polskiego uzyska\u0142 78% punkt\u00f3w mo\u017cliwych do zdobycia \u200e\u200e(wynik procentowy), dowie si\u0119 z za\u015bwiadczenia, \u017ce wynik taki sam lub ni\u017cszy uzyska\u0142o \u200e\u200e73% wszystkich zdaj\u0105cych (wynik centylowy), co oznacza, \u017ce wynik wy\u017cszy uzyska\u0142o \u200e\u200e27% zdaj\u0105cych. Wynik centylowy umo\u017cliwia por\u00f3wnanie swojego wyniku z wynikami \u200euczni\u00f3w w ca\u0142ym kraju.<\/p>\n\n\n\n<p>Wyniki egzaminacyjne s\u0105 ostateczne i nie mog\u0105 by\u0107 podwa\u017cone na drodze s\u0105dowej.\u200e<\/p>\n\n\n\n<h2 class=\"wp-block-heading\">Informacje dodatkowe<\/h2>\n\n\n\n<h3 class=\"wp-block-heading\">EGZAMIN \u00d3SMOKLASISTY W J\u0118ZYKU MNIEJSZO\u015aCI NARODOWEJ, MNIEJSZO\u015aCI ETNICZNEJ \u200eI J\u0118ZYKU REGIONALNYM<\/h3>\n\n\n\n<p>Uczniowie szk\u00f3\u0142 lub oddzia\u0142\u00f3w, w kt\u00f3rych zaj\u0119cia s\u0105 prowadzone w j\u0119zyku mniejszo\u015bci \u200enarodowej, j\u0119zyku mniejszo\u015bci etnicznej lub j\u0119zyku regionalnym, rozwi\u0105zuj\u0105 zadania \u200ez matematyki w j\u0119zyku polskim albo w j\u0119zyku danej mniejszo\u015bci narodowej, mniejszo\u015bci \u200eetnicznej lub w j\u0119zyku regionalnym. Stosown\u0105 deklaracj\u0119 rodzice (prawni opiekunowie) \u200eucznia sk\u0142adaj\u0105 do 30 wrze\u015bnia roku szkolnego, w kt\u00f3rym jest przeprowadzany egzamin.\u200e<\/p>\n\n\n\n<h3 class=\"wp-block-heading\">\u200eEGZAMIN \u00d3SMOKLASISTY Z J\u0118ZYKA OBCEGO NOWO\u017bYTNEGO<\/h3>\n\n\n\n<p>Rodzice (prawni opiekunowie) ucznia nie p\u00f3\u017aniej ni\u017c do 30 wrze\u015bnia roku szkolnego, \u200ew kt\u00f3rym jest przeprowadzany egzamin, sk\u0142adaj\u0105 dyrektorowi szko\u0142y pisemn\u0105 deklaracj\u0119 \u200eo przyst\u0105pieniu ucznia do egzaminu z jednego z j\u0119zyk\u00f3w obcych nowo\u017cytnych, \u200ekt\u00f3rego ucze\u0144 uczy si\u0119 w szkole jako przedmiotu obowi\u0105zkowego. Osoby \u200epe\u0142noletnie sk\u0142adaj\u0105 tak\u0105 deklaracj\u0119 samodzielnie.\u200e<\/p>\n\n\n\n<h3 class=\"wp-block-heading\">UPRAWNIENIA LAUREAT\u00d3W I FINALIST\u00d3W KONKURS\u00d3W<\/h3>\n\n\n\n<p>Ucze\u0144, kt\u00f3ry jest laureatem lub finalist\u0105 olimpiady przedmiotowej wymienionej w wykazie olimpiad lub laureatem konkursu \u200eprzedmiotowego o zasi\u0119gu wojew\u00f3dzkim lub ponadwojew\u00f3dzkim, organizowanych \u200ez zakresu jednego z przedmiot\u00f3w obj\u0119tych egzaminem \u00f3smoklasisty, jest zwolniony \u200ez egzaminu z danego przedmiotu. Zwolnienie jest r\u00f3wnoznaczne z uzyskaniem \u200ez przedmiotu najwy\u017cszego wyniku.\u200e<\/p>\n\n\n\n<h3 class=\"wp-block-heading\">\u200eUPRAWNIENIA UCZNI\u00d3W ZE SPECJALNYMI POTRZEBAMI EDUKACYJNYMI<\/h3>\n\n\n\n<p>Uczniowie ze specjalnymi potrzebami edukacyjnymi, w tym uczniowie niepe\u0142nosprawni, \u200eniedostosowani spo\u0142ecznie oraz zagro\u017ceni niedostosowaniem spo\u0142ecznym, uczniowie, o kt\u00f3rych mowa w art. 165 ust. 1 ustawy z dnia 14 grudnia 2016 r. <em>Prawo o\u015bwiatowe<\/em> (cudzoziemcy),&nbsp;oraz uczniowie \u2013 obywatele Ukrainy przyst\u0119puj\u0105 do \u200eegzaminu \u00f3smoklasisty w warunkach i\/lub formach dostosowanych do ich potrzeb. Szczeg\u00f3\u0142owe \u200einformacje dotycz\u0105ce dostosowa\u0144 s\u0105 og\u0142aszane w komunikacie o dostosowaniach.<\/p>\n<div class=\"pdfprnt-buttons pdfprnt-buttons-page pdfprnt-bottom-left\"><a href=\"https:\/\/oke.jaworzno.pl\/www3\/wp-json\/wp\/v2\/pages\/21?print=pdf\" class=\"pdfprnt-button pdfprnt-button-pdf\" target=\"_blank\" ><span class=\"pdfprnt-button-title pdfprnt-button-pdf-title\">Wersja do druku<\/span><\/a><\/div>","protected":false},"excerpt":{"rendered":"<p>Szczeg\u00f3\u0142owe informacje o zasadach przeprowadzania egzaminu \u00f3smoklasisty s\u0105 dost\u0119pne tutaj. Poni\u017cej podano informacje najwa\u017cniejsze. Od 2025 r. egzamin \u00f3smoklasisty obejmuje&#46;&#46;&#46;<\/p>\n","protected":false},"author":1,"featured_media":0,"parent":0,"menu_order":0,"comment_status":"closed","ping_status":"closed","template":"","meta":{"_editorskit_title_hidden":false,"_editorskit_reading_time":3,"_editorskit_is_block_options_detached":false,"_editorskit_block_options_position":"{}","footnotes":""},"class_list":["post-21","page","type-page","status-publish","hentry"],"publishpress_future_workflow_manual_trigger":{"enabledWorkflows":[]},"_links":{"self":[{"href":"https:\/\/oke.jaworzno.pl\/www3\/wp-json\/wp\/v2\/pages\/21","targetHints":{"allow":["GET"]}}],"collection":[{"href":"https:\/\/oke.jaworzno.pl\/www3\/wp-json\/wp\/v2\/pages"}],"about":[{"href":"https:\/\/oke.jaworzno.pl\/www3\/wp-json\/wp\/v2\/types\/page"}],"author":[{"embeddable":true,"href":"https:\/\/oke.jaworzno.pl\/www3\/wp-json\/wp\/v2\/users\/1"}],"replies":[{"embeddable":true,"href":"https:\/\/oke.jaworzno.pl\/www3\/wp-json\/wp\/v2\/comments?post=21"}],"version-history":[{"count":2,"href":"https:\/\/oke.jaworzno.pl\/www3\/wp-json\/wp\/v2\/pages\/21\/revisions"}],"predecessor-version":[{"id":8709,"href":"https:\/\/oke.jaworzno.pl\/www3\/wp-json\/wp\/v2\/pages\/21\/revisions\/8709"}],"wp:attachment":[{"href":"https:\/\/oke.jaworzno.pl\/www3\/wp-json\/wp\/v2\/media?parent=21"}],"curies":[{"name":"wp","href":"https:\/\/api.w.org\/{rel}","templated":true}]}}