{"id":3009,"date":"2020-08-21T09:50:43","date_gmt":"2020-08-21T07:50:43","guid":{"rendered":"https:\/\/oke.jaworzno.pl\/www3\/?page_id=3009"},"modified":"2025-12-11T08:02:18","modified_gmt":"2025-12-11T07:02:18","slug":"zadania-jawne","status":"publish","type":"page","link":"https:\/\/oke.jaworzno.pl\/www3\/ez\/formula-2019\/zadania-jawne\/","title":{"rendered":"Zadania jawne"},"content":{"rendered":"\n<ul class=\"wp-block-list\">\n<li><a href=\"http:\/\/cke.gov.pl\/images\/_KOMUNIKATY\/9.%202026_PP2019_JAWNE.pdf\">Komunikat w sprawie zada\u0144 jawnych \u2013 egzamin zawodowy \u2013 FORMU\u0141A 2019 \u2013 przeprowadzany w roku szkolnym 2025\/2026<\/a><\/li>\n\n\n\n<li><a href=\"http:\/\/cke.gov.pl\/egzamin-zawodowy\/egzamin-zawodowy-formula-2019\/jawne-zadania-egzaminacyjne-czesc-praktyczna\/zadania-egzaminacyjne-ktore-beda-mogly-byc-wykorzystane-do-przeprowadzania-czesci-praktycznej-egzaminu-zawodowego\/\">Zadania egzaminacyjne, kt\u00f3re b\u0119d\u0105 mog\u0142y by\u0107 wykorzystane do przeprowadzenia cz\u0119\u015bci praktycznej egzaminu zawodowego<\/a><\/li>\n\n\n\n<li><a href=\"http:\/\/cke.gov.pl\/egzamin-zawodowy\/egzamin-zawodowy-formula-2019\/jawne-zadania-egzaminacyjne-czesc-praktyczna\/zadania-egzaminacyjne-jawne-wskazane-na-sesje-2026-zima\/\">Zadania egzaminacyjne jawne wskazane na sesj\u0119 2026 ZIMA<\/a><\/li>\n<\/ul>\n\n\n\n<p><\/p>\n<div class=\"pdfprnt-buttons pdfprnt-buttons-page pdfprnt-bottom-left\"><a href=\"https:\/\/oke.jaworzno.pl\/www3\/wp-json\/wp\/v2\/pages\/3009?print=pdf\" class=\"pdfprnt-button pdfprnt-button-pdf\" target=\"_blank\" ><span class=\"pdfprnt-button-title pdfprnt-button-pdf-title\">Wersja do druku<\/span><\/a><\/div>","protected":false},"excerpt":{"rendered":"","protected":false},"author":6,"featured_media":0,"parent":626,"menu_order":3,"comment_status":"closed","ping_status":"closed","template":"","meta":{"_editorskit_title_hidden":false,"_editorskit_reading_time":1,"_editorskit_is_block_options_detached":false,"_editorskit_block_options_position":"{}","footnotes":""},"class_list":["post-3009","page","type-page","status-publish","hentry"],"publishpress_future_workflow_manual_trigger":{"enabledWorkflows":[]},"_links":{"self":[{"href":"https:\/\/oke.jaworzno.pl\/www3\/wp-json\/wp\/v2\/pages\/3009","targetHints":{"allow":["GET"]}}],"collection":[{"href":"https:\/\/oke.jaworzno.pl\/www3\/wp-json\/wp\/v2\/pages"}],"about":[{"href":"https:\/\/oke.jaworzno.pl\/www3\/wp-json\/wp\/v2\/types\/page"}],"author":[{"embeddable":true,"href":"https:\/\/oke.jaworzno.pl\/www3\/wp-json\/wp\/v2\/users\/6"}],"replies":[{"embeddable":true,"href":"https:\/\/oke.jaworzno.pl\/www3\/wp-json\/wp\/v2\/comments?post=3009"}],"version-history":[{"count":2,"href":"https:\/\/oke.jaworzno.pl\/www3\/wp-json\/wp\/v2\/pages\/3009\/revisions"}],"predecessor-version":[{"id":9303,"href":"https:\/\/oke.jaworzno.pl\/www3\/wp-json\/wp\/v2\/pages\/3009\/revisions\/9303"}],"up":[{"embeddable":true,"href":"https:\/\/oke.jaworzno.pl\/www3\/wp-json\/wp\/v2\/pages\/626"}],"wp:attachment":[{"href":"https:\/\/oke.jaworzno.pl\/www3\/wp-json\/wp\/v2\/media?parent=3009"}],"curies":[{"name":"wp","href":"https:\/\/api.w.org\/{rel}","templated":true}]}}