{"id":3507,"date":"2020-12-28T09:43:26","date_gmt":"2020-12-28T08:43:26","guid":{"rendered":"https:\/\/oke.jaworzno.pl\/www3\/?page_id=3507"},"modified":"2026-03-11T08:08:29","modified_gmt":"2026-03-11T07:08:29","slug":"sioeo-em","status":"publish","type":"page","link":"https:\/\/oke.jaworzno.pl\/www3\/egzamin-maturalny\/sioeo-em\/","title":{"rendered":"SIOEO &#8211; egzamin maturalny"},"content":{"rendered":"\n<p>Dane osobowe uczni\u00f3w zalecamy wprowadzi\u0107 korzystaj\u0105c z funkcjonalno\u015bci<strong>&nbsp;importu danych<\/strong>&nbsp;<strong>z SIO<\/strong>. Jest mo\u017cliwe tylko wtedy, gdy w SIO zg\u0142oszono uczni\u00f3w do egzaminu. Wprowadzanie danych zdaj\u0105cych do SIOEO do sesji g\u0142\u00f3wnej Maj 2023 b\u0119dzie mo\u017cliwe do 15 lutego 2023 r.<\/p>\n\n\n\n<ul class=\"wp-block-list\">\n<li><a href=\"https:\/\/sioeo.ksdo.gov.pl\/\">Wej\u015bcie do systemu<\/a><\/li>\n\n\n\n<li><a href=\"https:\/\/oke.jaworzno.pl\/www3\/wp-content\/uploads\/em\/2021\/Schemat_sioeo_em.pdf\" class=\"ek-link\">Schemat przekazania danych do SIOEO<\/a><\/li>\n\n\n\n<li><a href=\"https:\/\/pomoc.ksdo.gov.pl\/download\/attachments\/65611\/Zbi%C3%B3r%20instrukcji%20dla%20u%C5%BCytkownik%C3%B3w%20systemu%20SIOEO%20-%20egzamin%20maturalny.pdf?api=v2\" class=\"ek-link\">Zbi\u00f3r instrukcji dla u\u017cytkownik\u00f3w systemu SIOEO<\/a><\/li>\n<\/ul>\n\n\n\n<p class=\"has-black-color has-text-color has-background\" style=\"background-color:#cceafca8\"><a rel=\"noreferrer noopener\" href=\"https:\/\/pomoc.ksdo.gov.pl\/pages\/viewpageattachments.action?pageId=65611&amp;preview=\/65611\/48046471\/Zbi%C3%B3r%20instrukcji%20dotycz%C4%85cych%20sk%C5%82adania%20oraz%20przyjmowania%20e-deklaracji%20w%20systemach%20ZIU%20oraz%20SIOEO.pdf\" target=\"_blank\">Instrukcje sk\u0142adania i przyjmowania e-deklaracji<\/a><\/p>\n\n\n\n<p class=\"has-background\" style=\"background-color:#eeeeee\"><a href=\"https:\/\/oke.jaworzno.pl\/www3\/wp-content\/uploads\/em\/2021\/SIOEO_zbior_pytan.pdf\" class=\"ek-link\">Zbi\u00f3r pyta\u0144 i odpowiedzi dotycz\u0105cych systemu SIOEO<\/a><\/p>\n\n\n\n<h4 class=\"wp-block-heading\"><strong>Najcz\u0119stsze problemy i b\u0142\u0119dy zwi\u0105zane ze zg\u0142oszeniami i egzaminem:<\/strong><\/h4>\n\n\n\n<div class=\"wp-block-pb-accordion-item c-accordion__item js-accordion-item no-js\" data-initially-open=\"false\" data-click-to-close=\"true\" data-auto-close=\"true\" data-scroll=\"false\" data-scroll-offset=\"0\"><h3 id=\"at-35070\" class=\"c-accordion__title js-accordion-controller\" role=\"button\">Brak zg\u0142oszenia laureata \/ finalisty w SIOEO<\/h3><div id=\"ac-35070\" class=\"c-accordion__content\">\n<p>Zamiast oznaczy\u0107 jako laureat\/finalista, zdaj\u0105cy jest oznaczony jako Nieobecny w protokole zbiorczym. Osoba nieobecna nie otrzyma wyniku. Jak zg\u0142osi\u0107 laureata\/finalist\u0119: strona 72 <a href=\"https:\/\/pomoc.ksdo.gov.pl\/download\/attachments\/65611\/Zbi%C3%B3r%20instrukcji%20dla%20u%C5%BCytkownik%C3%B3w%20systemu%20SIOEO%20-%20egzamin%20maturalny.pdf?api=v2\" class=\"ek-link\">instrukcji<\/a>.<\/p>\n<\/div><\/div>\n\n\n\n<div class=\"wp-block-pb-accordion-item c-accordion__item js-accordion-item no-js\" data-initially-open=\"false\" data-click-to-close=\"true\" data-auto-close=\"true\" data-scroll=\"false\" data-scroll-offset=\"0\"><h3 id=\"at-35071\" class=\"c-accordion__title js-accordion-controller\" role=\"button\">\u0179le rozdane arkusze na egzaminie<\/h3><div id=\"ac-35071\" class=\"c-accordion__content\">\n<p>Ka\u017cdy ucze\u0144 powinien pisa\u0107 na arkuszu, kt\u00f3ry wynika z jego dostosowa\u0144. \u0179le wydany arkusz mo\u017ce prowadzi\u0107 do uniewa\u017cnienia egzaminu.  <\/p>\n<\/div><\/div>\n\n\n\n<div class=\"wp-block-pb-accordion-item c-accordion__item js-accordion-item no-js\" data-initially-open=\"false\" data-click-to-close=\"true\" data-auto-close=\"true\" data-scroll=\"false\" data-scroll-offset=\"0\"><h3 id=\"at-35072\" class=\"c-accordion__title js-accordion-controller\" role=\"button\">\u0179le rozdane naklejki z kodami paskowymi<\/h3><div id=\"ac-35072\" class=\"c-accordion__content\">\n<p>Naklejki, kt\u00f3re przesy\u0142amy do szk\u00f3\u0142 zawieraj\u0105 zakodowany PESEL. Pomy\u0142ka przy rozdaniu naklejek mo\u017ce spowodowa\u0107, \u017ce ucze\u0144 otrzyma nie sw\u00f3j wynik.<\/p>\n<\/div><\/div>\n\n\n\n<div class=\"wp-block-pb-accordion-item c-accordion__item js-accordion-item no-js\" data-initially-open=\"false\" data-click-to-close=\"true\" data-auto-close=\"true\" data-scroll=\"true\" data-scroll-offset=\"100\"><h3 id=\"at-35073\" class=\"c-accordion__title js-accordion-controller\" role=\"button\">Niewype\u0142nione \/ \u017ale wype\u0142nione protoko\u0142y zbiorcze<\/h3><div id=\"ac-35073\" class=\"c-accordion__content\">\n<p>Jak z\u0142o\u017cy\u0107 protok\u00f3\u0142? Strona 117 <a href=\"https:\/\/pomoc.ksdo.gov.pl\/download\/attachments\/65611\/Zbi%C3%B3r%20instrukcji%20dla%20u%C5%BCytkownik%C3%B3w%20systemu%20SIOEO%20-%20egzamin%20maturalny.pdf?api=v2\" class=\"ek-link\">instrukcji<\/a>.<\/p>\n<\/div><\/div>\n\n\n\n<div class=\"wp-block-pb-accordion-item c-accordion__item js-accordion-item no-js\" data-initially-open=\"false\" data-click-to-close=\"true\" data-auto-close=\"true\" data-scroll=\"true\" data-scroll-offset=\"100\"><h3 id=\"at-35074\" class=\"c-accordion__title js-accordion-controller\" role=\"button\">Zdaj\u0105cy nie otrzymali danych do konta ZIU<\/h3><div id=\"ac-35074\" class=\"c-accordion__content\">\n<p>Aby wydrukowa\u0107 zdaj\u0105cym dane do logowania do systemu ZIU nale\u017cy: post\u0119powa\u0107 zgodnie z <a href=\"https:\/\/pomoc.ksdo.gov.pl\/download\/attachments\/65611\/Zbi%C3%B3r%20instrukcji%20dla%20u%C5%BCytkownik%C3%B3w%20systemu%20SIOEO%20-%20egzamin%20maturalny.pdf?api=v2\" class=\"ek-link\">instrukcj\u0105<\/a> od strony 126<\/p>\n<\/div><\/div>\n\n\n\n<div class=\"wp-block-pb-accordion-item c-accordion__item js-accordion-item no-js\" data-initially-open=\"false\" data-click-to-close=\"true\" data-auto-close=\"true\" data-scroll=\"true\" data-scroll-offset=\"100\"><h3 id=\"at-35075\" class=\"c-accordion__title js-accordion-controller\" role=\"button\">Niewybrana sesja \/ niepoprawna sesja w SIOEO<\/h3><div id=\"ac-35075\" class=\"c-accordion__content\">\n<p>Aby zmieni\u0107 sesj\u0119 w SIOEO, nale\u017cy po zalogowaniu, klikn\u0105\u0107 na nazw\u0119 szko\u0142y na granatowym pasku w bia\u0142ej ramce, aby wybra\u0107 w\u0142a\u015bciwy podmiot oraz sesj\u0119 egzaminacyjn\u0105, a nast\u0119pnie zatwierdzi\u0107 dane, klikaj\u0105c na przycisk Prze\u0142\u0105cz.<\/p>\n\n\n\n<figure class=\"wp-block-image size-large is-resized caption-align-left\"><img decoding=\"async\" src=\"https:\/\/oke.jaworzno.pl\/www3\/wp-content\/uploads\/images\/instr_sesja-1024x455.jpg\" alt=\"zmiana_sesji_w_sioeo\" class=\"wp-image-5035\" style=\"width:712px;height:316px\"\/><figcaption class=\"wp-element-caption\">Zmiana podmiotu i sesji w SIOEO<\/figcaption><\/figure>\n<\/div><\/div>\n<div class=\"pdfprnt-buttons pdfprnt-buttons-page pdfprnt-bottom-left\"><a href=\"https:\/\/oke.jaworzno.pl\/www3\/wp-json\/wp\/v2\/pages\/3507?print=pdf\" class=\"pdfprnt-button pdfprnt-button-pdf\" target=\"_blank\" ><span class=\"pdfprnt-button-title pdfprnt-button-pdf-title\">Wersja do druku<\/span><\/a><\/div>","protected":false},"excerpt":{"rendered":"<p>Dane osobowe uczni\u00f3w zalecamy wprowadzi\u0107 korzystaj\u0105c z funkcjonalno\u015bci&nbsp;importu danych&nbsp;z SIO. Jest mo\u017cliwe tylko wtedy, gdy w SIO zg\u0142oszono uczni\u00f3w do&#46;&#46;&#46;<\/p>\n","protected":false},"author":1,"featured_media":0,"parent":6038,"menu_order":0,"comment_status":"closed","ping_status":"closed","template":"","meta":{"_editorskit_title_hidden":false,"_editorskit_reading_time":1,"_editorskit_is_block_options_detached":false,"_editorskit_block_options_position":"{}","footnotes":""},"class_list":["post-3507","page","type-page","status-publish","hentry"],"publishpress_future_workflow_manual_trigger":{"enabledWorkflows":[]},"_links":{"self":[{"href":"https:\/\/oke.jaworzno.pl\/www3\/wp-json\/wp\/v2\/pages\/3507","targetHints":{"allow":["GET"]}}],"collection":[{"href":"https:\/\/oke.jaworzno.pl\/www3\/wp-json\/wp\/v2\/pages"}],"about":[{"href":"https:\/\/oke.jaworzno.pl\/www3\/wp-json\/wp\/v2\/types\/page"}],"author":[{"embeddable":true,"href":"https:\/\/oke.jaworzno.pl\/www3\/wp-json\/wp\/v2\/users\/1"}],"replies":[{"embeddable":true,"href":"https:\/\/oke.jaworzno.pl\/www3\/wp-json\/wp\/v2\/comments?post=3507"}],"version-history":[{"count":1,"href":"https:\/\/oke.jaworzno.pl\/www3\/wp-json\/wp\/v2\/pages\/3507\/revisions"}],"predecessor-version":[{"id":9445,"href":"https:\/\/oke.jaworzno.pl\/www3\/wp-json\/wp\/v2\/pages\/3507\/revisions\/9445"}],"up":[{"embeddable":true,"href":"https:\/\/oke.jaworzno.pl\/www3\/wp-json\/wp\/v2\/pages\/6038"}],"wp:attachment":[{"href":"https:\/\/oke.jaworzno.pl\/www3\/wp-json\/wp\/v2\/media?parent=3507"}],"curies":[{"name":"wp","href":"https:\/\/api.w.org\/{rel}","templated":true}]}}