{"id":3761,"date":"2021-02-15T14:48:50","date_gmt":"2021-02-15T13:48:50","guid":{"rendered":"https:\/\/oke.jaworzno.pl\/www3\/?page_id=3761"},"modified":"2024-01-02T12:44:43","modified_gmt":"2024-01-02T11:44:43","slug":"materialy-dodatkowe-egzamin-maturalny","status":"publish","type":"page","link":"https:\/\/oke.jaworzno.pl\/www3\/egzamin-maturalny\/em2015\/materialy-dodatkowe-egzamin-maturalny\/","title":{"rendered":"Materia\u0142y dodatkowe &#8211; egzamin maturalny w formule 2015"},"content":{"rendered":"\n<ul class=\"wp-block-list\">\n<li><a href=\"https:\/\/oke.jaworzno.pl\/www3\/wp-content\/uploads\/2024\/01\/20220425-E8-Jak-radzic-sobie-ze-stresem-egzaminacyjnym.pdf\" class=\"ek-link\">Jak radzi\u0107 sobie ze stresem egzaminacyjnym? Zalecenia dla \u00f3smoklasist\u00f3w i maturzyst\u00f3w<\/a><\/li>\n\n\n\n<li><a href=\"https:\/\/oke.jaworzno.pl\/www3\/wp-content\/uploads\/2024\/01\/Stres-egzaminacyjny-NARZEDZIOWNIK.pdf\" class=\"ek-link\">Stres egzaminacyjny. NARZ\u0118DZIOWNIK dla \u00f3smoklasisty i maturzysty<\/a><\/li>\n\n\n\n<li><a href=\"https:\/\/oke.jaworzno.pl\/www3\/wp-content\/uploads\/2024\/01\/Stres-egzaminacyjny-PORADNIK-DLA-OSMOKLASISTOW-I-MATURZYSTOW.pdf\" class=\"ek-link\">Stres egzaminacyjny. PORADNIK dla \u00f3smoklasist\u00f3w i maturzyst\u00f3w<\/a> <\/li>\n\n\n\n<li><a href=\"https:\/\/oke.jaworzno.pl\/www3\/wp-content\/uploads\/2024\/01\/Stres-egzaminacyjny-PORADNIK-DLA-RODZICOW.pdf\" class=\"ek-link\">Stres egzaminacyjny. PORADNIK DLA RODZIC\u00d3W<\/a><\/li>\n\n\n\n<li><a href=\"https:\/\/oke.jaworzno.pl\/www3\/wp-content\/uploads\/2024\/01\/Stres-egzaminacyjny-SCENARIUSZE-ZAJEC.pdf\" class=\"ek-link\">Stres egzaminacyjny. SCENARIUSZE lekcji<\/a><\/li>\n<\/ul>\n\n\n\n<p><a href=\"https:\/\/oke.jaworzno.pl\/www3\/2021\/03\/03\/egzamin-maturalny-test-diagnostyczny-marzec-2021\/\" class=\"ek-link\">Egzamin maturalny \u2013 test diagnostyczny \u2013 marzec 2021<\/a><\/p>\n\n\n\n<p><a href=\"https:\/\/cke.gov.pl\/egzamin-maturalny\/egzamin-w-nowej-formule\/materialy-dodatkowe\/karty-wzorow-na-egzamin-z-matematyki-biologii-chemii-i-fizyki\/\" class=\"ek-link\">Karty wzor\u00f3w<\/a><\/p>\n\n\n\n<p><a href=\"https:\/\/oke.jaworzno.pl\/www3\/2020\/04\/02\/probny-egzamin-maturalny-2020-2\/\" class=\"ek-link\">Pr\u00f3bny egzamin maturalny 2020<\/a><\/p>\n\n\n\n<p><a href=\"https:\/\/cke.gov.pl\/egzamin-maturalny\/egzamin-w-nowej-formule\/materialy-dodatkowe\/probny-egzamin\/\" class=\"ek-link\"><\/a><a href=\"https:\/\/cke.gov.pl\/egzamin-maturalny\/egzamin-maturalny-w-formule-2015\/materialy-dodatkowe\/probny-egzamin\/\" class=\"ek-link\">Pr\u00f3bny egzamin<\/a><\/p>\n\n\n\n<p><a href=\"https:\/\/cke.gov.pl\/egzamin-maturalny\/egzamin-maturalny-w-formule-2015\/materialy-dodatkowe\/probny-egzamin\/\" class=\"ek-link\">Przyk\u0142adowe arkusze<\/a><\/p>\n\n\n\n<p><a href=\"https:\/\/cke.gov.pl\/egzamin-maturalny\/egzamin-maturalny-w-formule-2015\/materialy-dodatkowe\/probny-egzamin\/\" class=\"ek-link\">Materia\u0142y dla uczni\u00f3w i nauczycieli<\/a><\/p>\n\n\n\n<p><a href=\"https:\/\/cke.gov.pl\/egzamin-maturalny\/egzamin-maturalny-w-formule-2015\/materialy-dodatkowe\/probny-egzamin\/\" class=\"ek-link\"><\/a><a href=\"https:\/\/cke.gov.pl\/egzamin-maturalny\/egzamin-w-nowej-formule\/materialy-dodatkowe\/opinie\/\" class=\"ek-link\"><\/a><a href=\"https:\/\/cke.gov.pl\/images\/_EGZAMIN_MATURALNY_OD_2015\/Opinie\/KRASP.pdf\" class=\"ek-link\">Opinia Konferencji Rektor\u00f3w Akademickich Szk\u00f3\u0142 Polskich o informatorach maturalnych od 2015 roku<\/a><\/p>\n\n\n\n<p><a href=\"https:\/\/cke.gov.pl\/images\/_EGZAMIN_MATURALNY_OD_2015\/Opinie\/KRASP.pdf\" class=\"ek-link\">Filmy o op\u0142acie za egzamin maturalny 2021 r.<\/a><\/p>\n<div class=\"pdfprnt-buttons pdfprnt-buttons-page pdfprnt-bottom-left\"><a href=\"https:\/\/oke.jaworzno.pl\/www3\/wp-json\/wp\/v2\/pages\/3761?print=pdf\" class=\"pdfprnt-button pdfprnt-button-pdf\" target=\"_blank\" ><span class=\"pdfprnt-button-title pdfprnt-button-pdf-title\">Wersja do druku<\/span><\/a><\/div>","protected":false},"excerpt":{"rendered":"<p>Egzamin maturalny \u2013 test diagnostyczny \u2013 marzec 2021 Karty wzor\u00f3w Pr\u00f3bny egzamin maturalny 2020 Pr\u00f3bny egzamin Przyk\u0142adowe arkusze Materia\u0142y dla&#46;&#46;&#46;<\/p>\n","protected":false},"author":1,"featured_media":0,"parent":22,"menu_order":0,"comment_status":"closed","ping_status":"closed","template":"","meta":{"_editorskit_title_hidden":false,"_editorskit_reading_time":1,"_editorskit_is_block_options_detached":false,"_editorskit_block_options_position":"{}","footnotes":""},"class_list":["post-3761","page","type-page","status-publish","hentry"],"publishpress_future_workflow_manual_trigger":{"enabledWorkflows":[]},"_links":{"self":[{"href":"https:\/\/oke.jaworzno.pl\/www3\/wp-json\/wp\/v2\/pages\/3761","targetHints":{"allow":["GET"]}}],"collection":[{"href":"https:\/\/oke.jaworzno.pl\/www3\/wp-json\/wp\/v2\/pages"}],"about":[{"href":"https:\/\/oke.jaworzno.pl\/www3\/wp-json\/wp\/v2\/types\/page"}],"author":[{"embeddable":true,"href":"https:\/\/oke.jaworzno.pl\/www3\/wp-json\/wp\/v2\/users\/1"}],"replies":[{"embeddable":true,"href":"https:\/\/oke.jaworzno.pl\/www3\/wp-json\/wp\/v2\/comments?post=3761"}],"version-history":[{"count":0,"href":"https:\/\/oke.jaworzno.pl\/www3\/wp-json\/wp\/v2\/pages\/3761\/revisions"}],"up":[{"embeddable":true,"href":"https:\/\/oke.jaworzno.pl\/www3\/wp-json\/wp\/v2\/pages\/22"}],"wp:attachment":[{"href":"https:\/\/oke.jaworzno.pl\/www3\/wp-json\/wp\/v2\/media?parent=3761"}],"curies":[{"name":"wp","href":"https:\/\/api.w.org\/{rel}","templated":true}]}}