{"id":4795,"date":"2021-09-02T12:17:13","date_gmt":"2021-09-02T10:17:13","guid":{"rendered":"https:\/\/oke.jaworzno.pl\/www3\/?page_id=4795"},"modified":"2024-12-16T11:01:16","modified_gmt":"2024-12-16T10:01:16","slug":"podstawa-programowa-egzamin-maturalny-w-formule-2023","status":"publish","type":"page","link":"https:\/\/oke.jaworzno.pl\/www3\/egzamin-maturalny\/em2023\/podstawa-programowa-egzamin-maturalny-w-formule-2023\/","title":{"rendered":"Podstawa programowa \u2013 egzamin maturalny w formule 2023"},"content":{"rendered":"\n<p><strong>Od roku 2025<\/strong> egzamin maturalny w Formule 2023 jest przeprowadzany na podstawie wymaga\u0144 okre\u015blonych w <strong><a href=\"http:\/\/cke.gov.pl\/images\/_EGZAMIN_MATURALNY_OD_2023\/podstawa_programowa\/DU_programowej_2024.pdf\" class=\"ek-link\">wymaganiach og\u00f3lnych i szczeg\u00f3\u0142owych podstawy programowej kszta\u0142cenia og\u00f3lnego z 2024 r.<\/a><\/strong><\/p>\n<div class=\"pdfprnt-buttons pdfprnt-buttons-page pdfprnt-bottom-left\"><a href=\"https:\/\/oke.jaworzno.pl\/www3\/wp-json\/wp\/v2\/pages\/4795?print=pdf\" class=\"pdfprnt-button pdfprnt-button-pdf\" target=\"_blank\" ><span class=\"pdfprnt-button-title pdfprnt-button-pdf-title\">Wersja do druku<\/span><\/a><\/div>","protected":false},"excerpt":{"rendered":"<p>Od roku 2025 egzamin maturalny w Formule 2023 jest przeprowadzany na podstawie wymaga\u0144 okre\u015blonych w wymaganiach og\u00f3lnych i szczeg\u00f3\u0142owych podstawy&#46;&#46;&#46;<\/p>\n","protected":false},"author":1,"featured_media":0,"parent":4793,"menu_order":0,"comment_status":"closed","ping_status":"closed","template":"","meta":{"_editorskit_title_hidden":false,"_editorskit_reading_time":0,"_editorskit_is_block_options_detached":false,"_editorskit_block_options_position":"{}","footnotes":""},"class_list":["post-4795","page","type-page","status-publish","hentry"],"publishpress_future_workflow_manual_trigger":{"enabledWorkflows":[]},"_links":{"self":[{"href":"https:\/\/oke.jaworzno.pl\/www3\/wp-json\/wp\/v2\/pages\/4795","targetHints":{"allow":["GET"]}}],"collection":[{"href":"https:\/\/oke.jaworzno.pl\/www3\/wp-json\/wp\/v2\/pages"}],"about":[{"href":"https:\/\/oke.jaworzno.pl\/www3\/wp-json\/wp\/v2\/types\/page"}],"author":[{"embeddable":true,"href":"https:\/\/oke.jaworzno.pl\/www3\/wp-json\/wp\/v2\/users\/1"}],"replies":[{"embeddable":true,"href":"https:\/\/oke.jaworzno.pl\/www3\/wp-json\/wp\/v2\/comments?post=4795"}],"version-history":[{"count":1,"href":"https:\/\/oke.jaworzno.pl\/www3\/wp-json\/wp\/v2\/pages\/4795\/revisions"}],"predecessor-version":[{"id":8518,"href":"https:\/\/oke.jaworzno.pl\/www3\/wp-json\/wp\/v2\/pages\/4795\/revisions\/8518"}],"up":[{"embeddable":true,"href":"https:\/\/oke.jaworzno.pl\/www3\/wp-json\/wp\/v2\/pages\/4793"}],"wp:attachment":[{"href":"https:\/\/oke.jaworzno.pl\/www3\/wp-json\/wp\/v2\/media?parent=4795"}],"curies":[{"name":"wp","href":"https:\/\/api.w.org\/{rel}","templated":true}]}}