{"id":4955,"date":"2021-09-28T14:22:12","date_gmt":"2021-09-28T12:22:12","guid":{"rendered":"https:\/\/oke.jaworzno.pl\/www3\/?page_id=4955"},"modified":"2024-08-29T09:22:21","modified_gmt":"2024-08-29T07:22:21","slug":"egzaminy-eksternistyczne-podstawa-programowa","status":"publish","type":"page","link":"https:\/\/oke.jaworzno.pl\/www3\/ee\/egzaminy-eksternistyczne-podstawa-programowa\/","title":{"rendered":"Egzaminy eksternistyczne \u2013 podstawa programowa"},"content":{"rendered":"\n<ul class=\"wp-block-list\">\n<li><a href=\"http:\/\/www.dziennikustaw.gov.pl\/DU\/2024\/996\" class=\"ek-link\">Szko\u0142a podstawowa (od sesji jesiennej w 2024 r.)<\/a><\/li>\n\n\n\n<li><a href=\"http:\/\/www.dziennikustaw.gov.pl\/DU\/2024\/1019\" class=\"ek-link\">Egzaminy eksternistyczne z zakresu czteroletniego liceum og\u00f3lnokszta\u0142c\u0105cego dla doros\u0142ych przeprowadzane od sesji jesiennej 2024 r.<\/a><\/li>\n\n\n\n<li><a href=\"http:\/\/www.dziennikustaw.gov.pl\/DU\/2024\/996\" class=\"ek-link\">Egzaminy eksternistyczne z zakresu bran\u017cowej szko\u0142y I stopnia przeprowadzane od sesji jesiennej 2024 r.<\/a><\/li>\n\n\n\n<li><a href=\"https:\/\/www.dziennikustaw.gov.pl\/DU\/2024\/1019\" class=\"ek-link\">Egzaminy eksternistyczne z zakresu bran\u017cowej szko\u0142y II stopnia przeprowadzane od sesji jesiennej 2024 r.<\/a><\/li>\n<\/ul>\n\n\n\n<p><\/p>\n<div class=\"pdfprnt-buttons pdfprnt-buttons-page pdfprnt-bottom-left\"><a href=\"https:\/\/oke.jaworzno.pl\/www3\/wp-json\/wp\/v2\/pages\/4955?print=pdf\" class=\"pdfprnt-button pdfprnt-button-pdf\" target=\"_blank\" ><span class=\"pdfprnt-button-title pdfprnt-button-pdf-title\">Wersja do druku<\/span><\/a><\/div>","protected":false},"excerpt":{"rendered":"","protected":false},"author":1,"featured_media":0,"parent":24,"menu_order":0,"comment_status":"closed","ping_status":"closed","template":"","meta":{"_editorskit_title_hidden":false,"_editorskit_reading_time":0,"_editorskit_is_block_options_detached":false,"_editorskit_block_options_position":"{}","footnotes":""},"class_list":["post-4955","page","type-page","status-publish","hentry"],"publishpress_future_workflow_manual_trigger":{"enabledWorkflows":[]},"_links":{"self":[{"href":"https:\/\/oke.jaworzno.pl\/www3\/wp-json\/wp\/v2\/pages\/4955","targetHints":{"allow":["GET"]}}],"collection":[{"href":"https:\/\/oke.jaworzno.pl\/www3\/wp-json\/wp\/v2\/pages"}],"about":[{"href":"https:\/\/oke.jaworzno.pl\/www3\/wp-json\/wp\/v2\/types\/page"}],"author":[{"embeddable":true,"href":"https:\/\/oke.jaworzno.pl\/www3\/wp-json\/wp\/v2\/users\/1"}],"replies":[{"embeddable":true,"href":"https:\/\/oke.jaworzno.pl\/www3\/wp-json\/wp\/v2\/comments?post=4955"}],"version-history":[{"count":0,"href":"https:\/\/oke.jaworzno.pl\/www3\/wp-json\/wp\/v2\/pages\/4955\/revisions"}],"up":[{"embeddable":true,"href":"https:\/\/oke.jaworzno.pl\/www3\/wp-json\/wp\/v2\/pages\/24"}],"wp:attachment":[{"href":"https:\/\/oke.jaworzno.pl\/www3\/wp-json\/wp\/v2\/media?parent=4955"}],"curies":[{"name":"wp","href":"https:\/\/api.w.org\/{rel}","templated":true}]}}