{"id":6073,"date":"2022-09-16T14:00:07","date_gmt":"2022-09-16T12:00:07","guid":{"rendered":"https:\/\/oke.jaworzno.pl\/www3\/?page_id=6073"},"modified":"2024-08-21T13:26:33","modified_gmt":"2024-08-21T11:26:33","slug":"informatory-egzamin-maturalny-w-formule-2015","status":"publish","type":"page","link":"https:\/\/oke.jaworzno.pl\/www3\/egzamin-maturalny\/em2015\/informatory-egzamin-maturalny-w-formule-2015\/","title":{"rendered":"Informatory \u2013 egzamin maturalny w formule 2015"},"content":{"rendered":"\n<p>Od roku 2025 zadania egzaminu maturalnego b\u0119d\u0105 sprawdza\u0142y poziom opanowania wiadomo\u015bci i umiej\u0119tno\u015bci okre\u015blonych w<a href=\"http:\/\/isap.sejm.gov.pl\/isap.nsf\/download.xsp\/WDU20120000977\/O\/D20120977.pdf\"> podstawie programowej kszta\u0142cenia og\u00f3lnego z 2012 r.<\/a><\/p>\n\n\n\n<ul class=\"wp-block-list\">\n<li><a href=\"https:\/\/cke.gov.pl\/images\/_EGZAMIN_MATURALNY_OD_2015\/Informatory\/2024\/20230817%20Informator%20Cz%C4%99%C5%9B%C4%87%20og%C3%B3lna%20EM15%20wer_2023%20p1.pdf\">Cz\u0119\u015b\u0107 og\u00f3lna informatora o egzaminie maturalnym w Formule 2015<\/a><\/li>\n\n\n\n<li><a href=\"https:\/\/cke.gov.pl\/images\/_EGZAMIN_MATURALNY_OD_2015\/Informatory\/2015\/Biologia.pdf\">Biologia<\/a>&nbsp;+&nbsp;<a href=\"https:\/\/cke.gov.pl\/images\/_EGZAMIN_MATURALNY_OD_2015\/Informatory\/2015\/MATURA_2015_Wybrane_wzory_i_sta%C5%82e_fizykochemiczne.pdf\">Wybrane wzory i sta\u0142e fizykochemiczne<\/a>&nbsp;+&nbsp;<a href=\"https:\/\/cke.gov.pl\/images\/_EGZAMIN_MATURALNY_OD_2015\/Informatory\/2015\/Informator_A6_Biologia.docx\">czarnodruk<\/a>&nbsp;+&nbsp;<a href=\"http:\/\/cke.gov.pl\/images\/_EGZAMIN_MATURALNY_OD_2015\/Informatory\/2023\/Aneks_2023_2024_biologia_EM_F15.pdf\">Aneks 2023 i 2024<\/a><\/li>\n\n\n\n<li><a href=\"https:\/\/cke.gov.pl\/images\/_EGZAMIN_MATURALNY_OD_2015\/Informatory\/2015\/Chemia_nowy.pdf\">Chemia<\/a>&nbsp;+&nbsp;<a href=\"https:\/\/cke.gov.pl\/images\/_EGZAMIN_MATURALNY_OD_2015\/Informatory\/2015\/MATURA_2015_Wybrane_wzory_i_sta%C5%82e_fizykochemiczne.pdf\">Wybrane wzory i sta\u0142e fizykochemiczne<\/a>&nbsp;+&nbsp;<a href=\"https:\/\/cke.gov.pl\/images\/_EGZAMIN_MATURALNY_OD_2015\/Informatory\/2015\/Informator_A6_Chemia_p.docx\">czarnodruk<\/a>&nbsp;+&nbsp;<a href=\"http:\/\/cke.gov.pl\/images\/_EGZAMIN_MATURALNY_OD_2015\/Informatory\/2023\/Aneks_2023_2024_chemia_EM_F15.pdf\">Aneks 2023 i 2024<\/a><\/li>\n\n\n\n<li><a href=\"https:\/\/cke.gov.pl\/images\/_EGZAMIN_MATURALNY_OD_2015\/Informatory\/2015\/Filozofia.pdf\">Filozofia&nbsp;<\/a>+&nbsp;<a href=\"https:\/\/cke.gov.pl\/images\/_EGZAMIN_MATURALNY_OD_2015\/Informatory\/2015\/Informator_A6_Filozofia.docx\">czarnodruk<\/a>&nbsp;+&nbsp;<a href=\"http:\/\/cke.gov.pl\/images\/_EGZAMIN_MATURALNY_OD_2015\/Informatory\/2023\/Aneks_2023_2024_Filozofia_EM_F15.pdf\">Aneks 2023 i 2024<\/a><\/li>\n\n\n\n<li><a href=\"https:\/\/cke.gov.pl\/images\/_EGZAMIN_MATURALNY_OD_2015\/Informatory\/2015\/Fizyka.pdf\">Fizyka<\/a>&nbsp;+&nbsp;<a href=\"https:\/\/cke.gov.pl\/images\/_EGZAMIN_MATURALNY_OD_2015\/Informatory\/2015\/MATURA_2015_Wybrane_wzory_i_sta%C5%82e_fizykochemiczne.pdf\">Wybrane wzory i sta\u0142e fizykochemiczne<\/a>&nbsp;+&nbsp;<a href=\"https:\/\/cke.gov.pl\/images\/_EGZAMIN_MATURALNY_OD_2015\/Informatory\/2015\/Informator_A6_Fizyka.docx\">czarnodruk<\/a>&nbsp;+&nbsp;<a href=\"https:\/\/cke.gov.pl\/images\/_EGZAMIN_MATURALNY_OD_2015\/Informatory\/2015\/Informator_A6_Fizyka_rysunki.doc\">rysunki<\/a>&nbsp;+&nbsp;<a href=\"http:\/\/cke.gov.pl\/images\/_EGZAMIN_MATURALNY_OD_2015\/Informatory\/2023\/Aneks_2023_2024_fizyka_EM_F15.pdf\">Aneks 2023 i 2024<\/a><\/li>\n\n\n\n<li><a href=\"https:\/\/cke.gov.pl\/images\/_EGZAMIN_MATURALNY_OD_2015\/Informatory\/2015\/Geografia_29.01.2014.pdf\">Geografia<\/a>&nbsp;+&nbsp;<a href=\"https:\/\/cke.gov.pl\/images\/_EGZAMIN_MATURALNY_OD_2015\/Informatory\/2015\/Informator_A6_Geografia.docx\">czarnodruk<\/a>&nbsp;+&nbsp;<a href=\"https:\/\/cke.gov.pl\/images\/_EGZAMIN_MATURALNY_OD_2015\/Informatory\/2015\/Informator_A6_Geografia_rysunki.doc\">rysunki<\/a>&nbsp;+&nbsp;<a href=\"http:\/\/cke.gov.pl\/images\/_EGZAMIN_MATURALNY_OD_2015\/Informatory\/2023\/Aneks_2023_2024_geografia_EM_F15.pdf\">Aneks 2023 i 2024<\/a><\/li>\n\n\n\n<li><a href=\"https:\/\/cke.gov.pl\/images\/_EGZAMIN_MATURALNY_OD_2015\/Informatory\/2015\/Historia.pdf\">Historia<\/a>&nbsp;+&nbsp;<a href=\"https:\/\/cke.gov.pl\/images\/_EGZAMIN_MATURALNY_OD_2015\/Informatory\/2015\/Informator_A6_Historia.docx\">czarnodruk<\/a>&nbsp;+&nbsp;<a href=\"http:\/\/cke.gov.pl\/images\/_EGZAMIN_MATURALNY_OD_2015\/Informatory\/2023\/Aneks_2023_2024_historia_EM_F15.pdf\">Aneks 2023 i 2024<\/a><\/li>\n\n\n\n<li><a href=\"https:\/\/cke.gov.pl\/images\/_EGZAMIN_MATURALNY_OD_2015\/Informatory\/2015\/Historia-muzyki.pdf\">Historia muzyki<\/a>&nbsp;+&nbsp;<a href=\"https:\/\/cke.gov.pl\/images\/_EGZAMIN_MATURALNY_OD_2015\/Informatory\/2015\/Historia-muzyki-Pliki-dzwiekowe.zip\">materia\u0142y d\u017awi\u0119kowe<\/a>&nbsp;+&nbsp;<a href=\"https:\/\/cke.gov.pl\/images\/_EGZAMIN_MATURALNY_OD_2015\/Informatory\/2015\/Historia-muzyki-materialy-nutowe.pdf\">materia\u0142y nutowe<\/a>&nbsp;+&nbsp;<a href=\"https:\/\/cke.gov.pl\/images\/_EGZAMIN_MATURALNY_OD_2015\/Informatory\/2015\/Informator_A6_Historia_muzyki.doc\">czarnodruk<\/a>&nbsp;+&nbsp;<a href=\"http:\/\/cke.gov.pl\/images\/_EGZAMIN_MATURALNY_OD_2015\/Informatory\/2023\/Aneks_2023_2024_historia_muzyki_EM_F15.pdf\">Aneks 2023 i 2024<\/a><\/li>\n\n\n\n<li><a href=\"https:\/\/cke.gov.pl\/images\/_EGZAMIN_MATURALNY_OD_2015\/Informatory\/2015\/Historia-sztuki.pdf\">Historia sztuki<\/a>&nbsp;+&nbsp;<a href=\"http:\/\/cke.gov.pl\/images\/_EGZAMIN_MATURALNY_OD_2015\/Informatory\/2023\/Aneks_2023_2024_historia_sztuki_EM_F15.pdf\">Aneks 2023 i 2024<\/a><\/li>\n\n\n\n<li><a href=\"https:\/\/cke.gov.pl\/images\/_EGZAMIN_MATURALNY_OD_2015\/Informatory\/2015\/Informatyka.pdf\">Informatyka<\/a>&nbsp;+&nbsp;<a href=\"https:\/\/cke.gov.pl\/images\/_EGZAMIN_MATURALNY_OD_2015\/Informatory\/2015\/Informatyka-Dane-i-rozwiazania.zip\">pliki<\/a>&nbsp;+&nbsp;<a href=\"https:\/\/cke.gov.pl\/images\/_EGZAMIN_MATURALNY_OD_2015\/Informatory\/2015\/Informator_A6_Informatyka.docx\">czarnodruk<\/a>&nbsp;+&nbsp;<a href=\"https:\/\/cke.gov.pl\/images\/_EGZAMIN_MATURALNY_OD_2015\/Informatory\/2015\/Informator_A6_Informatyka_rysunki.doc\">rysunki<\/a>&nbsp;+&nbsp;<a href=\"http:\/\/cke.gov.pl\/images\/_EGZAMIN_MATURALNY_OD_2015\/Informatory\/2023\/Aneks_2023_2024_informatyka_EM_F15.pdf\">Aneks 2023 i 2024<\/a><\/li>\n\n\n\n<li><a href=\"https:\/\/cke.gov.pl\/images\/_EGZAMIN_MATURALNY_OD_2015\/Informatory\/2015\/Jezyk-angielski_informator_od_2015.pdf\">J\u0119zyk angielski<\/a>&nbsp;+&nbsp;<a href=\"https:\/\/cke.gov.pl\/images\/_EGZAMIN_MATURALNY_OD_2015\/Informatory\/2015\/Informator_A6_Jezyk_angielski.docx\">czarnodruk<\/a>&nbsp;+&nbsp;<a href=\"http:\/\/cke.gov.pl\/images\/_EGZAMIN_MATURALNY_OD_2015\/Informatory\/2023\/Aneks_Jezyk-angielski_2023-2024.pdf\">Aneks 2023 i 2024<\/a><\/li>\n\n\n\n<li><a href=\"https:\/\/cke.gov.pl\/images\/_EGZAMIN_MATURALNY_OD_2015\/Informatory\/2015\/Jezyk-bialoruski-jako-jezyk-mniejszosci-narodowej.pdf\">J\u0119zyk bia\u0142oruski<\/a>&nbsp;(jako j\u0119zyk mniejszo\u015bci narodowej) +&nbsp;<a href=\"http:\/\/cke.gov.pl\/images\/_EGZAMIN_MATURALNY_OD_2015\/Informatory\/2023\/Aneks_2023_2024_jezyk_bialoruski_EM_F15.pdf\">Aneks 2023 i 2024<\/a><\/li>\n\n\n\n<li><a href=\"https:\/\/cke.gov.pl\/images\/_EGZAMIN_MATURALNY_OD_2015\/Informatory\/2015\/Jezyk-francuski.pdf\">J\u0119zyk francuski<\/a>&nbsp;+&nbsp;<a href=\"https:\/\/cke.gov.pl\/images\/_EGZAMIN_MATURALNY_OD_2015\/Informatory\/2015\/Informator_A6_Jezyk_francuski.docx\">czarnodruk<\/a>&nbsp;+&nbsp;<a href=\"http:\/\/cke.gov.pl\/images\/_EGZAMIN_MATURALNY_OD_2015\/Informatory\/2023\/Aneks_Jezyk-francuski_2023-2024.pdf\">Aneks 2023 i 2024<\/a><\/li>\n\n\n\n<li><a href=\"https:\/\/cke.gov.pl\/images\/_EGZAMIN_MATURALNY_OD_2015\/Informatory\/2015\/Jezyk-hiszpanski.pdf\">J\u0119zyk hiszpa\u0144ski<\/a>&nbsp;+&nbsp;<a href=\"https:\/\/cke.gov.pl\/images\/_EGZAMIN_MATURALNY_OD_2015\/Informatory\/2015\/Informator_A6_Jezyk_hiszpanski.doc\">czarnodruk<\/a>&nbsp;+&nbsp;<a href=\"http:\/\/cke.gov.pl\/images\/_EGZAMIN_MATURALNY_OD_2015\/Informatory\/2023\/Aneks_Jezyk-hiszpanski_2023-2024.pdf\">Aneks 2023 i 2024<\/a><\/li>\n\n\n\n<li><a href=\"https:\/\/cke.gov.pl\/images\/_EGZAMIN_MATURALNY_OD_2015\/Informatory\/2015\/Jezyk_kaszubski_jako_jezyk_regionalny.pdf\">J\u0119zyk kaszubski<\/a>&nbsp;(jako j\u0119zyk regionalny) +&nbsp;<a href=\"http:\/\/cke.gov.pl\/images\/_EGZAMIN_MATURALNY_OD_2015\/Informatory\/2023\/Aneks_2023_2024_jezyk_kaszubski_EM_F15.pdf\">Aneks 2023 i 2024<\/a><\/li>\n\n\n\n<li><a href=\"https:\/\/cke.gov.pl\/images\/_EGZAMIN_MATURALNY_OD_2015\/Informatory\/2015\/Jezyk-litewski-jako-jezyk-mniejszosci-narodowej.pdf\">J\u0119zyk litewski<\/a>&nbsp;(jako j\u0119zyk mniejszo\u015bci narodowej) +&nbsp;<a href=\"http:\/\/cke.gov.pl\/images\/_EGZAMIN_MATURALNY_OD_2015\/Informatory\/2023\/Aneks_2023_2024_jezyk_litewski_EM_F15.pdf\">Aneks 2023 i 2024<\/a><\/li>\n\n\n\n<li><a href=\"https:\/\/cke.gov.pl\/images\/_EGZAMIN_MATURALNY_OD_2015\/Informatory\/2015\/Jezyk-lacinski-i-kultura-antyczna.pdf\">J\u0119zyk \u0142aci\u0144ski i kultura antyczna<\/a>&nbsp;+&nbsp;<a href=\"https:\/\/cke.gov.pl\/images\/_EGZAMIN_MATURALNY_OD_2015\/Informatory\/2015\/Informator_A6_Jezyk_laci%C5%84ski_i_kultura_antyczna.docx\">czarnodruk<\/a>&nbsp;+&nbsp;<a href=\"http:\/\/cke.gov.pl\/images\/_EGZAMIN_MATURALNY_OD_2015\/Informatory\/2023\/Aneks_2023_2024_jezyk_lacinski_EM_F15.pdf\">Aneks 2023 i 2024<\/a><\/li>\n\n\n\n<li><a href=\"https:\/\/cke.gov.pl\/images\/_EGZAMIN_MATURALNY_OD_2015\/Informatory\/2015\/Jezyk-lemkowski-jako-jezyk-mniejszosci-etnicznej.pdf\">J\u0119zyk \u0142emkowski<\/a>&nbsp;(jako j\u0119zyk mniejszo\u015bci etnicznej) +&nbsp;<a href=\"http:\/\/cke.gov.pl\/images\/_EGZAMIN_MATURALNY_OD_2015\/Informatory\/2023\/Aneks_2023_2024_jezyk_lemkowski_EM_F15.pdf\">Aneks 2023 i 2024<\/a><\/li>\n\n\n\n<li><a href=\"https:\/\/cke.gov.pl\/images\/_EGZAMIN_MATURALNY_OD_2015\/Informatory\/2015\/Jezyk-niemiecki-jako-jezyk-mniejszosci-narodowej.pdf\">J\u0119zyk niemiecki<\/a>&nbsp;(jako j\u0119zyk mniejszo\u015bci narodowej) +&nbsp;<a href=\"http:\/\/cke.gov.pl\/images\/_EGZAMIN_MATURALNY_OD_2015\/Informatory\/2023\/Aneks_2023_2024_jezyk_niemiecki_EM_F15.pdf\">Aneks 2023 i 2024<\/a><\/li>\n\n\n\n<li><a href=\"https:\/\/cke.gov.pl\/images\/_EGZAMIN_MATURALNY_OD_2015\/Informatory\/2015\/Jezyk-niemiecki.pdf\">J\u0119zyk niemiecki<\/a>&nbsp;(jako j\u0119zyk obcy nowo\u017cytny) +&nbsp;<a href=\"https:\/\/cke.gov.pl\/images\/_EGZAMIN_MATURALNY_OD_2015\/Informatory\/2015\/Informator_A6_Jezyk_niemiecki.docx\">czarnodruk<\/a>&nbsp;+&nbsp;<a href=\"http:\/\/cke.gov.pl\/images\/_EGZAMIN_MATURALNY_OD_2015\/Informatory\/2023\/Aneks_Jezyk-niemiecki_2023-2024.pdf\">Aneks 2023 i 2024<\/a><\/li>\n\n\n\n<li><a href=\"https:\/\/cke.gov.pl\/images\/_EGZAMIN_MATURALNY_OD_2015\/Informatory\/2015\/Jezyk-polski.pdf\">J\u0119zyk polski<\/a>&nbsp;+&nbsp;<a href=\"https:\/\/cke.gov.pl\/images\/_EGZAMIN_MATURALNY_OD_2015\/Informatory\/2015\/Informator_A6_Jezyk_polski.doc\">czarnodruk<\/a>&nbsp;+&nbsp;<a href=\"http:\/\/cke.gov.pl\/images\/_EGZAMIN_MATURALNY_OD_2015\/Informatory\/2023\/Aneks_2023_2024_jezyk_polski_EM_F15.pdf\">Aneks 2023 i 2024<\/a><\/li>\n\n\n\n<li><a href=\"https:\/\/cke.gov.pl\/images\/_EGZAMIN_MATURALNY_OD_2015\/Informatory\/2015\/Jezyk-rosyjski.pdf\">J\u0119zyk rosyjski<\/a>&nbsp;+&nbsp;<a href=\"https:\/\/cke.gov.pl\/images\/_EGZAMIN_MATURALNY_OD_2015\/Informatory\/2015\/Informator_A6_Jezyk_rosyjski.docx\">czarnodruk<\/a>&nbsp;+&nbsp;<a href=\"http:\/\/cke.gov.pl\/images\/_EGZAMIN_MATURALNY_OD_2015\/Informatory\/2023\/Aneks_Jezyk-rosyjski_2023-2024.pdf\">Aneks 2023 i 2024<\/a><\/li>\n\n\n\n<li><a href=\"https:\/\/cke.gov.pl\/images\/_EGZAMIN_MATURALNY_OD_2015\/Informatory\/2015\/Jezyk-ukrainski-jako-jezyk-mniejszosci-narodowej.pdf\">J\u0119zyk ukrai\u0144ski<\/a>&nbsp;(jako j\u0119zyk mniejszo\u015bci narodowej) +&nbsp;<a href=\"http:\/\/cke.gov.pl\/images\/_EGZAMIN_MATURALNY_OD_2015\/Informatory\/2023\/Aneks_2023_2024_jezyk_ukrainski_EM_F15.pdf\">Aneks 2023 i 2024<\/a><\/li>\n\n\n\n<li><a href=\"https:\/\/cke.gov.pl\/images\/_EGZAMIN_MATURALNY_OD_2015\/Informatory\/2015\/Jezyk-wloski.pdf\">J\u0119zyk w\u0142oski<\/a>&nbsp;+&nbsp;<a href=\"https:\/\/cke.gov.pl\/images\/_EGZAMIN_MATURALNY_OD_2015\/Informatory\/2015\/Informator_A6_Jezyk_wloski.docx\">czarnodruk<\/a>&nbsp;+&nbsp;<a href=\"http:\/\/cke.gov.pl\/images\/_EGZAMIN_MATURALNY_OD_2015\/Informatory\/2023\/Aneks_Jezyk-wloski_2023-2024.pdf\">Aneks 2023 i 2024<\/a><\/li>\n\n\n\n<li><a href=\"https:\/\/cke.gov.pl\/images\/_EGZAMIN_MATURALNY_OD_2015\/Informatory\/2015\/Matematyka-19wrz.pdf\">Matematyka<\/a>&nbsp;+&nbsp;<a href=\"https:\/\/cke.gov.pl\/images\/_EGZAMIN_MATURALNY_OD_2015\/Informatory\/2015\/MATURA_2015_Wybrane_wzory_matematyczne.pdf\">Wybrane wzory matematyczne<\/a>&nbsp;+&nbsp;<a href=\"https:\/\/cke.gov.pl\/images\/_EGZAMIN_MATURALNY_OD_2015\/Informatory\/2015\/Informator_A6_Matematyka.doc\">czarnodruk<\/a>&nbsp;+&nbsp;<a href=\"https:\/\/cke.gov.pl\/images\/_EGZAMIN_MATURALNY_OD_2015\/Informatory\/2015\/Rysunki_do_tablic.doc\">rysunki<\/a>&nbsp;+&nbsp;<a href=\"http:\/\/cke.gov.pl\/images\/_EGZAMIN_MATURALNY_OD_2015\/Informatory\/2023\/Aneks_2023_2024_matematyka_EM_F15.pdf\">Aneks 2023 i 2024<\/a><\/li>\n\n\n\n<li><a href=\"https:\/\/cke.gov.pl\/images\/_EGZAMIN_MATURALNY_OD_2015\/Informatory\/2015\/Wiedza_o_spo%C5%82ecze%C5%84stwie.pdf\">Wiedza o spo\u0142ecze\u0144stwie<\/a>&nbsp;+&nbsp;<a href=\"https:\/\/cke.gov.pl\/images\/_EGZAMIN_MATURALNY_OD_2015\/Informatory\/2015\/Informator_A6_Wiedza_o_spo%C5%82eczenstwie.docx\">czarnodruk<\/a>&nbsp;+&nbsp;<a href=\"http:\/\/cke.gov.pl\/images\/_EGZAMIN_MATURALNY_OD_2015\/Informatory\/2023\/Aneks_2023_2024_wos_EM_F15.pdf\">Aneks 2023 i 2024<\/a><\/li>\n\n\n\n<li><a href=\"https:\/\/cke.gov.pl\/images\/_EGZAMIN_MATURALNY_OD_2015\/Informatory\/2015\/Instrukcja_do_WinBraille.pdf\">Instrukcja pobierania materia\u0142\u00f3w w formacie WinBraille<\/a><\/li>\n\n\n\n<li><a href=\"https:\/\/cke.gov.pl\/images\/_EGZAMIN_MATURALNY_OD_2015\/Informatory\/2015\/Informator_A6_WinBraille_i_skompilowana_tablica_znakow.zip\">Informator A6 WinBraille i skompilowana tablica znak\u00f3w<\/a><\/li>\n\n\n\n<li>Wzory w WinBraille:&nbsp;<a href=\"https:\/\/cke.gov.pl\/images\/_EGZAMIN_MATURALNY_OD_2015\/Informatory\/2015\/matematyka_wybrane_wzory2.zip\">matematyczne<\/a>,&nbsp;<a href=\"https:\/\/cke.gov.pl\/images\/_EGZAMIN_MATURALNY_OD_2015\/Informatory\/2015\/cbf.zip\">fizykochemiczne<\/a><\/li>\n<\/ul>\n<div class=\"pdfprnt-buttons pdfprnt-buttons-page pdfprnt-bottom-left\"><a href=\"https:\/\/oke.jaworzno.pl\/www3\/wp-json\/wp\/v2\/pages\/6073?print=pdf\" class=\"pdfprnt-button pdfprnt-button-pdf\" target=\"_blank\" ><span class=\"pdfprnt-button-title pdfprnt-button-pdf-title\">Wersja do druku<\/span><\/a><\/div>","protected":false},"excerpt":{"rendered":"<p>Od roku 2025 zadania egzaminu maturalnego b\u0119d\u0105 sprawdza\u0142y poziom opanowania wiadomo\u015bci i umiej\u0119tno\u015bci okre\u015blonych w podstawie programowej kszta\u0142cenia og\u00f3lnego z&#46;&#46;&#46;<\/p>\n","protected":false},"author":1,"featured_media":0,"parent":22,"menu_order":0,"comment_status":"closed","ping_status":"closed","template":"","meta":{"_editorskit_title_hidden":false,"_editorskit_reading_time":0,"_editorskit_is_block_options_detached":false,"_editorskit_block_options_position":"{}","footnotes":""},"class_list":["post-6073","page","type-page","status-publish","hentry"],"publishpress_future_workflow_manual_trigger":{"enabledWorkflows":[]},"_links":{"self":[{"href":"https:\/\/oke.jaworzno.pl\/www3\/wp-json\/wp\/v2\/pages\/6073","targetHints":{"allow":["GET"]}}],"collection":[{"href":"https:\/\/oke.jaworzno.pl\/www3\/wp-json\/wp\/v2\/pages"}],"about":[{"href":"https:\/\/oke.jaworzno.pl\/www3\/wp-json\/wp\/v2\/types\/page"}],"author":[{"embeddable":true,"href":"https:\/\/oke.jaworzno.pl\/www3\/wp-json\/wp\/v2\/users\/1"}],"replies":[{"embeddable":true,"href":"https:\/\/oke.jaworzno.pl\/www3\/wp-json\/wp\/v2\/comments?post=6073"}],"version-history":[{"count":0,"href":"https:\/\/oke.jaworzno.pl\/www3\/wp-json\/wp\/v2\/pages\/6073\/revisions"}],"up":[{"embeddable":true,"href":"https:\/\/oke.jaworzno.pl\/www3\/wp-json\/wp\/v2\/pages\/22"}],"wp:attachment":[{"href":"https:\/\/oke.jaworzno.pl\/www3\/wp-json\/wp\/v2\/media?parent=6073"}],"curies":[{"name":"wp","href":"https:\/\/api.w.org\/{rel}","templated":true}]}}