{"id":62,"date":"2019-11-15T15:21:39","date_gmt":"2019-11-15T14:21:39","guid":{"rendered":"https:\/\/oke.jaworzno.pl\/autoinstalator\/wordpressplugins\/?page_id=62"},"modified":"2025-04-11T10:57:45","modified_gmt":"2025-04-11T08:57:45","slug":"o-oke","status":"publish","type":"page","link":"https:\/\/oke.jaworzno.pl\/www3\/o-oke\/","title":{"rendered":"O KOMISJI"},"content":{"rendered":"\n<h3 class=\"wp-block-heading\">Adres<\/h3>\n\n\n\n<p>Okr\u0119gowa Komisja Egzaminacyjna w Jaworznie<br>ul. Adama Mickiewicza 4<br>43-600 Jaworzno<\/p>\n\n\n\n<p>NIP: 632-17-64-939<\/p>\n\n\n\n<h3 class=\"wp-block-heading\">Godziny pracy<\/h3>\n\n\n\n<p>Poniedzia\u0142ek &#8211; pi\u0105tek 7:30 &#8211; 15:30<\/p>\n\n\n\n<h3 class=\"wp-block-heading\">Kontakt<\/h3>\n\n\n\n<p>Numer telefonu: 32 784 16 00<\/p>\n\n\n\n<p><a href=\"https:\/\/bip.oke.jaworzno.pl\/artykuly\/108\/wykaz-stanowisk-oke\">Pozosta\u0142e numery telefon\u00f3w do pracownik\u00f3w OKE<\/a><\/p>\n\n\n\n<p><a href=\"https:\/\/oke.jaworzno.pl\/www3\/kontakt\/\">Kontakt elektroniczny i dojazd<\/a><\/p>\n\n\n\n<p><a href=\"http:\/\/www.bip.ires.pl\/gfx\/oke\/files\/ePUAP_OKE2017.pdf\">Elektroniczna skrzynka podawcza ePUAP<\/a>: \/OKE_Jaworzno\/SkrytkaESP <\/p>\n\n\n\n<p><a href=\"https:\/\/oke.jaworzno.pl\/www3\/o-oke\/struktura_oke\/\">Struktura<\/a><\/p>\n\n\n\n<p><a href=\"https:\/\/oke.jaworzno.pl\/www3\/o-oke\/deklaracja-dostepnosci\/\">Deklaracja dost\u0119pno\u015bci<\/a><\/p>\n\n\n\n<p><a href=\"https:\/\/oke.jaworzno.pl\/www3\/konferencje\/\">Konferencje<\/a><\/p>\n<div class=\"pdfprnt-buttons pdfprnt-buttons-page pdfprnt-bottom-left\"><a href=\"https:\/\/oke.jaworzno.pl\/www3\/wp-json\/wp\/v2\/pages\/62?print=pdf\" class=\"pdfprnt-button pdfprnt-button-pdf\" target=\"_blank\" ><span class=\"pdfprnt-button-title pdfprnt-button-pdf-title\">Wersja do druku<\/span><\/a><\/div>","protected":false},"excerpt":{"rendered":"<p>Adres Okr\u0119gowa Komisja Egzaminacyjna w Jaworznieul. Adama Mickiewicza 443-600 Jaworzno NIP: 632-17-64-939 Godziny pracy Poniedzia\u0142ek &#8211; pi\u0105tek 7:30 &#8211; 15:30&#46;&#46;&#46;<\/p>\n","protected":false},"author":1,"featured_media":0,"parent":0,"menu_order":0,"comment_status":"closed","ping_status":"closed","template":"","meta":{"_editorskit_title_hidden":false,"_editorskit_reading_time":0,"_editorskit_is_block_options_detached":false,"_editorskit_block_options_position":"{}","footnotes":""},"class_list":["post-62","page","type-page","status-publish","hentry"],"publishpress_future_workflow_manual_trigger":{"enabledWorkflows":[]},"_links":{"self":[{"href":"https:\/\/oke.jaworzno.pl\/www3\/wp-json\/wp\/v2\/pages\/62","targetHints":{"allow":["GET"]}}],"collection":[{"href":"https:\/\/oke.jaworzno.pl\/www3\/wp-json\/wp\/v2\/pages"}],"about":[{"href":"https:\/\/oke.jaworzno.pl\/www3\/wp-json\/wp\/v2\/types\/page"}],"author":[{"embeddable":true,"href":"https:\/\/oke.jaworzno.pl\/www3\/wp-json\/wp\/v2\/users\/1"}],"replies":[{"embeddable":true,"href":"https:\/\/oke.jaworzno.pl\/www3\/wp-json\/wp\/v2\/comments?post=62"}],"version-history":[{"count":1,"href":"https:\/\/oke.jaworzno.pl\/www3\/wp-json\/wp\/v2\/pages\/62\/revisions"}],"predecessor-version":[{"id":8903,"href":"https:\/\/oke.jaworzno.pl\/www3\/wp-json\/wp\/v2\/pages\/62\/revisions\/8903"}],"wp:attachment":[{"href":"https:\/\/oke.jaworzno.pl\/www3\/wp-json\/wp\/v2\/media?parent=62"}],"curies":[{"name":"wp","href":"https:\/\/api.w.org\/{rel}","templated":true}]}}