{"id":6747,"date":"2023-01-18T15:10:14","date_gmt":"2023-01-18T14:10:14","guid":{"rendered":"https:\/\/oke.jaworzno.pl\/www3\/?page_id=6747"},"modified":"2026-03-20T12:28:18","modified_gmt":"2026-03-20T11:28:18","slug":"egzamin-osmoklasisty-i-egzamin-maturalny-dla-zdajacych-obywateli-ukrainy","status":"publish","type":"page","link":"https:\/\/oke.jaworzno.pl\/www3\/egzamin-osmoklasisty-i-egzamin-maturalny-dla-zdajacych-obywateli-ukrainy\/","title":{"rendered":"Egzamin \u00f3smoklasisty i egzamin maturalny dla zdaj\u0105cych \u2013 obywateli Ukrainy"},"content":{"rendered":"<div class=\"wp-block-image is-style-default\">\n<figure class=\"aligncenter size-large\"><img loading=\"lazy\" decoding=\"async\" width=\"1024\" height=\"141\" src=\"https:\/\/oke.jaworzno.pl\/www3\/wp-content\/uploads\/images\/FERS_RP_UE_RGB-1-1024x141.jpg\" alt=\"\" class=\"wp-image-8364\" srcset=\"https:\/\/oke.jaworzno.pl\/www3\/wp-content\/uploads\/images\/FERS_RP_UE_RGB-1-1024x141.jpg 1024w, https:\/\/oke.jaworzno.pl\/www3\/wp-content\/uploads\/images\/FERS_RP_UE_RGB-1-300x41.jpg 300w, https:\/\/oke.jaworzno.pl\/www3\/wp-content\/uploads\/images\/FERS_RP_UE_RGB-1-768x106.jpg 768w, https:\/\/oke.jaworzno.pl\/www3\/wp-content\/uploads\/images\/FERS_RP_UE_RGB-1-1536x212.jpg 1536w, https:\/\/oke.jaworzno.pl\/www3\/wp-content\/uploads\/images\/FERS_RP_UE_RGB-1-2048x282.jpg 2048w, https:\/\/oke.jaworzno.pl\/www3\/wp-content\/uploads\/images\/FERS_RP_UE_RGB-1-720x99.jpg 720w, https:\/\/oke.jaworzno.pl\/www3\/wp-content\/uploads\/images\/FERS_RP_UE_RGB-1-520x72.jpg 520w, https:\/\/oke.jaworzno.pl\/www3\/wp-content\/uploads\/images\/FERS_RP_UE_RGB-1-320x44.jpg 320w\" sizes=\"auto, (max-width: 1024px) 100vw, 1024px\" \/><\/figure><\/div>\n\n\n<p class=\"has-text-align-left\">Nazwa projektu: <strong>&#8222;Egzamin \u00f3smoklasisty i egzamin maturalny dla zdaj\u0105cych obywateli Ukrainy&#8221;<\/strong><\/p>\n\n\n\n<p>Decyzja Ministra Edukacji:&nbsp;<strong>FERS.01.04-IP.05-0007\/24 z dnia 17 wrze\u015bnia 2024 r.<\/strong><\/p>\n\n\n\n<p>Okres trwania projektu:&nbsp;<strong>od 01.03.2024 r. do 31.10.2025 r.<\/strong><\/p>\n\n\n\n<p>Centralna Komisja Egzaminacyjna wraz z 8 Partnerami &#8211; okr\u0119gowymi komisjami egzaminacyjnymi zako\u0144czy\u0142a realizacje projektu \u201eEgzamin \u00f3smoklasisty i egzamin maturalny dla zdaj\u0105cych obywateli Ukrainy\u201d wsp\u00f3\u0142finansowanego ze \u015brodk\u00f3w Europejskiego Funduszu Spo\u0142ecznego Plus (EFS+) w ramach Programu Fundusze Europejskie dla Rozwoju Spo\u0142ecznego Priorytet FERS.01 Umiej\u0119tno\u015bci Dzia\u0142anie 01.04 Rozw\u00f3j systemu edukacji.<\/p>\n\n\n\n<p><strong>Celem projektu<\/strong> by\u0142o przygotowanie, organizacja i przeprowadzenie egzamin\u00f3w \u00f3smoklasisty i egzamin\u00f3w maturalnych w latach 2024 &#8211; 2025 dla obywateli i obywatelek Ukrainy przebywaj\u0105cych na terenie Polski.<\/p>\n\n\n\n<p>Projekt realizowany by\u0142 w dw\u00f3ch wydzielonych zadaniach. Zadanie drugie realizowane by\u0142o we wsp\u00f3\u0142pracy z o\u015bmioma partnerami (Okr\u0119gowymi Komisjami Egzaminacyjnymi).<\/p>\n\n\n\n<p>Zadanie 1. Przygotowanie, druk, konfekcjonowanie i dystrybucja arkuszy egzaminacyjnych do egzaminu \u00f3smoklasisty i egzaminu maturalnego w roku 2024 dla zdaj\u0105cych \u2013 obywateli i obywatelek Ukrainy. Zadanie to zrealizowane zosta\u0142o przez Centraln\u0105 Komisj\u0119 Egzaminacyjn\u0105 bez udzia\u0142u Partner\u00f3w.<\/p>\n\n\n\n<p><strong>G\u0142\u00f3wne dzia\u0142ania i rezultaty:<\/strong><\/p>\n\n\n\n<ul class=\"wp-block-list\">\n<li>druk, konfekcjonowanie i dystrybucja \u0142\u0105cznie 48 361 arkuszy egzaminacyjnych dla ponad 12&nbsp;100 obywateli i obywatelek Ukrainy (11&nbsp;821 do egzaminu \u00f3smoklasisty i 289 do egzaminu maturalnego) \u2013 zadanie zrealizowane przez Centraln\u0105 Komisj\u0119 Egzaminacyjn\u0105.<\/li>\n<\/ul>\n\n\n\n<p>Zadanie 2. Przygotowanie, organizacja i przeprowadzenie egzaminu \u00f3smoklasisty i egzaminu maturalnego w roku 2025 dla zdaj\u0105cych \u2014 obywateli i obywatelek Ukrainy.<\/p>\n\n\n\n<p><strong>G\u0142\u00f3wne dzia\u0142ania i rezultaty:<\/strong><\/p>\n\n\n\n<ul class=\"wp-block-list\">\n<li>druk, konfekcjonowanie i dystrybucja arkuszy egzaminacyjnych do szk\u00f3\u0142, w kt\u00f3rych b\u0119d\u0105 odbywa\u0142y si\u0119 egzaminy (przy za\u0142o\u017ceniu, \u017ce do egzaminu w 2025 r. przyst\u0105pi 14 083 uczni\u00f3w w tym do egzaminu \u00f3smoklasisty 13 348 uczni\u00f3w, a do egzaminu maturalnego \u2014 735 abiturient\u00f3w) \u2013 zadanie realizowane przez Centraln\u0105 Komisj\u0119 Egzaminacyjn\u0105,<\/li>\n\n\n\n<li>sprawdzanie i ocena prac egzaminacyjnych w szko\u0142ach \u2013 zadanie realizowane przez 8 Okr\u0119gowych Komisji Egzaminacyjnych,<\/li>\n\n\n\n<li>wydanie za\u015bwiadcze\u0144 i \u015bwiadectw obywatelom i obywatelkom Ukrainy, kt\u00f3rzy przyst\u0105pi\u0105 do egzamin\u00f3w \u2013 zadanie realizowane przez 8 Okr\u0119gowych Komisji Egzaminacyjnych.<\/li>\n<\/ul>\n\n\n\n<p><strong>W efekcie realizacji projektu osi\u0105gni\u0119to zak\u0142adane wska\u017aniki produktu i rezultatu:<\/strong><\/p>\n\n\n\n<ul class=\"wp-block-list\">\n<li>przygotowano, zorganizowano i przeprowadzono egzaminy \u00f3smoklasisty i egzaminy maturalne dla 26&nbsp;193 obywateli i obywatelek Ukrainy (130,97% realizacji wska\u017anika),<\/li>\n\n\n\n<li>wydano 25&nbsp;193 dokumenty w postaci \u015bwiadectw, za\u015bwiadcze\u0144, aneks\u00f3w lub informacji&nbsp; zdaj\u0105cym obywatelom i obywatelkom Ukrainy, kt\u00f3rzy przyst\u0105pili do egzamin\u00f3w \u00f3smoklasisty i egzamin\u00f3w maturalnych w latach 2024-2025 (125,68% realizacji wska\u017anika).<\/li>\n<\/ul>\n\n\n\n<p><strong>Grup\u0105 docelow\u0105 <\/strong>projektu byli obywatele Ukrainy, kt\u00f3rzy uczyli si\u0119 w szko\u0142ach podstawowych oraz ponadpodstawowych w ramach systemu o\u015bwiaty oraz przyst\u0105pili do egzaminu \u00f3smoklasisty i\/lub egzaminu maturalnego. Zwi\u0119kszenie dost\u0119pu do polskiego systemu edukacyjnego dla obywateli i obywatelek Ukrainy poprzez przygotowanie, organizacj\u0119 i przeprowadzenie egzaminu \u00f3smoklasisty i egzaminu maturalnego w latach 2024\u20132025 umo\u017cliwi\u0142o zdaj\u0105cym zdobycie dokument\u00f3w uprawniaj\u0105cych do ubiegania si\u0119 o przyj\u0119cie do szko\u0142y wy\u017cszego szczebla, a tym samym da\u0142o mo\u017cliwo\u015b\u0107 dalszego kszta\u0142cenia i w konsekwencji pozwoli\u0142o na stanie si\u0119 bardziej pewnym siebie, zwi\u0119kszy\u0142o szanse na zdobycie lepszej pracy i zapewni\u0142o lepsz\u0105 przysz\u0142o\u015b\u0107.<\/p>\n\n\n\n<p>Og\u00f3lny bud\u017cet projektu: <strong>3 272 228,27 z\u0142.<\/strong><\/p>\n\n\n\n<p>\u200eWk\u0142ad Funduszy Europejskich: <strong>2 700 242,77 z\u0142.<\/strong><\/p>\n\n\n\n<p>Okr\u0119gowa Komisja Egzaminacyjna w Jaworznie informuje o mo\u017cliwo\u015bci zg\u0142aszania do Instytucji Zarz\u0105dzaj\u0105cej lub Instytucji Po\u015brednicz\u0105cej podejrzenia o niezgodno\u015bci Projektu lub dzia\u0142a\u0144 Beneficjenta z Konwencj\u0105 o prawach os\u00f3b niepe\u0142nosprawnych sporz\u0105dzon\u0105 w Nowym Jorku dnia 13 grudnia 2006 r. (Dz. U. z 2012 r. poz. 1169, z p\u00f3\u017an. zm.), zwanej dalej \u201eKPON\u201d. Sygna\u0142y, zg\u0142oszenia lub skargi dotycz\u0105ce wyst\u0105pienia niezgodno\u015bci projekt\u00f3w FERS z postanowieniami KPON mog\u0105 przekazywa\u0107 osoby fizyczne (uczestnicy projekt\u00f3w lub ich pe\u0142nomocnicy i przedstawiciele), instytucje uczestnicz\u0105ce we wdra\u017caniu funduszy Unii Europejskiej, strona spo\u0142eczna (stowarzyszenia, fundacje), za pomoc\u0105 (w ka\u017cdym poni\u017cszym przypadku uznaje si\u0119 zg\u0142oszenie za przekazane w formie pisemnej):<\/p>\n\n\n\n<p>1) poczty tradycyjnej &#8211; w formie listownej na adres ministerstwa: Ministerstwo Funduszy i Polityki Regionalnej, ul. Wsp\u00f3lna 2\/4, 00-926 Warszawa lub al. Jana Christiana Szucha 25, 00-918 Warszawa<\/p>\n\n\n\n<p>2) skrzynki nadawczej e-puap Ministerstwa Funduszy i Polityki Regionalnej lub Ministerstwa Edukacji Narodowej<\/p>\n\n\n\n<p><a href=\"https:\/\/www.facebook.com\/OKEwJaworznie\/\">Facebook<\/a><\/p>\n\n\n\n<p><strong><a href=\"http:\/\/www.funduszeeuropejskie.gov.pl\/\">#FunduszeUE<\/a> &nbsp;<a href=\"http:\/\/www.funduszeeuropejskie.gov.pl\/\">#FunduszeEuropejskie<\/a><\/strong><\/p>\n\n\n\n<p><\/p>\n<div class=\"pdfprnt-buttons pdfprnt-buttons-page pdfprnt-bottom-left\"><a href=\"https:\/\/oke.jaworzno.pl\/www3\/wp-json\/wp\/v2\/pages\/6747?print=pdf\" class=\"pdfprnt-button pdfprnt-button-pdf\" target=\"_blank\" ><span class=\"pdfprnt-button-title pdfprnt-button-pdf-title\">Wersja do druku<\/span><\/a><\/div>","protected":false},"excerpt":{"rendered":"<p>Nazwa projektu: &#8222;Egzamin \u00f3smoklasisty i egzamin maturalny dla zdaj\u0105cych obywateli Ukrainy&#8221; Decyzja Ministra Edukacji:&nbsp;FERS.01.04-IP.05-0007\/24 z dnia 17 wrze\u015bnia 2024 r.&#46;&#46;&#46;<\/p>\n","protected":false},"author":1,"featured_media":0,"parent":0,"menu_order":0,"comment_status":"closed","ping_status":"closed","template":"","meta":{"_editorskit_title_hidden":false,"_editorskit_reading_time":1,"_editorskit_is_block_options_detached":false,"_editorskit_block_options_position":"{}","footnotes":""},"class_list":["post-6747","page","type-page","status-publish","hentry"],"publishpress_future_workflow_manual_trigger":{"enabledWorkflows":[]},"_links":{"self":[{"href":"https:\/\/oke.jaworzno.pl\/www3\/wp-json\/wp\/v2\/pages\/6747","targetHints":{"allow":["GET"]}}],"collection":[{"href":"https:\/\/oke.jaworzno.pl\/www3\/wp-json\/wp\/v2\/pages"}],"about":[{"href":"https:\/\/oke.jaworzno.pl\/www3\/wp-json\/wp\/v2\/types\/page"}],"author":[{"embeddable":true,"href":"https:\/\/oke.jaworzno.pl\/www3\/wp-json\/wp\/v2\/users\/1"}],"replies":[{"embeddable":true,"href":"https:\/\/oke.jaworzno.pl\/www3\/wp-json\/wp\/v2\/comments?post=6747"}],"version-history":[{"count":10,"href":"https:\/\/oke.jaworzno.pl\/www3\/wp-json\/wp\/v2\/pages\/6747\/revisions"}],"predecessor-version":[{"id":9476,"href":"https:\/\/oke.jaworzno.pl\/www3\/wp-json\/wp\/v2\/pages\/6747\/revisions\/9476"}],"wp:attachment":[{"href":"https:\/\/oke.jaworzno.pl\/www3\/wp-json\/wp\/v2\/media?parent=6747"}],"curies":[{"name":"wp","href":"https:\/\/api.w.org\/{rel}","templated":true}]}}