{"id":698,"date":"2020-03-03T07:14:24","date_gmt":"2020-03-03T06:14:24","guid":{"rendered":"https:\/\/oke.jaworzno.pl\/www3\/?page_id=698"},"modified":"2025-01-22T12:47:04","modified_gmt":"2025-01-22T11:47:04","slug":"informatory-egzamin-eksternistyczny","status":"publish","type":"page","link":"https:\/\/oke.jaworzno.pl\/www3\/ee\/informatory-egzamin-eksternistyczny\/","title":{"rendered":"Egzaminy eksternistyczne &#8211; informatory"},"content":{"rendered":"\n<p class=\"has-very-light-gray-background-color has-background\">Informatory z zakresu szko\u0142y podstawowej dla doros\u0142ych obowi\u0105zuj\u0105ce od sesji jesiennej w 2024 roku:<\/p>\n\n\n\n<ul class=\"wp-block-list\">\n<li><a href=\"https:\/\/cke.gov.pl\/images\/_EGZAMIN_EKSTERNISTYCZNY\/Szkola_podstawowa\/Informatory\/2024\/cz_ogolna_SP8.pdf\">cz\u0119\u015b\u0107 og\u00f3lna<\/a><\/li>\n\n\n\n<li><a href=\"http:\/\/cke.gov.pl\/images\/_EGZAMIN_EKSTERNISTYCZNY\/Szkola_podstawowa\/Informatory\/2024\/Informator_2024_SP_polski.pdf\">j\u0119zyk polski<\/a><\/li>\n\n\n\n<li><a href=\"http:\/\/cke.gov.pl\/images\/_EGZAMIN_EKSTERNISTYCZNY\/Szkola_podstawowa\/Informatory\/2024\/Informator_2024_SP8_historia.pdf\">historia<\/a><\/li>\n\n\n\n<li><a href=\"http:\/\/cke.gov.pl\/images\/_EGZAMIN_EKSTERNISTYCZNY\/Szkola_podstawowa\/Informatory\/2024\/Informator_2024_SP8_Wos.pdf\">wiedza o spo\u0142ecze\u0144stwie<\/a><\/li>\n\n\n\n<li><a href=\"http:\/\/cke.gov.pl\/images\/_EGZAMIN_EKSTERNISTYCZNY\/Szkola_podstawowa\/Informatory\/2024\/Informator_2024_SP8_angielski.pdf\">j\u0119zyk angielski<\/a><\/li>\n\n\n\n<li><a href=\"http:\/\/cke.gov.pl\/images\/_EGZAMIN_EKSTERNISTYCZNY\/Szkola_podstawowa\/Informatory\/2024\/Informator_2024_SP8_francuski.pdf\">j\u0119zyk francuski<\/a><\/li>\n\n\n\n<li><a href=\"http:\/\/cke.gov.pl\/images\/_EGZAMIN_EKSTERNISTYCZNY\/Szkola_podstawowa\/Informatory\/2024\/Informator_2024_SP8_niemiecki.pdf\">j\u0119zyk niemiecki<\/a><\/li>\n\n\n\n<li><a href=\"http:\/\/cke.gov.pl\/images\/_EGZAMIN_EKSTERNISTYCZNY\/Szkola_podstawowa\/Informatory\/2024\/Informator_2024_SP8_rosyjski.pdf\">j\u0119zyk rosyjski<\/a><\/li>\n\n\n\n<li><a href=\"http:\/\/cke.gov.pl\/images\/_EGZAMIN_EKSTERNISTYCZNY\/Szkola_podstawowa\/Informatory\/2024\/Informator_2024_SP_biologia.pdf\">biologia<\/a><\/li>\n\n\n\n<li><a href=\"http:\/\/cke.gov.pl\/images\/_EGZAMIN_EKSTERNISTYCZNY\/Szkola_podstawowa\/Informatory\/2024\/Informator_2024_SP_geografia.pdf\">geografia<\/a><\/li>\n\n\n\n<li><a href=\"http:\/\/cke.gov.pl\/images\/_EGZAMIN_EKSTERNISTYCZNY\/Szkola_podstawowa\/Informatory\/2024\/Informator_2024_SP_chemia.pdf\">chemia<\/a> + <a href=\"http:\/\/cke.gov.pl\/images\/_EGZAMIN_EKSTERNISTYCZNY\/Szkola_podstawowa\/Od_sesji_2019\/Informatory\/chemia_SP8_tablice.pdf\">tablice<\/a><\/li>\n\n\n\n<li><a href=\"http:\/\/cke.gov.pl\/images\/_EGZAMIN_EKSTERNISTYCZNY\/Szkola_podstawowa\/Informatory\/2024\/Informator_2024_SP8_matematyka.pdf\">matematyka<\/a> + <a href=\"http:\/\/cke.gov.pl\/images\/_EGZAMIN_EKSTERNISTYCZNY\/Szkola_podstawowa\/Informatory\/2024\/Wybrane_wzory_matematyczne_EE_SP_2024.pdf\">wzory<\/a><\/li>\n\n\n\n<li><a href=\"http:\/\/cke.gov.pl\/images\/_EGZAMIN_EKSTERNISTYCZNY\/Szkola_podstawowa\/Informatory\/2024\/Informator_EE_SP_informatyka.pdf\">informatyka<\/a> + <a href=\"https:\/\/cke.gov.pl\/images\/_EGZAMIN_EKSTERNISTYCZNY\/Szkola_podstawowa\/Informatory\/2024\/Dane_SP.zip\">dane<\/a> + <a href=\"http:\/\/cke.gov.pl\/images\/_EGZAMIN_EKSTERNISTYCZNY\/Szkola_podstawowa\/Informatory\/2024\/zalacznik%207_1.pdf\">za\u0142\u0105cznik<\/a><\/li>\n\n\n\n<li><a href=\"http:\/\/cke.gov.pl\/images\/_EGZAMIN_EKSTERNISTYCZNY\/Szkola_podstawowa\/Informatory\/2024\/Informator_EE_SP2024_fizyka.pdf\">fizyka<\/a><\/li>\n<\/ul>\n\n\n\n<p class=\"has-very-light-gray-background-color has-background\">Informatory z zakresu czteroletniego liceum og\u00f3lnokszta\u0142c\u0105cego dla doros\u0142ych obowi\u0105zuj\u0105ce od sesji jesiennej w 2024 r.<\/p>\n\n\n\n<ul class=\"wp-block-list\">\n<li><a href=\"https:\/\/cke.gov.pl\/images\/_EGZAMIN_EKSTERNISTYCZNY\/Liceum\/informatory\/2024\/cz_ogolna_LO.pdf\">cz\u0119\u015b\u0107 og\u00f3lna<\/a><\/li>\n\n\n\n<li><a href=\"http:\/\/cke.gov.pl\/images\/_EGZAMIN_EKSTERNISTYCZNY\/Liceum\/informatory\/2024\/Informator_2024_LO_polski.pdf\">j\u0119zyk polski<\/a><\/li>\n\n\n\n<li><a href=\"http:\/\/cke.gov.pl\/images\/_EGZAMIN_EKSTERNISTYCZNY\/Liceum\/informatory\/2024\/Informator_2024_LO4_historia.pdf\">historia<\/a><\/li>\n\n\n\n<li><a href=\"http:\/\/cke.gov.pl\/images\/_EGZAMIN_EKSTERNISTYCZNY\/Liceum\/informatory\/2024\/Informator_2024_LO4_angielski.pdf\">j\u0119zyk angielski<\/a><\/li>\n\n\n\n<li><a href=\"http:\/\/cke.gov.pl\/images\/_EGZAMIN_EKSTERNISTYCZNY\/Liceum\/informatory\/2024\/Informator_2024_LO4_francuski.pdf\">j\u0119zyk francuski<\/a><\/li>\n\n\n\n<li><a href=\"http:\/\/cke.gov.pl\/images\/_EGZAMIN_EKSTERNISTYCZNY\/Liceum\/informatory\/2024\/Informator_2024_LO4_niemiecki.pdf\">j\u0119zyk niemiecki<\/a><\/li>\n\n\n\n<li><a href=\"http:\/\/cke.gov.pl\/images\/_EGZAMIN_EKSTERNISTYCZNY\/Liceum\/informatory\/2024\/Informator_2024_LO4_rosyjski.pdf\">j\u0119zyk rosyjski<\/a><\/li>\n\n\n\n<li><a href=\"http:\/\/cke.gov.pl\/images\/_EGZAMIN_EKSTERNISTYCZNY\/Liceum\/informatory\/2024\/Informator_2024_LO_biologia.pdf\">biologia<\/a><\/li>\n\n\n\n<li><a href=\"http:\/\/cke.gov.pl\/images\/_EGZAMIN_EKSTERNISTYCZNY\/Liceum\/informatory\/2024\/Informator_2024_LO_geografia.pdf\">geografia<\/a><\/li>\n\n\n\n<li><a href=\"http:\/\/cke.gov.pl\/images\/_EGZAMIN_EKSTERNISTYCZNY\/Liceum\/Informator_EELO2023_podstawy_przedsi\u0119biorczo\u015bci.pdf\">podstawy przedsi\u0119biorczo\u015bci<\/a> \/ <a href=\"http:\/\/cke.gov.pl\/images\/_EGZAMIN_EKSTERNISTYCZNY\/Liceum\/informatory\/2024\/Informator_2024_LO_biz.pdf\">biznes i zarz\u0105dzanie (dla os\u00f3b dopuszczonych do egzamin\u00f3w od sesji zimowej 2025 r.)<\/a><\/li>\n\n\n\n<li><a href=\"http:\/\/cke.gov.pl\/images\/_EGZAMIN_EKSTERNISTYCZNY\/Liceum\/informatory\/2024\/Informator_2024_LO_chemia.pdf\">chemia<\/a> + <a href=\"http:\/\/cke.gov.pl\/images\/_EGZAMIN_EKSTERNISTYCZNY\/Liceum\/Informator_EELO2023_tablice_chem.pdf\">tablice<\/a><\/li>\n\n\n\n<li><a href=\"http:\/\/cke.gov.pl\/images\/_EGZAMIN_EKSTERNISTYCZNY\/Liceum\/informatory\/2024\/Informator_2024_LO4_matematyka.pdf\">matematyka<\/a> + <a href=\"http:\/\/cke.gov.pl\/images\/_EGZAMIN_EKSTERNISTYCZNY\/Liceum\/karta_wybranych_wzor\u00f3w_matematycznych_EELO2023.pdf\">wzory<\/a><\/li>\n\n\n\n<li><a href=\"http:\/\/cke.gov.pl\/images\/_EGZAMIN_EKSTERNISTYCZNY\/Liceum\/informatory\/2024\/Informator_EELO2023_informatyka.pdf\">informatyka<\/a> + <a href=\"https:\/\/cke.gov.pl\/images\/_EGZAMIN_EKSTERNISTYCZNY\/Liceum\/informatory\/2024\/Dane_LO.zip\">dane<\/a> + <a href=\"http:\/\/cke.gov.pl\/images\/_EGZAMIN_EKSTERNISTYCZNY\/Liceum\/informatory\/2024\/zalacznik%207_1.pdf\">za\u0142\u0105cznik<\/a><\/li>\n\n\n\n<li><a href=\"http:\/\/cke.gov.pl\/images\/_EGZAMIN_EKSTERNISTYCZNY\/Liceum\/informatory\/2024\/Informator_2024_LO4_fizyka.pdf\">fizyka<\/a> + <a href=\"http:\/\/cke.gov.pl\/images\/_EGZAMIN_EKSTERNISTYCZNY\/Liceum\/informatory\/2024\/Karta_wybranych_wzor%C3%B3w_i_sta%C5%82ych_fizycznych.pdf\">karta wybranych wzor\u00f3w i danych fizycznych<\/a><\/li>\n<\/ul>\n\n\n\n<p class=\"has-very-light-gray-background-color has-background\">Informatory z zakresu bran\u017cowej szko\u0142y I stopnia obowi\u0105zuj\u0105ce od sesji jesiennej w 2024 roku<\/p>\n\n\n\n<ul class=\"wp-block-list\">\n<li><a href=\"https:\/\/cke.gov.pl\/images\/_EGZAMIN_EKSTERNISTYCZNY\/Szkola_branzowa_I\/Informatory\/2024\/cz_ogolna_BS1.pdf\">cz\u0119\u015b\u0107 og\u00f3lna<\/a><\/li>\n\n\n\n<li><a href=\"http:\/\/cke.gov.pl\/images\/_EGZAMIN_EKSTERNISTYCZNY\/Szkola_branzowa_I\/Informatory\/2024\/Informator_2024_BS1_polski.pdf\">j\u0119zyk polski<\/a><\/li>\n\n\n\n<li><a href=\"http:\/\/cke.gov.pl\/images\/_EGZAMIN_EKSTERNISTYCZNY\/Szkola_branzowa_I\/Informatory\/2024\/Informator_2024_BS1_historia.pdf\">historia<\/a><\/li>\n\n\n\n<li><a href=\"http:\/\/cke.gov.pl\/images\/_EGZAMIN_EKSTERNISTYCZNY\/Szkola_branzowa_I\/Informatory\/2024\/Informator_2024_BS1_angielski.pdf\">j\u0119zyk angielski<\/a><\/li>\n\n\n\n<li><a href=\"http:\/\/cke.gov.pl\/images\/_EGZAMIN_EKSTERNISTYCZNY\/Szkola_branzowa_I\/Informatory\/2024\/Informator_2024_BS1_francuski.pdf\">j\u0119zyk francuski<\/a><\/li>\n\n\n\n<li><a href=\"http:\/\/cke.gov.pl\/images\/_EGZAMIN_EKSTERNISTYCZNY\/Szkola_branzowa_I\/Informatory\/2024\/Informator_2024_BS1_niemiecki.pdf\">j\u0119zyk niemiecki<\/a><\/li>\n\n\n\n<li><a href=\"http:\/\/cke.gov.pl\/images\/_EGZAMIN_EKSTERNISTYCZNY\/Szkola_branzowa_I\/Informatory\/2024\/Informator_2024_BS1_rosyjski.pdf\">j\u0119zyk rosyjski<\/a><\/li>\n\n\n\n<li><a href=\"http:\/\/cke.gov.pl\/images\/_EGZAMIN_EKSTERNISTYCZNY\/Szkola_branzowa_I\/Informatory\/2024\/Informator_2024_BS1_biologia.pdf\">biologia<\/a><\/li>\n\n\n\n<li><a href=\"http:\/\/cke.gov.pl\/images\/_EGZAMIN_EKSTERNISTYCZNY\/Szkola_branzowa_I\/Informatory\/2024\/Informator_2024_BS1_geografia.pdf\">geografia<\/a><\/li>\n\n\n\n<li><a href=\"http:\/\/cke.gov.pl\/images\/_EGZAMIN_EKSTERNISTYCZNY\/Zasadnicza\/Informatory\/szkoly_branzowej_I_stopnia\/Informator_2022_BS1_pp.pdf\">podstawy przedsi\u0119biorczo\u015bci<\/a> \/ <a href=\"http:\/\/cke.gov.pl\/images\/_EGZAMIN_EKSTERNISTYCZNY\/Szkola_branzowa_I\/Informatory\/2024\/Informator_2024_BS1_biz.pdf\">biznes i zarz\u0105dzanie (od sesji jesiennej 2025 r.)<\/a><\/li>\n\n\n\n<li><a href=\"http:\/\/cke.gov.pl\/images\/_EGZAMIN_EKSTERNISTYCZNY\/Szkola_branzowa_I\/Informatory\/2024\/Informator_2024_BS1_chemia.pdf\">chemia<\/a> + <a href=\"http:\/\/cke.gov.pl\/images\/_EGZAMIN_EKSTERNISTYCZNY\/Zasadnicza\/Informatory\/szkoly_branzowej_I_stopnia\/Informator_2022_BS1_chemia+tablice.pdf\">tablice<\/a><\/li>\n\n\n\n<li><a href=\"http:\/\/cke.gov.pl\/images\/_EGZAMIN_EKSTERNISTYCZNY\/Szkola_branzowa_I\/Informatory\/2024\/Informator_2024_BS1_matematyka.pdf\">matematyka<\/a> + <a href=\"https:\/\/cke.gov.pl\/images\/_EGZAMIN_EKSTERNISTYCZNY\/Zasadnicza\/Informatory\/Wybrane_wzory_matematyczne_BS1.pdf\">wzory<\/a><\/li>\n\n\n\n<li><a href=\"http:\/\/cke.gov.pl\/images\/_EGZAMIN_EKSTERNISTYCZNY\/Szkola_branzowa_I\/Informatory\/2024\/Informator_BS1_informatyka.pdf\">informatyka<\/a> + <a href=\"https:\/\/cke.gov.pl\/images\/_EGZAMIN_EKSTERNISTYCZNY\/Szkola_branzowa_I\/Informatory\/2024\/Dane_BS1.zip\">dane<\/a> + <a href=\"http:\/\/cke.gov.pl\/images\/_EGZAMIN_EKSTERNISTYCZNY\/Szkola_branzowa_I\/Informatory\/2024\/zalacznik%207_1.pdf\">za\u0142\u0105cznik<\/a><\/li>\n\n\n\n<li><a href=\"http:\/\/cke.gov.pl\/images\/_EGZAMIN_EKSTERNISTYCZNY\/Szkola_branzowa_I\/Informatory\/2024\/Informator_EE_BS1_2024_fizyka.pdf\">fizyka<\/a> + <a href=\"http:\/\/cke.gov.pl\/images\/_EGZAMIN_EKSTERNISTYCZNY\/Szkola_branzowa_I\/Informatory\/2024\/Karta_wybranych_wzor%C3%B3w_i_sta%C5%82ych_fizycznych.pdf\">karta wybranych wzor\u00f3w i sta\u0142ych fizycznych<\/a><\/li>\n<\/ul>\n\n\n\n<p class=\"has-very-light-gray-background-color has-background\">Informatory z zakresu bran\u017cowej szko\u0142y II stopnia obowi\u0105zuj\u0105ce od sesji jesiennej w 2024 roku<\/p>\n\n\n\n<ul class=\"wp-block-list\">\n<li><a href=\"https:\/\/cke.gov.pl\/images\/_EGZAMIN_EKSTERNISTYCZNY\/Szkola_branzowa_II\/Informatory\/2024_2\/cz_ogolna_BS2.pdf\">cz\u0119\u015b\u0107 og\u00f3lna<\/a><\/li>\n\n\n\n<li><a href=\"http:\/\/cke.gov.pl\/images\/_EGZAMIN_EKSTERNISTYCZNY\/Szkola_branzowa_II\/Informatory\/2024_2\/Informator_2024_BS2_polski.pdf\">j\u0119zyk polski<\/a><\/li>\n\n\n\n<li><a href=\"http:\/\/cke.gov.pl\/images\/_EGZAMIN_EKSTERNISTYCZNY\/Szkola_branzowa_II\/Informatory\/2024_2\/Informator_2024_BS2_angielski.pdf\">j\u0119zyk angielski<\/a><\/li>\n\n\n\n<li><a href=\"http:\/\/cke.gov.pl\/images\/_EGZAMIN_EKSTERNISTYCZNY\/Szkola_branzowa_II\/Informatory\/2024_2\/Informator_2024_BS2_francuski.pdf\">j\u0119zyk francuski<\/a><\/li>\n\n\n\n<li><a href=\"http:\/\/cke.gov.pl\/images\/_EGZAMIN_EKSTERNISTYCZNY\/Szkola_branzowa_II\/Informatory\/2024_2\/Informator_2024_BS2_niemiecki.pdf\">j\u0119zyk niemiecki<\/a><\/li>\n\n\n\n<li><a href=\"http:\/\/cke.gov.pl\/images\/_EGZAMIN_EKSTERNISTYCZNY\/Szkola_branzowa_II\/Informatory\/2024_2\/Informator_2024_BS2_rosyjski.pdf\">j\u0119zyk rosyjski<\/a><\/li>\n\n\n\n<li><a href=\"http:\/\/cke.gov.pl\/images\/_EGZAMIN_EKSTERNISTYCZNY\/Szkola_branzowa_II\/Informatory\/2024_2\/Informator_2024_BS2_matematyka.pdf\">matematyka<\/a> + <a href=\"http:\/\/cke.gov.pl\/images\/_EGZAMIN_EKSTERNISTYCZNY\/Szkola_branzowa_II\/Informatory\/2024\/Informator_2024_BS2_matematyka.pdf_wzory.pdf\">wzory<\/a><\/li>\n\n\n\n<li><a href=\"http:\/\/cke.gov.pl\/images\/_EGZAMIN_EKSTERNISTYCZNY\/Szkola_branzowa_II\/Informatory\/2024_2\/Informator_2024_BS2_informatyka.pdf\">informatyka<\/a> + <a href=\"https:\/\/cke.gov.pl\/images\/_EGZAMIN_EKSTERNISTYCZNY\/Szkola_branzowa_II\/Informatory\/2024_2\/Dane_BS2.zip\">dane<\/a> + <a href=\"http:\/\/cke.gov.pl\/images\/_EGZAMIN_EKSTERNISTYCZNY\/Szkola_branzowa_II\/Informatory\/2024_2\/zalacznik%207_1.pdf\">za\u0142\u0105cznik<\/a><\/li>\n<\/ul>\n<div class=\"pdfprnt-buttons pdfprnt-buttons-page pdfprnt-bottom-left\"><a href=\"https:\/\/oke.jaworzno.pl\/www3\/wp-json\/wp\/v2\/pages\/698?print=pdf\" class=\"pdfprnt-button pdfprnt-button-pdf\" target=\"_blank\" ><span class=\"pdfprnt-button-title pdfprnt-button-pdf-title\">Wersja do druku<\/span><\/a><\/div>","protected":false},"excerpt":{"rendered":"<p>Informatory z zakresu szko\u0142y podstawowej dla doros\u0142ych obowi\u0105zuj\u0105ce od sesji jesiennej w 2024 roku: Informatory z zakresu czteroletniego liceum og\u00f3lnokszta\u0142c\u0105cego&#46;&#46;&#46;<\/p>\n","protected":false},"author":1,"featured_media":0,"parent":24,"menu_order":0,"comment_status":"closed","ping_status":"closed","template":"","meta":{"_editorskit_title_hidden":false,"_editorskit_reading_time":1,"_editorskit_is_block_options_detached":false,"_editorskit_block_options_position":"{}","footnotes":""},"class_list":["post-698","page","type-page","status-publish","hentry"],"publishpress_future_workflow_manual_trigger":{"enabledWorkflows":[]},"_links":{"self":[{"href":"https:\/\/oke.jaworzno.pl\/www3\/wp-json\/wp\/v2\/pages\/698","targetHints":{"allow":["GET"]}}],"collection":[{"href":"https:\/\/oke.jaworzno.pl\/www3\/wp-json\/wp\/v2\/pages"}],"about":[{"href":"https:\/\/oke.jaworzno.pl\/www3\/wp-json\/wp\/v2\/types\/page"}],"author":[{"embeddable":true,"href":"https:\/\/oke.jaworzno.pl\/www3\/wp-json\/wp\/v2\/users\/1"}],"replies":[{"embeddable":true,"href":"https:\/\/oke.jaworzno.pl\/www3\/wp-json\/wp\/v2\/comments?post=698"}],"version-history":[{"count":2,"href":"https:\/\/oke.jaworzno.pl\/www3\/wp-json\/wp\/v2\/pages\/698\/revisions"}],"predecessor-version":[{"id":8669,"href":"https:\/\/oke.jaworzno.pl\/www3\/wp-json\/wp\/v2\/pages\/698\/revisions\/8669"}],"up":[{"embeddable":true,"href":"https:\/\/oke.jaworzno.pl\/www3\/wp-json\/wp\/v2\/pages\/24"}],"wp:attachment":[{"href":"https:\/\/oke.jaworzno.pl\/www3\/wp-json\/wp\/v2\/media?parent=698"}],"curies":[{"name":"wp","href":"https:\/\/api.w.org\/{rel}","templated":true}]}}