{"id":702,"date":"2020-03-03T07:15:44","date_gmt":"2020-03-03T06:15:44","guid":{"rendered":"https:\/\/oke.jaworzno.pl\/www3\/?page_id=702"},"modified":"2025-10-31T08:48:14","modified_gmt":"2025-10-31T07:48:14","slug":"wnioski-druki-egzaminy-eksternistyczne","status":"publish","type":"page","link":"https:\/\/oke.jaworzno.pl\/www3\/ee\/wnioski-druki-egzaminy-eksternistyczne\/","title":{"rendered":"Egzaminy eksternistyczne &#8211; Wnioski, druki"},"content":{"rendered":"\n<p class=\"has-very-light-gray-background-color has-background\"><strong>Egzaminy eksternistyczne og\u00f3lnokszta\u0142c\u0105ce<\/strong><\/p>\n\n\n\n<ul class=\"wp-block-list\">\n<li><a href=\"https:\/\/oke.jaworzno.pl\/www3\/wp-content\/uploads\/ee\/2025\/2_1_wniosek_o_dopuszczenie.pdf\">Wniosek o dopuszczenie do egzamin\u00f3w eksternistycznych<\/a><\/li>\n\n\n\n<li><a href=\"https:\/\/oke.jaworzno.pl\/www3\/wp-content\/uploads\/ee\/2025\/2_2_deklaracja_SP.pdf\">Deklaracja dla zdaj\u0105cego z zakresu szko\u0142y podstawowej dla doros\u0142ych<\/a><\/li>\n\n\n\n<li><a href=\"https:\/\/oke.jaworzno.pl\/www3\/wp-content\/uploads\/ee\/2025\/2_3_deklaracja_LO.pdf\">Deklaracja dla zdaj\u0105cego z zakresu liceum og\u00f3lnokszta\u0142c\u0105cego dla doros\u0142ych<\/a><br>UWAGA! Osoby dopuszczone do egzamin\u00f3w do 28 sierpnia 2024 r. deklaruj\u0105 przyst\u0105pienie do egzaminu z podstaw przedsi\u0119biorczo\u015bci, a osoby dopuszczone do egzamin\u00f3w po 28 sierpnia 2024 r. \u2212 z biznesu i zarz\u0105dzania.<\/li>\n\n\n\n<li><a href=\"https:\/\/oke.jaworzno.pl\/www3\/wp-content\/uploads\/ee\/2025\/2_4_deklaracja_BS1.pdf\">Deklaracja dla zdaj\u0105cego z zakresu\u00a0wymaga\u0144 okre\u015blonych w\u00a0podstawie programowej kszta\u0142cenia og\u00f3lnego dla bran\u017cowej szko\u0142y I stopnia<\/a><\/li>\n\n\n\n<li><a href=\"https:\/\/oke.jaworzno.pl\/www3\/wp-content\/uploads\/ee\/2025\/2_5_deklaracja_BS2.pdf\">Deklaracja dla zdaj\u0105cego z zakresu\u00a0wymaga\u0144 okre\u015blonych w\u00a0podstawie programowej kszta\u0142cenia og\u00f3lnego dla bran\u017cowej szko\u0142y II stopnia<\/a><\/li>\n\n\n\n<li><a href=\"https:\/\/oke.jaworzno.pl\/www3\/wp-content\/uploads\/ee\/2025\/2_8_wniosek_o_przedluzenie.pdf\">Wniosek o przed\u0142u\u017cenie okresu zdawania egzamin\u00f3w eksternistycznych<\/a><\/li>\n\n\n\n<li><a href=\"https:\/\/oke.jaworzno.pl\/www3\/wp-content\/uploads\/ee\/2025\/2_9_wniosek_o_zaliczenie.pdf\">Wniosek o zaliczenie zdanych egzamin\u00f3w<\/a><\/li>\n\n\n\n<li><a href=\"https:\/\/oke.jaworzno.pl\/www3\/wp-content\/uploads\/ee\/2025\/2_6_2_7_wniosek_o_zwolnienie.pdf\">Wniosek o zwolnienie z op\u0142aty<\/a><\/li>\n\n\n\n<li><a href=\"https:\/\/oke.jaworzno.pl\/www3\/wp-content\/uploads\/ee\/Wniosek-o-przeniesienie-oplaty-za-egzaminy-eksternistyczne.docx\">Wniosek o przeniesienie op\u0142aty za egzaminy eksternistyczne<\/a><\/li>\n<\/ul>\n\n\n\n<p class=\"has-very-light-gray-background-color has-background\"><strong>Egzamin eksternistyczny zawodowy<\/strong><\/p>\n\n\n\n<ul class=\"wp-block-list\">\n<li><a href=\"https:\/\/oke.jaworzno.pl\/www3\/wp-content\/uploads\/ez\/2021\/Wniosek_o_dopuszczenie_2019.pdf\" class=\"ek-link\">Wniosek o dopuszczenie do egzaminu z zakresu danej kwalifikacji wyodr\u0119bnionej w zawodzie<\/a><\/li>\n\n\n\n<li><a href=\"https:\/\/oke.jaworzno.pl\/www3\/wp-content\/uploads\/ez\/2021\/Deklaracja_2019.pdf\" class=\"ek-link\">Deklaracja przyst\u0105pienia do egzaminu<\/a><\/li>\n<\/ul>\n\n\n\n<p><\/p>\n<div class=\"pdfprnt-buttons pdfprnt-buttons-page pdfprnt-bottom-left\"><a href=\"https:\/\/oke.jaworzno.pl\/www3\/wp-json\/wp\/v2\/pages\/702?print=pdf\" class=\"pdfprnt-button pdfprnt-button-pdf\" target=\"_blank\" ><span class=\"pdfprnt-button-title pdfprnt-button-pdf-title\">Wersja do druku<\/span><\/a><\/div>","protected":false},"excerpt":{"rendered":"","protected":false},"author":1,"featured_media":0,"parent":24,"menu_order":0,"comment_status":"closed","ping_status":"closed","template":"","meta":{"_editorskit_title_hidden":false,"_editorskit_reading_time":1,"_editorskit_is_block_options_detached":false,"_editorskit_block_options_position":"{}","footnotes":""},"class_list":["post-702","page","type-page","status-publish","hentry"],"publishpress_future_workflow_manual_trigger":{"enabledWorkflows":[]},"_links":{"self":[{"href":"https:\/\/oke.jaworzno.pl\/www3\/wp-json\/wp\/v2\/pages\/702","targetHints":{"allow":["GET"]}}],"collection":[{"href":"https:\/\/oke.jaworzno.pl\/www3\/wp-json\/wp\/v2\/pages"}],"about":[{"href":"https:\/\/oke.jaworzno.pl\/www3\/wp-json\/wp\/v2\/types\/page"}],"author":[{"embeddable":true,"href":"https:\/\/oke.jaworzno.pl\/www3\/wp-json\/wp\/v2\/users\/1"}],"replies":[{"embeddable":true,"href":"https:\/\/oke.jaworzno.pl\/www3\/wp-json\/wp\/v2\/comments?post=702"}],"version-history":[{"count":1,"href":"https:\/\/oke.jaworzno.pl\/www3\/wp-json\/wp\/v2\/pages\/702\/revisions"}],"predecessor-version":[{"id":9246,"href":"https:\/\/oke.jaworzno.pl\/www3\/wp-json\/wp\/v2\/pages\/702\/revisions\/9246"}],"up":[{"embeddable":true,"href":"https:\/\/oke.jaworzno.pl\/www3\/wp-json\/wp\/v2\/pages\/24"}],"wp:attachment":[{"href":"https:\/\/oke.jaworzno.pl\/www3\/wp-json\/wp\/v2\/media?parent=702"}],"curies":[{"name":"wp","href":"https:\/\/api.w.org\/{rel}","templated":true}]}}