{"id":708,"date":"2020-03-03T07:18:21","date_gmt":"2020-03-03T06:18:21","guid":{"rendered":"https:\/\/oke.jaworzno.pl\/www3\/?page_id=708"},"modified":"2025-12-16T09:06:50","modified_gmt":"2025-12-16T08:06:50","slug":"egzaminy-eksternistyczne-komunikaty","status":"publish","type":"page","link":"https:\/\/oke.jaworzno.pl\/www3\/ee\/egzaminy-eksternistyczne-komunikaty\/","title":{"rendered":"Egzaminy eksternistyczne &#8211; harmonogram, komunikaty i informacje"},"content":{"rendered":"\n<ul class=\"wp-block-list\">\n<li><a href=\"https:\/\/oke.jaworzno.pl\/www3\/wp-content\/uploads\/ee\/2025\/harmonogram_sesja_jesienna_2025.pdf\"><\/a><a href=\"http:\/\/cke.gov.pl\/images\/_EGZAMIN_EKSTERNISTYCZNY\/komunikaty\/harmonogram_sesja_zimowa_2026.pdf\">Harmonogram sesji zimowej w 2026 roku<\/a><\/li>\n\n\n\n<li><a href=\"http:\/\/cke.gov.pl\/images\/_EGZAMIN_EKSTERNISTYCZNY\/komunikaty\/przybory_sesja_zimowa_2026.pdf\">Komunikat o przyborach w sesji zimowej w 2026 roku<\/a><\/li>\n\n\n\n<li><a href=\"http:\/\/cke.gov.pl\/images\/_EGZAMIN_EKSTERNISTYCZNY\/komunikaty\/dostosowanie_2026.pdf\">Dostosowania 2026<\/a><\/li>\n\n\n\n<li><a href=\"http:\/\/cke.gov.pl\/images\/_EGZAMIN_EKSTERNISTYCZNY\/komunikaty\/egzaminy%20eksternistyczne_informacja_2026.pdf\">Informacja o sposobie organizacji i przeprowadzenia egzamin\u00f3w eksternistycznych w 2026 roku<\/a><\/li>\n\n\n\n<li><a href=\"http:\/\/cke.gov.pl\/images\/_EGZAMIN_EKSTERNISTYCZNY\/komunikaty\/zal%C4%85czniki.zip\">Za\u0142\u0105czniki do informacji o sposobie organizacji i przeprowadzenia egzamin\u00f3w eksternistycznych w 2026 roku<\/a><\/li>\n\n\n\n<li><a href=\"http:\/\/cke.gov.pl\/images\/_EGZAMIN_MATURALNY_OD_2023\/komunikaty\/2026\/komunikaty\/20250820%20Ortografia%20na%20egzaminach.pdf\">Informacja dotycz\u0105ca oceniania poprawno\u015bci ortograficznej w pracach egzaminacyjnych egzaminu \u00f3smoklasisty, egzaminu maturalnego i egzamin\u00f3w eksternistycznych<\/a><\/li>\n\n\n\n<li><a href=\"https:\/\/oke.jaworzno.pl\/www3\/wp-content\/uploads\/2024\/11\/Zalacznik-4.3.pdf\" class=\"ek-link\">Za\u0142\u0105cznik 4.3<\/a>: Informacja dla przyst\u0119puj\u0105cego do egzaminu eksternistycznego<\/li>\n\n\n\n<li><a href=\"https:\/\/oke.jaworzno.pl\/www3\/wp-content\/uploads\/ee\/2024\/Zalacznik-7.1.pdf\" class=\"ek-link\">Za\u0142\u0105cznik 7.1<\/a>: Przeprowadzanie egzaminu eksternistycznego z informatyki<\/li>\n<\/ul>\n\n\n\n<p><\/p>\n<div class=\"pdfprnt-buttons pdfprnt-buttons-page pdfprnt-bottom-left\"><a href=\"https:\/\/oke.jaworzno.pl\/www3\/wp-json\/wp\/v2\/pages\/708?print=pdf\" class=\"pdfprnt-button pdfprnt-button-pdf\" target=\"_blank\" ><span class=\"pdfprnt-button-title pdfprnt-button-pdf-title\">Wersja do druku<\/span><\/a><\/div>","protected":false},"excerpt":{"rendered":"","protected":false},"author":1,"featured_media":0,"parent":24,"menu_order":0,"comment_status":"closed","ping_status":"closed","template":"","meta":{"_editorskit_title_hidden":false,"_editorskit_reading_time":1,"_editorskit_is_block_options_detached":false,"_editorskit_block_options_position":"{}","footnotes":""},"class_list":["post-708","page","type-page","status-publish","hentry"],"publishpress_future_workflow_manual_trigger":{"enabledWorkflows":[]},"_links":{"self":[{"href":"https:\/\/oke.jaworzno.pl\/www3\/wp-json\/wp\/v2\/pages\/708","targetHints":{"allow":["GET"]}}],"collection":[{"href":"https:\/\/oke.jaworzno.pl\/www3\/wp-json\/wp\/v2\/pages"}],"about":[{"href":"https:\/\/oke.jaworzno.pl\/www3\/wp-json\/wp\/v2\/types\/page"}],"author":[{"embeddable":true,"href":"https:\/\/oke.jaworzno.pl\/www3\/wp-json\/wp\/v2\/users\/1"}],"replies":[{"embeddable":true,"href":"https:\/\/oke.jaworzno.pl\/www3\/wp-json\/wp\/v2\/comments?post=708"}],"version-history":[{"count":7,"href":"https:\/\/oke.jaworzno.pl\/www3\/wp-json\/wp\/v2\/pages\/708\/revisions"}],"predecessor-version":[{"id":9312,"href":"https:\/\/oke.jaworzno.pl\/www3\/wp-json\/wp\/v2\/pages\/708\/revisions\/9312"}],"up":[{"embeddable":true,"href":"https:\/\/oke.jaworzno.pl\/www3\/wp-json\/wp\/v2\/pages\/24"}],"wp:attachment":[{"href":"https:\/\/oke.jaworzno.pl\/www3\/wp-json\/wp\/v2\/media?parent=708"}],"curies":[{"name":"wp","href":"https:\/\/api.w.org\/{rel}","templated":true}]}}