{"id":719,"date":"2020-03-03T07:41:22","date_gmt":"2020-03-03T06:41:22","guid":{"rendered":"https:\/\/oke.jaworzno.pl\/www3\/?page_id=719"},"modified":"2026-03-11T08:07:25","modified_gmt":"2026-03-11T07:07:25","slug":"zwolnienia-z-obowiazku-przystapienia-do-egzaminu","status":"publish","type":"page","link":"https:\/\/oke.jaworzno.pl\/www3\/egzamin-maturalny\/zwolnienia-z-obowiazku-przystapienia-do-egzaminu\/","title":{"rendered":"Zwolnienia z obowi\u0105zku przyst\u0105pienia do egzaminu maturalnego"},"content":{"rendered":"\n<h3 class=\"wp-block-heading\">Rok szkolny 2025\/2026<\/h3>\n\n\n\n<ul class=\"wp-block-list\">\n<li><a class=\"ek-link\" href=\"http:\/\/www.gov.pl\/web\/edukacja\/komunikat-ministra-edukacji-i-nauki-w-sprawie-wykazu-olimpiad-przedmiotowych-przeprowadzanych-z-przedmiotu-lub-przedmiotow-objetych-egzaminem-osmoklasisty-lub-egzaminem-maturalnym-oraz-konkursow-dla-uczniow-szkol-i-placowek-artystycznych-w-roku-szkolnym-20242025\"><\/a><a href=\"https:\/\/www.gov.pl\/web\/edukacja\/komunikat-ministra-edukacji-w-sprawie-wykazu-olimpiad-przedmiotowych-przeprowadzanych-z-przedmiotu-lub-przedmiotow-objetych-egzaminem-osmoklasisty-lub-egzaminem-maturalnym-oraz-konkursow-dla-uczniow-szkol-i-placowek-artystycznych\">Komunikat Ministra Edukacji w sprawie wykazu olimpiad przedmiotowych przeprowadzanych z przedmiotu lub przedmiot\u00f3w obj\u0119tych egzaminem \u00f3smoklasisty lub egzaminem maturalnym oraz konkurs\u00f3w dla uczni\u00f3w szk\u00f3\u0142 i plac\u00f3wek artystycznych w roku szkolnym 2025\/2026<\/a><\/li>\n<\/ul>\n\n\n\n<p><\/p>\n<div class=\"pdfprnt-buttons pdfprnt-buttons-page pdfprnt-bottom-left\"><a href=\"https:\/\/oke.jaworzno.pl\/www3\/wp-json\/wp\/v2\/pages\/719?print=pdf\" class=\"pdfprnt-button pdfprnt-button-pdf\" target=\"_blank\" ><span class=\"pdfprnt-button-title pdfprnt-button-pdf-title\">Wersja do druku<\/span><\/a><\/div>","protected":false},"excerpt":{"rendered":"","protected":false},"author":1,"featured_media":0,"parent":6038,"menu_order":0,"comment_status":"closed","ping_status":"closed","template":"","meta":{"_editorskit_title_hidden":false,"_editorskit_reading_time":1,"_editorskit_is_block_options_detached":false,"_editorskit_block_options_position":"{}","footnotes":""},"class_list":["post-719","page","type-page","status-publish","hentry"],"publishpress_future_workflow_manual_trigger":{"enabledWorkflows":[]},"_links":{"self":[{"href":"https:\/\/oke.jaworzno.pl\/www3\/wp-json\/wp\/v2\/pages\/719","targetHints":{"allow":["GET"]}}],"collection":[{"href":"https:\/\/oke.jaworzno.pl\/www3\/wp-json\/wp\/v2\/pages"}],"about":[{"href":"https:\/\/oke.jaworzno.pl\/www3\/wp-json\/wp\/v2\/types\/page"}],"author":[{"embeddable":true,"href":"https:\/\/oke.jaworzno.pl\/www3\/wp-json\/wp\/v2\/users\/1"}],"replies":[{"embeddable":true,"href":"https:\/\/oke.jaworzno.pl\/www3\/wp-json\/wp\/v2\/comments?post=719"}],"version-history":[{"count":2,"href":"https:\/\/oke.jaworzno.pl\/www3\/wp-json\/wp\/v2\/pages\/719\/revisions"}],"predecessor-version":[{"id":9443,"href":"https:\/\/oke.jaworzno.pl\/www3\/wp-json\/wp\/v2\/pages\/719\/revisions\/9443"}],"up":[{"embeddable":true,"href":"https:\/\/oke.jaworzno.pl\/www3\/wp-json\/wp\/v2\/pages\/6038"}],"wp:attachment":[{"href":"https:\/\/oke.jaworzno.pl\/www3\/wp-json\/wp\/v2\/media?parent=719"}],"curies":[{"name":"wp","href":"https:\/\/api.w.org\/{rel}","templated":true}]}}