{"id":724,"date":"2023-07-06T13:59:32","date_gmt":"2023-07-06T11:59:32","guid":{"rendered":"https:\/\/oke.jaworzno.pl\/www3\/?page_id=724"},"modified":"2026-03-11T08:07:59","modified_gmt":"2026-03-11T07:07:59","slug":"wglady-do-prac-maturalnych","status":"publish","type":"page","link":"https:\/\/oke.jaworzno.pl\/www3\/egzamin-maturalny\/wglady-do-prac-maturalnych\/","title":{"rendered":"Wgl\u0105dy do prac egzaminacyjnych &#8211; egzamin maturalny"},"content":{"rendered":"\n<p id=\"block-951bf44e-5712-426d-be9f-9a6d9e3b1ce4\"><em>Wniosek o wgl\u0105d<\/em> <em>do sprawdzonej i ocenionej pracy<\/em> mo\u017cna z\u0142o\u017cy\u0107 od 8&nbsp;lipca 2025 r.<\/p>\n\n\n\n<p id=\"block-071918b1-0c5b-4d38-9d8a-4c5de91a7ed2\">Wnioski <strong>z\u0142o\u017cone przed 8 lipca 2025 r. <\/strong>nie b\u0119d\u0105 rozpatrywane.<\/p>\n\n\n\n<p id=\"block-355c207e-8a07-424b-bb2b-88b9bed85b85\">Wniosek o wgl\u0105d do sprawdzonej i ocenionej pracy nale\u017cy z\u0142o\u017cy\u0107 za po\u015brednictwem aplikacji elektronicznej (<a href=\"https:\/\/ziu.gov.pl\/zdajacy\/wnioski\/wglad\/\">https:\/\/ziu.gov.pl\/zdajacy\/wnioski\/wglad\/<\/a>).<\/p>\n\n\n\n<figure class=\"wp-block-image\" id=\"block-4a2a5e37-10cd-4e74-93e0-cc13c7f1ff9d\"><a href=\"https:\/\/ziu.gov.pl\/zdajacy\/wnioski\/wglad\/\"><img decoding=\"async\" src=\"https:\/\/oke.jaworzno.pl\/www3\/wp-content\/uploads\/2023\/07\/ziu.png\" alt=\"Obrazek posiada pusty atrybut alt; plik o nazwie ziu.png\"\/><\/a><\/figure>\n\n\n\n<p><\/p>\n\n\n\n<p id=\"block-8ac190cb-6586-42f9-912f-e9b3f1805541\"><span style=\"background-color:#8ed1fc\" class=\"has-inline-background\">Przed z\u0142o\u017ceniem wniosku nale\u017cy zapozna\u0107 si\u0119 z poni\u017csz\u0105 informacj\u0105:<\/span><\/p>\n\n\n\n<p id=\"block-a27e0252-fe05-4120-98f3-1ae77b805014\">Wgl\u0105dy do sprawdzonych i ocenionych prac odbywa\u0107 si\u0119 b\u0119d\u0105 w&nbsp;siedzibie Okr\u0119gowej Komisji Egzaminacyjnej w Jaworznie, ul.&nbsp;Mickiewicza&nbsp;4 oraz w ATElier Kultury w Jaworznie, ul. Mickiewicza 2 \u2013 obok budynku OKE w Jaworznie.<\/p>\n\n\n\n<ul id=\"block-3dd84a93-eaa7-40e0-9c0d-cc6df14933a5\" class=\"wp-block-list\">\n<li>Informacja o terminie i miejscu wgl\u0105du zostanie przekazana za pomoc\u0105 SMS-a\/E-mail na numer telefonu\/adres E-mail podany we wniosku \u2013 w ci\u0105gu 5 dni roboczych od daty rejestracji wniosku.<\/li>\n\n\n\n<li>We wgl\u0105dzie uczestniczy\u0107 mo\u017ce Absolwent.<\/li>\n\n\n\n<li>Na wgl\u0105d nale\u017cy zg\u0142osi\u0107 si\u0119 z dokumentem to\u017csamo\u015bci&nbsp; ze zdj\u0119ciem.<\/li>\n\n\n\n<li>Przed wgl\u0105dem prosimy zapozna\u0107 si\u0119 z <a href=\"https:\/\/oke.jaworzno.pl\/www3\/wp-content\/uploads\/em\/2025\/EM-zasady-wgladow_2025_CKE.docx\">zasadami wgl\u0105du do sprawdzonej i&nbsp;ocenionej pracy egzaminacyjnej.<\/a><\/li>\n\n\n\n<li>Zasady oceniania zada\u0144 dost\u0119pne s\u0105 na stronach: <a href=\"https:\/\/cke.gov.pl\/egzamin-maturalny\/egzamin-maturalny-w-formule-2023\/arkusze\/2025-2\/\">FORMU\u0141A 2023<\/a><\/li>\n\n\n\n<li>Podczas dokonywania wgl\u0105du dozwolone jest fotografowanie pracy egzaminacyjnej.<\/li>\n\n\n\n<li>Podczas wgl\u0105d\u00f3w zabronione jest korzystanie z w\u0142asnych materia\u0142\u00f3w pi\u015bmienniczych.<\/li>\n<\/ul>\n\n\n\n<p id=\"block-82119921-6f8a-46bf-a681-e8bb5f3ea6b0\"><strong><span style=\"background-color:#cf2e2e\" class=\"has-inline-background\">Uwaga<\/span><\/strong><\/p>\n\n\n\n<p id=\"block-f9c5e025-91cf-42e7-816b-ef7f8f330dff\">W przypadku zorganizowania wgl\u0105du dla osoby niepe\u0142nosprawnej ruchowo prosimy o&nbsp;wcze\u015bniejszy telefon \u2013 32 784 16 15.<\/p>\n<div class=\"pdfprnt-buttons pdfprnt-buttons-page pdfprnt-bottom-left\"><a href=\"https:\/\/oke.jaworzno.pl\/www3\/wp-json\/wp\/v2\/pages\/724?print=pdf\" class=\"pdfprnt-button pdfprnt-button-pdf\" target=\"_blank\" ><span class=\"pdfprnt-button-title pdfprnt-button-pdf-title\">Wersja do druku<\/span><\/a><\/div>","protected":false},"excerpt":{"rendered":"<p>Wniosek o wgl\u0105d do sprawdzonej i ocenionej pracy mo\u017cna z\u0142o\u017cy\u0107 od 8&nbsp;lipca 2025 r. Wnioski z\u0142o\u017cone przed 8 lipca 2025&#46;&#46;&#46;<\/p>\n","protected":false},"author":1,"featured_media":0,"parent":6038,"menu_order":0,"comment_status":"closed","ping_status":"closed","template":"","meta":{"_editorskit_title_hidden":false,"_editorskit_reading_time":1,"_editorskit_is_block_options_detached":false,"_editorskit_block_options_position":"{}","footnotes":""},"class_list":["post-724","page","type-page","status-publish","hentry"],"publishpress_future_workflow_manual_trigger":{"enabledWorkflows":[]},"_links":{"self":[{"href":"https:\/\/oke.jaworzno.pl\/www3\/wp-json\/wp\/v2\/pages\/724","targetHints":{"allow":["GET"]}}],"collection":[{"href":"https:\/\/oke.jaworzno.pl\/www3\/wp-json\/wp\/v2\/pages"}],"about":[{"href":"https:\/\/oke.jaworzno.pl\/www3\/wp-json\/wp\/v2\/types\/page"}],"author":[{"embeddable":true,"href":"https:\/\/oke.jaworzno.pl\/www3\/wp-json\/wp\/v2\/users\/1"}],"replies":[{"embeddable":true,"href":"https:\/\/oke.jaworzno.pl\/www3\/wp-json\/wp\/v2\/comments?post=724"}],"version-history":[{"count":3,"href":"https:\/\/oke.jaworzno.pl\/www3\/wp-json\/wp\/v2\/pages\/724\/revisions"}],"predecessor-version":[{"id":9444,"href":"https:\/\/oke.jaworzno.pl\/www3\/wp-json\/wp\/v2\/pages\/724\/revisions\/9444"}],"up":[{"embeddable":true,"href":"https:\/\/oke.jaworzno.pl\/www3\/wp-json\/wp\/v2\/pages\/6038"}],"wp:attachment":[{"href":"https:\/\/oke.jaworzno.pl\/www3\/wp-json\/wp\/v2\/media?parent=724"}],"curies":[{"name":"wp","href":"https:\/\/api.w.org\/{rel}","templated":true}]}}