{"id":827,"date":"2020-03-11T15:26:25","date_gmt":"2020-03-11T14:26:25","guid":{"rendered":"https:\/\/oke.jaworzno.pl\/www3\/?page_id=827"},"modified":"2026-03-11T08:06:44","modified_gmt":"2026-03-11T07:06:44","slug":"komunikaty-egzamin-maturalny","status":"publish","type":"page","link":"https:\/\/oke.jaworzno.pl\/www3\/egzamin-maturalny\/komunikaty-egzamin-maturalny\/","title":{"rendered":"Harmonogram, komunikaty i informacje &#8211; egzamin maturalny"},"content":{"rendered":"\n<h2 class=\"wp-block-heading\">Rok szkolny 2025\/2026<\/h2>\n\n\n\n<ul class=\"wp-block-list\">\n<li><a href=\"http:\/\/cke.gov.pl\/images\/_EGZAMIN_MATURALNY_OD_2023\/komunikaty\/2026\/komunikaty\/20250820%20E8%20EM%20Komunikat%20o%20harmonogramie%202026.pdf\">Komunikat o harmonogramie egzamin\u00f3w w 2026 r.<\/a><\/li>\n\n\n\n<li><a href=\"http:\/\/cke.gov.pl\/images\/_EGZAMIN_MATURALNY_OD_2023\/komunikaty\/2026\/komunikaty\/20250820%20Adres%20ZIU%202026.pdf\">Informacja dyrektora Centralnej Komisji Egzaminacyjnej z 20 sierpnia 2025 r. dotycz\u0105ca adresu strony internetowej, na kt\u00f3rej mo\u017cna z\u0142o\u017cy\u0107 deklaracj\u0119 przyst\u0105pienia do egzaminu maturalnego w postaci elektronicznej<\/a><\/li>\n\n\n\n<li><a href=\"http:\/\/cke.gov.pl\/images\/_EGZAMIN_MATURALNY_OD_2023\/komunikaty\/2026\/komunikaty\/20250820%20EM%20Komunikat%20o%20dostosowaniach%202026.pdf\">Komunikat o dostosowaniach egzaminu maturalnego w 2026 r.<\/a><\/li>\n\n\n\n<li><a href=\"http:\/\/cke.gov.pl\/egzamin-maturalny\/egzamin-maturalny-w-formule-2023\/harmonogram-komunikaty-i-informacje\/rok-szkolny-2025-2026\/komunikaty-w-sprawie-listy-jawnych-zadan-w-czesci-ustnej-egzaminu-maturalnego-w-2026-r\/\">Komunikaty w sprawie listy jawnych zada\u0144 w cz\u0119\u015bci ustnej egzaminu maturalnego z j\u0119zyka polskiego, j\u0119zyk\u00f3w mniejszo\u015bci narodowych, j\u0119zyka \u0142emkowskiego i j\u0119zyka kaszubskiego w 2026 r.<\/a><\/li>\n\n\n\n<li><a href=\"http:\/\/cke.gov.pl\/images\/_EGZAMIN_MATURALNY_OD_2023\/komunikaty\/2026\/komunikaty\/20250820%20E8_EM%20Komunikat%20o%20przyborach%202026.pdf\">Komunikat o materia\u0142ach i przyborach pomocniczych w 2026 r.<\/a><\/li>\n\n\n\n<li><a href=\"http:\/\/cke.gov.pl\/images\/_EGZAMIN_MATURALNY_OD_2023\/komunikaty\/2026\/komunikaty\/20250820%20EM%20Komunikat%20o%20egzaminie%20z%20informatyki%202026.pdf\">Komunikat o egzaminie maturalnym z informatyki w 2026 r.<\/a><\/li>\n\n\n\n<li><a href=\"http:\/\/cke.gov.pl\/images\/_EGZAMIN_MATURALNY_OD_2023\/komunikaty\/2026\/komunikaty\/20250820%20Ortografia%20na%20egzaminach.pdf\">Informacja dotycz\u0105ca oceniania poprawno\u015bci ortograficznej w pracach egzaminacyjnych egzaminu \u00f3smoklasisty, egzaminu maturalnego i egzamin\u00f3w eksternistycznych<\/a><\/li>\n\n\n\n<li><a href=\"https:\/\/cke.gov.pl\/images\/_EGZAMIN_MATURALNY_OD_2015\/Komunikaty\/2026\/komunikaty\/20251010%20EM%202026%20Informacja%20Aktualizacja.pdf\">Informacja o sposobie organizacji i przeprowadzania egzaminu maturalnego w 2026 r.<\/a><\/li>\n\n\n\n<li><a href=\"https:\/\/cke.gov.pl\/images\/_EGZAMIN_MATURALNY_OD_2015\/Komunikaty\/2026\/komunikaty\/20251010%20EM%202026%20Informacja%20Aktualizacja%20ZA%C5%81%C4%84CZNIKI%201.zip\">Informacja o sposobie organizacji i przeprowadzania egzaminu maturalnego w 2026 r. \u2013 ZA\u0141\u0104CZNIKI w wersji edytowalnej<\/a><\/li>\n\n\n\n<li><a href=\"https:\/\/www.gov.pl\/web\/edukacja\/komunikat-ministra-edukacji-w-sprawie-wykazu-olimpiad-przedmiotowych-przeprowadzanych-z-przedmiotu-lub-przedmiotow-objetych-egzaminem-osmoklasisty-lub-egzaminem-maturalnym-oraz-konkursow-dla-uczniow-szkol-i-placowek-artystycznych\">Komunikat Ministra Edukacji w sprawie wykazu olimpiad przedmiotowych przeprowadzanych z przedmiotu lub przedmiot\u00f3w obj\u0119tych egzaminem \u00f3smoklasisty lub egzaminem maturalnym oraz konkurs\u00f3w dla uczni\u00f3w szk\u00f3\u0142 i plac\u00f3wek artystycznych w roku szkolnym 2025\/2026<\/a><\/li>\n\n\n\n<li><a href=\"https:\/\/cke.gov.pl\/images\/_KOMUNIKATY\/20250916%20choroby%20przewlek%C5%82e%202026.pdf\">Informacja Centralnej Komisji Egzaminacyjnej z 16 wrze\u015bnia 2025 r. dotycz\u0105ca szczeg\u00f3\u0142owych sposob\u00f3w dostosowania warunk\u00f3w i form przeprowadzania egzaminu \u00f3smoklasisty oraz egzaminu maturalnego w roku szkolnym 2025\/2026<\/a><\/li>\n\n\n\n<li><a href=\"https:\/\/oke.jaworzno.pl\/www3\/wp-content\/uploads\/em\/2026\/M2026-szkolenie o dostosowaniach_KS.mp4\">Prezentacja dotycz\u0105c\u0105 dostosowania warunk\u00f3w i form przeprowadzania egzaminu maturalnego w 2026 roku \u2013 MP4<\/a><\/li>\n\n\n\n<li><a href=\"https:\/\/oke.jaworzno.pl\/www3\/wp-content\/uploads\/em\/2026\/M2026-szkolenie o dostosowaniach_KS.pdf\">Prezentacja dotycz\u0105c\u0105 dostosowania warunk\u00f3w i form przeprowadzania egzaminu maturalnego w 2026 roku \u2013 PDF<\/a><\/li>\n<\/ul>\n\n\n\n<p>Formularze przydatne dla zdaj\u0105cych:<\/p>\n\n\n\n<figure class=\"wp-block-table\"><table><tbody><tr><td>Nr<br>za\u0142\u0105cznika<\/td><td>Opis<\/td><td>Dokument do pobrania<\/td><\/tr><tr><td><strong>1a<br>Deklaracja<br>A<\/strong><\/td><td>Deklaracja dla zdaj\u0105cego, kt\u00f3ry ma obowi\u0105zek z\u0142o\u017cy\u0107 deklaracj\u0119 do <strong>dyrektora <u>szko\u0142y macierzystej<\/u><\/strong>, tj. dla: <br>ucznia 4-letniego LO (<strong>Formu\u0142a 2023<\/strong>)<br>ucznia szko\u0142y artystycznej realizuj\u0105cej program 4-letniego LO (<strong>Formu\u0142a 2023<\/strong>)<br>ucznia 5-letniego technikum (<strong>Formu\u0142a 2023<\/strong>)<br>ucznia bran\u017cowej szko\u0142y II stopnia na podbudowie 8-letniej szko\u0142y podstawowej (<strong>Formu\u0142a 2023<\/strong>)<br>absolwenta szk\u00f3\u0142 wymienionych w pkt 1\u20134, kt\u00f3ry w roku 2023, 2024 lub 2025 przyst\u0119powa\u0142 ju\u017c do egzaminu maturalnego w <strong>Formule 2023<\/strong><br>absolwenta ponadpodstawowej szko\u0142y \u015bredniej (sprzed 2005 r.) \u2013 z&nbsp;wyj\u0105tkiem absolwenta, kt\u00f3ry przyst\u0105pi\u0142 do egzaminu maturalnego w roku 2021 lub 2022, ale nie uzyska\u0142 \u015bwiadectwa dojrza\u0142o\u015bci \u2013 kt\u00f3rego szko\u0142a nie zosta\u0142a zlikwidowana (<strong>Formu\u0142a 2023<\/strong>)<br>absolwenta oddzia\u0142u mi\u0119dzynarodowego w 3-letnim albo 4-letnim liceum og\u00f3lnokszta\u0142c\u0105cym, posiadaj\u0105cego dyplom IB (<em>International Baccalaureate<\/em>), o kt\u00f3rym mowa w art. 4 pkt 12 ustawy \u2013 <em>Prawo o\u015bwiatowe<\/em> (<strong>Formu\u0142a 2023<\/strong>)<br>absolwenta 3-letniego LO (<strong>Formu\u0142a 2015<\/strong>)<br>absolwenta szko\u0142y artystycznej realizuj\u0105cej program 3-letniego LO (<strong>Formu\u0142a 2015<\/strong>)<br>absolwenta 4-letniego technikum (<strong>Formu\u0142a 2015<\/strong>)<br>ucznia oraz absolwenta bran\u017cowej szko\u0142y II stopnia na podbudowie gimnazjum (<strong>Formu\u0142a 2015<\/strong>)<br>absolwenta ponadpodstawowej szko\u0142y \u015bredniej (sprzed 2005 r.), kt\u00f3ry przyst\u0105pi\u0142 do egzaminu maturalnego w roku 2021 lub 2022, ale nie uzyska\u0142 \u015bwiadectwa dojrza\u0142o\u015bci, kt\u00f3rego szko\u0142a nie zosta\u0142a zlikwidowana (<strong>Formu\u0142a 2015<\/strong>).<\/td><td><a href=\"https:\/\/cke.gov.pl\/images\/_EGZAMIN_MATURALNY_OD_2023\/komunikaty\/2026\/Zalaczniki\/EM%202026%20Zal_1a%20Deklaracja%20A.docx\">Pobierz Word<\/a><br><a href=\"http:\/\/cke.gov.pl\/images\/_EGZAMIN_MATURALNY_OD_2015\/Komunikaty\/2026\/Zalaczniki\/EM%202026%20Zal_1a%20Deklaracja%20A.pdf\">Pobierz PDF<\/a><\/td><\/tr><tr><td><strong>1b<br>Deklaracja<br>B<\/strong><\/td><td>Deklaracja dla zdaj\u0105cego, kt\u00f3ry ma obowi\u0105zek z\u0142o\u017cy\u0107 deklaracj\u0119 do <strong>dyrektora <u>okr\u0119gowej komisji egzaminacyjnej<\/u><\/strong>, tj. dla: <br>absolwenta 4-letniego LO, 5-letniego technikum lub bran\u017cowej szko\u0142y II stopnia na podbudowie 8-letniej szko\u0142y podstawowej, kt\u00f3rego macierzysta szko\u0142a zosta\u0142a zlikwidowana (<strong>Formu\u0142a 2023<\/strong>)<br>absolwenta 3-letniego LO lub szko\u0142y artystycznej realizuj\u0105cej program 3-letniego LO, 4-letniego technikum, bran\u017cowej szko\u0142y II stopnia na podbudowie gimnazjum, kt\u00f3ry uko\u0144czy\u0142 szko\u0142\u0119 do roku szkolnego 2024\/2025 w\u0142\u0105cznie, kt\u00f3rego macierzysta szko\u0142a zosta\u0142a zlikwidowana (<strong>Formu\u0142a 2015<\/strong>)<br>absolwenta uzupe\u0142niaj\u0105cego LO, kt\u00f3ry uko\u0144czy\u0142 szko\u0142\u0119 do roku szkolnego 2012\/2013 w\u0142\u0105cznie (<strong>Formu\u0142a 2015<\/strong>)<br>absolwenta liceum profilowanego lub technikum uzupe\u0142niaj\u0105cego dla m\u0142odzie\u017cy, kt\u00f3ry uko\u0144czy\u0142 szko\u0142\u0119 do roku szkolnego 2014\/2015 w\u0142\u0105cznie (<strong>Formu\u0142a 2015<\/strong>)<br>absolwenta ponadpodstawowej szko\u0142y \u015bredniej (sprzed 2005 r.) \u2013 z&nbsp;wyj\u0105tkiem absolwenta, kt\u00f3ry przyst\u0105pi\u0142 do egzaminu maturalnego w roku 2021 lub 2022, ale nie uzyska\u0142 \u015bwiadectwa dojrza\u0142o\u015bci \u2013 kt\u00f3rego szko\u0142a zosta\u0142a zlikwidowana (<strong>Formu\u0142a 2023<\/strong>)<br>absolwenta oddzia\u0142u mi\u0119dzynarodowego w 3-letnim albo 4-letnim liceum og\u00f3lnokszta\u0142c\u0105cym (<strong>Formu\u0142a 2023<\/strong>), posiadaj\u0105cego dyplom IB (<em>International Baccalaureate<\/em>), kt\u00f3rego szko\u0142a zosta\u0142a zlikwidowana<br>absolwenta ponadpodstawowej szko\u0142y \u015bredniej (sprzed 2005 r.), kt\u00f3ry przyst\u0105pi\u0142 do egzaminu maturalnego w roku 2021 lub 2022, ale nie uzyska\u0142 \u015bwiadectwa dojrza\u0142o\u015bci, kt\u00f3rego szko\u0142a zosta\u0142a zlikwidowana (<strong>Formu\u0142a 2015<\/strong>)<br>osoby, kt\u00f3ra uzyska\u0142a (uzyska) \u015bwiadectwo uko\u0144czenia 3-letniego LO na podstawie egzamin\u00f3w eksternistycznych (<strong>Formu\u0142a 2015<\/strong>)<br>osoby, kt\u00f3ra uzyska\u0142a (uzyska) \u015bwiadectwo uko\u0144czenia 4-letniego LO na podstawie egzamin\u00f3w eksternistycznych (<strong>Formu\u0142a 2023<\/strong>)<br>osoby, kt\u00f3ra posiada \u015bwiadectwo lub inny dokument \u2013 potwierdzaj\u0105cy wykszta\u0142cenie \u015brednie lub \u015brednie bran\u017cowe \u2013 wydany za granic\u0105, ale nieuprawniaj\u0105cy do podj\u0119cia studi\u00f3w w&nbsp;Rzeczypospolitej Polskiej (<strong>Formu\u0142a 2023<\/strong> \u2013 je\u017celi przyst\u0119puje do egzaminu po raz pierwszy lub je\u017celi w 2023 r., 2024 r. lub 2025 r. przyst\u0105pi\u0142 do egzaminu w <strong>Formule 2023<\/strong>; <strong>Formu\u0142a 2015 <\/strong>\u2013 je\u017celi przyst\u0119puje do egzaminu w <strong>Formule 2015<\/strong> po raz kolejny).<\/td><td><a href=\"https:\/\/cke.gov.pl\/images\/_EGZAMIN_MATURALNY_OD_2023\/komunikaty\/2026\/Zalaczniki\/EM%202026%20Zal_1b%20Deklaracja%20B.docx\">Pobierz Word<\/a><br><a href=\"http:\/\/cke.gov.pl\/images\/_EGZAMIN_MATURALNY_OD_2015\/Komunikaty\/2026\/Zalaczniki\/EM%202026%20Zal_1b%20Deklaracja%20B.pdf\">Pobierz PDF<\/a><\/td><\/tr><tr><td><strong>2<\/strong><\/td><td>Wniosek o przyst\u0105pienie do egzaminu maturalnego w innej szkole ni\u017c szko\u0142a, kt\u00f3r\u0105 uko\u0144czy\u0142 absolwent, wskazanej przez dyrektora okr\u0119gowej komisji egzaminacyjnej<\/td><td><a href=\"https:\/\/cke.gov.pl\/images\/_EGZAMIN_MATURALNY_OD_2023\/komunikaty\/2026\/Zalaczniki\/EM%202026%20Zal_2%20WNIOSEK%20ZDAJ%C4%84CEGO%20Egzamin%20w%20innej%20szkole.docx\">Pobierz<\/a><\/td><\/tr><tr><td><strong>3b<\/strong><\/td><td>Wniosek zdaj\u0105cego o wyra\u017cenie zgody na przeprowadzenie egzaminu maturalnego w innym miejscu ni\u017c szko\u0142a dla osoby, kt\u00f3ra sk\u0142ada deklaracj\u0119 do dyrektora OKE<\/td><td><a href=\"https:\/\/cke.gov.pl\/images\/_EGZAMIN_MATURALNY_OD_2023\/komunikaty\/2026\/Zalaczniki\/EM%202026%20Zal_3b%20WNIOSEK%20ZDAJ%C4%84CEGO%20Egzamin%20nie%20w%20szkole.docx\">Pobierz<\/a><\/td><\/tr><tr><td><strong>5a<\/strong><\/td><td>Wniosek o przyznanie dost\u0119pu do ZIU-SIOEO<\/td><td><a href=\"https:\/\/cke.gov.pl\/images\/_EGZAMIN_MATURALNY_OD_2023\/komunikaty\/2026\/Zalaczniki\/EM%202026%20Zal_5a%20WNIOSEK%20ZDAJ%C4%84CEGO%20Login%20i%20has%C5%82o%20do%20ZIU_SIOEO.docx\">Pobierz<\/a><\/td><\/tr><tr><td><strong>5b<\/strong><\/td><td>Wniosek zdaj\u0105cego o wprowadzenie zmian w deklaracji w zwi\u0105zku z&nbsp;uzyskaniem tytu\u0142u finalisty \/ laureata olimpiady<\/td><td><a href=\"https:\/\/cke.gov.pl\/images\/_EGZAMIN_MATURALNY_OD_2023\/komunikaty\/2026\/Zalaczniki\/EM%202026%20Zal_5b%20WNIOSEK%20ZDAJ%C4%84CEGO%20Zmiana%20przedmiotu%20ze%20wzgl%20na%20olimpiad%C4%99.docx\">Pobierz<\/a><\/td><\/tr><tr><td><strong>5c<\/strong><\/td><td>Informacja o rezygnacji z przyst\u0105pienia do egzaminu maturalnego z przedmiotu dodatkowego<\/td><td><a href=\"https:\/\/cke.gov.pl\/images\/_EGZAMIN_MATURALNY_OD_2023\/komunikaty\/2026\/Zalaczniki\/EM%202026%20Zal_5c%20WNIOSEK%20ZDAJ%C4%84CEGO%20Uzyskanie%20dyplomu%20zawodowego.docx\">Pobierz<\/a><\/td><\/tr><tr><td><strong>6<\/strong><\/td><td>Wniosek zdaj\u0105cego \/ rodzica zdaj\u0105cego o przyst\u0105pienie do egzaminu maturalnego w terminie dodatkowym<\/td><td><a href=\"https:\/\/cke.gov.pl\/images\/_EGZAMIN_MATURALNY_OD_2023\/komunikaty\/2026\/Zalaczniki\/EM%202026%20Zal_6%20WNIOSEK%20ZDAJ%C4%84CEGO%20Termin%20dodatkowy.docx\">Pobierz<\/a><\/td><\/tr><tr><td><strong>7<\/strong><\/td><td>O\u015bwiadczenie o zamiarze przyst\u0105pienia do egzaminu maturalnego z danego przedmiotu w terminie poprawkowym<\/td><td><a href=\"https:\/\/cke.gov.pl\/images\/_EGZAMIN_MATURALNY_OD_2023\/komunikaty\/2026\/Zalaczniki\/EM%202026%20Zal_7%20O%C5%9AWIADCZENIE%20ZDAJ%C4%84CEGO%20Termin%20poprawkowy.docx\">Pobierz<\/a><\/td><\/tr><tr><td><strong>21b<\/strong><\/td><td>Wniosek o wgl\u0105d do dokumentacji stanowi\u0105cej podstaw\u0119 uniewa\u017cnienia egzaminu maturalnego z&nbsp;danego przedmiotu i z\u0142o\u017cenie wyja\u015bnie\u0144<\/td><td><a href=\"https:\/\/cke.gov.pl\/images\/_EGZAMIN_MATURALNY_OD_2023\/komunikaty\/2026\/Zalaczniki\/EM%202026%20Zal_21b%20UNIEWA%C5%BBNIENIE%20ZDAJ%C4%84CY%20wniosek%20o%20wgl%C4%85d%20do%20dokumentacji.docx\">Pobierz<\/a><\/td><\/tr><tr><td><strong>21d<\/strong><\/td><td>Zg\u0142oszenie zastrze\u017ce\u0144 do rozstrzygni\u0119cia dyrektora OKE w zakresie uniewa\u017cnienia<\/td><td><a href=\"https:\/\/cke.gov.pl\/images\/_EGZAMIN_MATURALNY_OD_2023\/komunikaty\/2026\/Zalaczniki\/EM%202026%20Zal_21d%20UNIEWA%C5%BBNIENIE%20ZDAJ%C4%84CY%20zastrze%C5%BCenia%20do%20dyrektora%20CKE.docx\">Pobierz<\/a><\/td><\/tr><tr><td><strong>22a<\/strong><\/td><td>Zastrze\u017cenia w zwi\u0105zku z naruszeniem przepis\u00f3w dotycz\u0105cych przeprowadzania egzaminu<\/td><td><a href=\"https:\/\/cke.gov.pl\/images\/_EGZAMIN_MATURALNY_OD_2023\/komunikaty\/2026\/Zalaczniki\/EM%202026%20Zal_22a%20ZASTRZE%C5%BBENIA%20DO%20PRZEPR%20EGZAMINU%20ZDAJ%C4%84CY%20zg%C5%82oszenie%20do%20OKE.docx\">Pobierz<\/a><\/td><\/tr><tr><td><strong>22c<\/strong><\/td><td>Zg\u0142oszenie zastrze\u017ce\u0144 do rozstrzygni\u0119cia dyrektora OKE dotycz\u0105cego naruszenia przepis\u00f3w przeprowadzania egzaminu maturalnego<\/td><td><a href=\"https:\/\/cke.gov.pl\/images\/_EGZAMIN_MATURALNY_OD_2023\/komunikaty\/2026\/Zalaczniki\/EM%202026%20Zal_22c%20ZASTRZE%C5%BBENIA%20DO%20PRZEPR%20EGZAMINU%20ZDAJ%C4%84CY%20odwo%C5%82anie%20do%20CKE.docx\">Pobierz<\/a><\/td><\/tr><tr><td><strong>25a<\/strong><\/td><td>Wniosek o wgl\u0105d do sprawdzonej i ocenionej pracy egzaminacyjnej<\/td><td><a href=\"https:\/\/cke.gov.pl\/images\/_EGZAMIN_MATURALNY_OD_2023\/komunikaty\/2026\/Zalaczniki\/EM%202026%20Zal_25a%20WGL%C4%84D%20ZDAJ%C4%84CY%20wniosek%20o%20wgl%C4%85d.docx\">Pobierz<\/a><\/td><\/tr><tr><td><strong>25b<\/strong><\/td><td>Wniosek o weryfikacj\u0119 sumy punkt\u00f3w<\/td><td><a href=\"https:\/\/cke.gov.pl\/images\/_EGZAMIN_MATURALNY_OD_2023\/komunikaty\/2026\/Zalaczniki\/EM%202026%20Zal_25b%20WGL%C4%84D%20ZDAJ%C4%84CY%20wniosek%20o%20weryfikacj%C4%99.docx\">Pobierz<\/a><\/td><\/tr><tr><td><strong>25c<\/strong><\/td><td>Odwo\u0142anie od wyniku weryfikacji sumy punkt\u00f3w z cz\u0119\u015bci pisemnej egzaminu maturalnego do Kolegium Arbitra\u017cu Egzaminacyjnego<\/td><td><a href=\"https:\/\/cke.gov.pl\/images\/_EGZAMIN_MATURALNY_OD_2023\/komunikaty\/2026\/Zalaczniki\/EM%202026%20Zal_25c%20WGL%C4%84D%20ZDAJ%C4%84CY%20wniosek%20do%20KAE.docx\">Pobierz<\/a><\/td><\/tr><tr><td><strong>26<\/strong><\/td><td>Wniosek o zwolnienie z op\u0142aty za egzamin maturalny<\/td><td><a href=\"https:\/\/cke.gov.pl\/images\/_EGZAMIN_MATURALNY_OD_2023\/komunikaty\/2026\/Zalaczniki\/EM%202026%20Zal_26%20OP%C5%81ATA%20ZA%20EGZAMIN%20ZDAJ%C4%84CY%20wniosek%20o%20zwolnienie%20z%20op%C5%82aty.docx\">Pobierz<\/a><\/td><\/tr><tr><td><strong>27<\/strong><\/td><td>Wniosek o wniesienie op\u0142aty za egzamin maturalny z danego przedmiotu lub przedmiot\u00f3w po 9 marca, jednak nie p\u00f3\u017aniej ni\u017c 31 marca<\/td><td><a href=\"https:\/\/cke.gov.pl\/images\/_EGZAMIN_MATURALNY_OD_2023\/komunikaty\/2026\/Zalaczniki\/EM%202026%20Zal_27%20OP%C5%81ATA%20ZA%20EGZAMIN%20ZDAJ%C4%84CY%20wniosek%20o%20zmian%C4%99%20terminu%20na%2031%20marca.docx\">Pobierz<\/a><\/td><\/tr><\/tbody><\/table><\/figure>\n\n\n\n<p><\/p>\n<div class=\"pdfprnt-buttons pdfprnt-buttons-page pdfprnt-bottom-left\"><a href=\"https:\/\/oke.jaworzno.pl\/www3\/wp-json\/wp\/v2\/pages\/827?print=pdf\" class=\"pdfprnt-button pdfprnt-button-pdf\" target=\"_blank\" ><span class=\"pdfprnt-button-title pdfprnt-button-pdf-title\">Wersja do druku<\/span><\/a><\/div>","protected":false},"excerpt":{"rendered":"<p>Rok szkolny 2025\/2026 Formularze przydatne dla zdaj\u0105cych: Nrza\u0142\u0105cznika Opis Dokument do pobrania 1aDeklaracjaA Deklaracja dla zdaj\u0105cego, kt\u00f3ry ma obowi\u0105zek z\u0142o\u017cy\u0107&#46;&#46;&#46;<\/p>\n","protected":false},"author":1,"featured_media":0,"parent":6038,"menu_order":0,"comment_status":"closed","ping_status":"closed","template":"","meta":{"_editorskit_title_hidden":false,"_editorskit_reading_time":1,"_editorskit_is_block_options_detached":false,"_editorskit_block_options_position":"{}","footnotes":""},"class_list":["post-827","page","type-page","status-publish","hentry"],"publishpress_future_workflow_manual_trigger":{"enabledWorkflows":[]},"_links":{"self":[{"href":"https:\/\/oke.jaworzno.pl\/www3\/wp-json\/wp\/v2\/pages\/827","targetHints":{"allow":["GET"]}}],"collection":[{"href":"https:\/\/oke.jaworzno.pl\/www3\/wp-json\/wp\/v2\/pages"}],"about":[{"href":"https:\/\/oke.jaworzno.pl\/www3\/wp-json\/wp\/v2\/types\/page"}],"author":[{"embeddable":true,"href":"https:\/\/oke.jaworzno.pl\/www3\/wp-json\/wp\/v2\/users\/1"}],"replies":[{"embeddable":true,"href":"https:\/\/oke.jaworzno.pl\/www3\/wp-json\/wp\/v2\/comments?post=827"}],"version-history":[{"count":8,"href":"https:\/\/oke.jaworzno.pl\/www3\/wp-json\/wp\/v2\/pages\/827\/revisions"}],"predecessor-version":[{"id":9298,"href":"https:\/\/oke.jaworzno.pl\/www3\/wp-json\/wp\/v2\/pages\/827\/revisions\/9298"}],"up":[{"embeddable":true,"href":"https:\/\/oke.jaworzno.pl\/www3\/wp-json\/wp\/v2\/pages\/6038"}],"wp:attachment":[{"href":"https:\/\/oke.jaworzno.pl\/www3\/wp-json\/wp\/v2\/media?parent=827"}],"curies":[{"name":"wp","href":"https:\/\/api.w.org\/{rel}","templated":true}]}}