{"id":837,"date":"2020-03-12T08:59:24","date_gmt":"2020-03-12T07:59:24","guid":{"rendered":"https:\/\/oke.jaworzno.pl\/www3\/?page_id=837"},"modified":"2025-03-24T14:18:37","modified_gmt":"2025-03-24T13:18:37","slug":"duplikaty-apostille-wymiana-dokumentow","status":"publish","type":"page","link":"https:\/\/oke.jaworzno.pl\/www3\/duplikaty-apostille-wymiana-dokumentow\/","title":{"rendered":"Duplikaty i wymiana dokument\u00f3w"},"content":{"rendered":"\n<p class=\"has-very-light-gray-background-color has-background\"><strong>WYMIANA DOKUMENT\u00d3W<\/strong><\/p>\n\n\n\n<p>W przypadku b\u0142\u0119du na za\u015bwiadczeniach, \u015bwiadectwach lub dyplomach nale\u017cy wyst\u0105pi\u0107 do OKE z wnioskiem o wymian\u0119 dokumentu. Do wniosku nale\u017cy do\u0142\u0105czy\u0107 dokument\/dokumenty podlegaj\u0105ce wymianie oraz po\u015bwiadczon\u0105 za zgodno\u015b\u0107 z orygina\u0142em kopi\u0119 dokumentu potwierdzaj\u0105cego poprawne dane osobowe (odpis skr\u00f3cony aktu urodzenia, za\u015bwiadczenie o nadaniu numeru PESEL, itp.).<\/p>\n\n\n\n<p class=\"has-very-light-gray-background-color has-background\"><strong> WYSTAWIANIE DUPLIKAT\u00d3W<\/strong><\/p>\n\n\n\n<p>Przypominamy Pa\u0144stwu, \u017ce&nbsp;<strong>duplikaty<\/strong>&nbsp;wydaje si\u0119&nbsp;<strong>wy\u0142\u0105cznie<\/strong>&nbsp;w wypadku utraty orygina\u0142u (zniszczenia, zgubienia) \u2013 Rozporz\u0105dzenie Ministra Edukacji i Nauki z dnia 7 czerwca 2023 r. w sprawie \u015bwiadectw, dyplom\u00f3w pa\u0144stwowych i innych druk\u00f3w (Dz.U. z 2023 r., poz. 1120) \u2013 \u00a7 61 ust. 1. <\/p>\n\n\n\n<p><strong>W przypadku utraty orygina\u0142u:<\/strong><\/p>\n\n\n\n<ul class=\"wp-block-list\">\n<li>za\u015bwiadczenia o szczeg\u00f3\u0142owych wynikach sprawdzianu przeprowadzanego w ostatnim roku nauki w szkole podstawowej,<\/li>\n\n\n\n<li>za\u015bwiadczenia o szczeg\u00f3\u0142owych wynikach egzaminu przeprowadzanego w ostatnim roku nauki w gimnazjum,<\/li>\n\n\n\n<li>\u015bwiadectw dojrza\u0142o\u015bci wydanych od 2005 roku oraz wydanych w roku 2002 dotycz\u0105cych nowej matury,<\/li>\n\n\n\n<li>odpis\u00f3w \u015bwiadectw dojrza\u0142o\u015bci wydanych od 2005 roku oraz wydanych w roku 2002 dotycz\u0105cych nowej matury,<\/li>\n\n\n\n<li>aneks\u00f3w do \u015bwiadectw dojrza\u0142o\u015bci wydanych od 2005 roku oraz wydanych w roku 2002 dotycz\u0105cych nowej matury,<\/li>\n\n\n\n<li>odpis\u00f3w aneks\u00f3w do \u015bwiadectw dojrza\u0142o\u015bci wydanych od 2005 roku oraz wydanych w roku 2002 dotycz\u0105cych nowej matury,<\/li>\n\n\n\n<li>\u015bwiadectwa uko\u0144czenia szko\u0142y podstawowej na podstawie egzamin\u00f3w eksternistycznych,<\/li>\n\n\n\n<li>\u015bwiadectwa uko\u0144czenia gimnazjum na podstawie egzamin\u00f3w eksternistycznych,<\/li>\n\n\n\n<li>\u015bwiadectwa uko\u0144czenia liceum og\u00f3lnokszta\u0142c\u0105cego na podstawie egzamin\u00f3w eksternistycznych,<\/li>\n\n\n\n<li>\u015bwiadectwa potwierdzaj\u0105cego kwalifikacje zawodowe,<\/li>\n\n\n\n<li>dyplomu potwierdzaj\u0105cego kwalifikacje zawodowe,<\/li>\n<\/ul>\n\n\n\n<p>w celu uzyskania duplikatu w\/w dokument\u00f3w nale\u017cy:<\/p>\n\n\n\n<ol class=\"wp-block-list\">\n<li>zwr\u00f3ci\u0107 si\u0119 do Okr\u0119gowej Komisji Egzaminacyjnej w Jaworznie z wnioskiem o wydanie duplikatu wy\u0142\u0105cznie na&nbsp;<strong><a href=\"https:\/\/oke.jaworzno.pl\/www3\/wniosek-o-wydanie-duplikatu\/\">zamieszczonym formularzu<\/a><a href=\"http:\/\/www.oke.jaworzno.pl\/www2\/index.php\/wnioski-i-druki\/80-egzaminy\/613-wniosek-o-wydanie-duplikatu\">.<\/a><\/strong>&nbsp;Wnioski niekompletne lub nieprawid\u0142owo wype\u0142nione&nbsp;<strong>nie b\u0119d\u0105 rozpatrywane<\/strong>&nbsp;i odes\u0142ane zostan\u0105 do wnioskodawcy w celu uzupe\u0142nienia. Dotyczy to zw\u0142aszcza braku podpisu, braku numeru PESEL itp. Nie b\u0119d\u0105 tak\u017ce rozpatrywane wnioski przesy\u0142ane faksem lub elektronicznie bez podpisu elektronicznego.<\/li>\n\n\n\n<li>dokona\u0107 wp\u0142aty 26 z\u0142otych za ka\u017cdy egzemplarz duplikatu na podane we wniosku konto bankowe OKE w Jaworznie, zamieszczaj\u0105c na dowodzie wp\u0142aty informacj\u0119 o tym, jakiego dokumentu dotyczy op\u0142ata,<\/li>\n\n\n\n<li>do\u0142\u0105czy\u0107 do wniosku potwierdzenie dokonania wp\u0142aty,<\/li>\n\n\n\n<li>przes\u0142a\u0107 wniosek wraz z potwierdzeniem dokonanej wp\u0142aty pod wskazany we wniosku adres lub z\u0142o\u017cy\u0107 wniosek osobi\u015bcie w siedzibie OKE w Jaworznie &#8211; ul. Adama Mickiewicza 4. Dokument <a href=\"https:\/\/www.gov.pl\/web\/gov\/podpisz-dokument-elektronicznie-wykorzystaj-podpis-zaufany\" class=\"ek-link\">podpisany elektronicznie<\/a> mo\u017cna r\u00f3wnie\u017c wys\u0142a\u0107 na adres sekretariat[at]oke.jaworzno.pl<br>([at] w adresie nale\u017cy zamieni\u0107 na @)<\/li>\n<\/ol>\n\n\n\n<p class=\"has-vivid-red-color has-very-light-gray-background-color has-text-color has-background\"><strong>UWAGA<\/strong><\/p>\n\n\n\n<p>Uprzejmie informujemy Pa\u0144stwa, \u017ce okr\u0119gowe komisje wydaj\u0105 absolwentom, kt\u00f3rzy zdali matur\u0119, orygina\u0142 \u015bwiadectwa dojrza\u0142o\u015bci i&nbsp;<strong>jeden<\/strong>&nbsp;odpis \u2013&nbsp;Rozporz\u0105dzenie Ministra Edukacji i Nauki z dnia 7 czerwca 2023 r. w sprawie \u015bwiadectw, dyplom\u00f3w pa\u0144stwowych i innych druk\u00f3w szkolnych (Dz.U. z 2023 r., poz. 1120) \u2013 \u00a7 34 ust. 8.<\/p>\n\n\n\n<p>OKE w Jaworznie nie wydaje zatem absolwentom szk\u00f3\u0142 ponadpodstawowych \u017cadnych dodatkowych odpis\u00f3w \u015bwiadectw dojrza\u0142o\u015bci ani ich kopii; nie potwierdza si\u0119 r\u00f3wnie\u017c zgodno\u015bci kopii z orygina\u0142em do cel\u00f3w rekrutacji do szk\u00f3\u0142 wy\u017cszych. W sprawie rodzaju i formy sk\u0142adanych przy rekrutacji dokument\u00f3w nale\u017cy porozumie\u0107 si\u0119 ze szko\u0142ami wy\u017cszymi, kt\u00f3re okre\u015blaj\u0105 wymogi dotycz\u0105ce tych dokument\u00f3w.<\/p>\n\n\n\n<p class=\"has-very-light-gray-background-color has-background\"><strong>Wp\u0142aty nale\u017cy dokonywa\u0107 na konto:<\/strong><\/p>\n\n\n\n<p>Okr\u0119gowa Komisja Egzaminacyjna w Jaworznie<\/p>\n\n\n\n<p>ul. Adama Mickiewicza 4<\/p>\n\n\n\n<p>43-600 Jaworzno<\/p>\n\n\n\n<p>konto w&nbsp; Narodowym Banku Polskim numer konta:&nbsp;<strong>48 1010 1212 0051 5122 3100 0000<\/strong><strong>.<\/strong><\/p>\n\n\n\n<p><strong>W tytule przelewu nale\u017cy wpisa\u0107:<\/strong><\/p>\n\n\n\n<p>&nbsp;&nbsp;&nbsp;&nbsp;&nbsp;&nbsp;&nbsp;&nbsp; Imi\u0119, nazwisko i nr PESEL zdaj\u0105cego oraz nazw\u0119 dokumentu, kt\u00f3rego dotyczy op\u0142ata.<\/p>\n<div class=\"pdfprnt-buttons pdfprnt-buttons-page pdfprnt-bottom-left\"><a href=\"https:\/\/oke.jaworzno.pl\/www3\/wp-json\/wp\/v2\/pages\/837?print=pdf\" class=\"pdfprnt-button pdfprnt-button-pdf\" target=\"_blank\" ><span class=\"pdfprnt-button-title pdfprnt-button-pdf-title\">Wersja do druku<\/span><\/a><\/div>","protected":false},"excerpt":{"rendered":"<p>WYMIANA DOKUMENT\u00d3W W przypadku b\u0142\u0119du na za\u015bwiadczeniach, \u015bwiadectwach lub dyplomach nale\u017cy wyst\u0105pi\u0107 do OKE z wnioskiem o wymian\u0119 dokumentu. Do&#46;&#46;&#46;<\/p>\n","protected":false},"author":1,"featured_media":0,"parent":0,"menu_order":0,"comment_status":"closed","ping_status":"closed","template":"","meta":{"_editorskit_title_hidden":false,"_editorskit_reading_time":2,"_editorskit_is_block_options_detached":false,"_editorskit_block_options_position":"{}","footnotes":""},"class_list":["post-837","page","type-page","status-publish","hentry"],"publishpress_future_workflow_manual_trigger":{"enabledWorkflows":[]},"_links":{"self":[{"href":"https:\/\/oke.jaworzno.pl\/www3\/wp-json\/wp\/v2\/pages\/837","targetHints":{"allow":["GET"]}}],"collection":[{"href":"https:\/\/oke.jaworzno.pl\/www3\/wp-json\/wp\/v2\/pages"}],"about":[{"href":"https:\/\/oke.jaworzno.pl\/www3\/wp-json\/wp\/v2\/types\/page"}],"author":[{"embeddable":true,"href":"https:\/\/oke.jaworzno.pl\/www3\/wp-json\/wp\/v2\/users\/1"}],"replies":[{"embeddable":true,"href":"https:\/\/oke.jaworzno.pl\/www3\/wp-json\/wp\/v2\/comments?post=837"}],"version-history":[{"count":2,"href":"https:\/\/oke.jaworzno.pl\/www3\/wp-json\/wp\/v2\/pages\/837\/revisions"}],"predecessor-version":[{"id":8777,"href":"https:\/\/oke.jaworzno.pl\/www3\/wp-json\/wp\/v2\/pages\/837\/revisions\/8777"}],"wp:attachment":[{"href":"https:\/\/oke.jaworzno.pl\/www3\/wp-json\/wp\/v2\/media?parent=837"}],"curies":[{"name":"wp","href":"https:\/\/api.w.org\/{rel}","templated":true}]}}