{"id":878,"date":"2020-03-12T12:29:03","date_gmt":"2020-03-12T11:29:03","guid":{"rendered":"https:\/\/oke.jaworzno.pl\/www3\/?page_id=878"},"modified":"2025-12-11T08:01:03","modified_gmt":"2025-12-11T07:01:03","slug":"formula-2017-komunikaty","status":"publish","type":"page","link":"https:\/\/oke.jaworzno.pl\/www3\/ez\/formula-2017\/formula-2017-komunikaty\/","title":{"rendered":"Formu\u0142a 2017 &#8211; Harmonogram, komunikaty i informacje"},"content":{"rendered":"\n<h4 class=\"wp-block-heading\">Rok szkolny 2025\/2026<\/h4>\n\n\n\n<ul class=\"wp-block-list\">\n<li><a href=\"https:\/\/cke.gov.pl\/images\/_KOMUNIKATY\/1.%20Komunikat%20o%20pomocach-cz.pisemna_PP2017_8.12.pdf\">Komunikat o przyborach pomocniczych \u2013 cz\u0119\u015b\u0107 pisemna w sesji ZIMA 2026<\/a><\/li>\n\n\n\n<li><a href=\"https:\/\/cke.gov.pl\/images\/_KOMUNIKATY\/3.%20Komunikat%20o%20pomocach-cz.praktyczna_PP2017_8.12.pdf\">Komunikat o przyborach pomocniczych \u2013 cz\u0119\u015b\u0107 praktyczna w sesji ZIMA 2026<\/a><\/li>\n\n\n\n<li><a href=\"http:\/\/cke.gov.pl\/images\/_KOMUNIKATY\/2.2026_PP2017-EPKwZ.pdf\">Harmonogram egzaminu potwierdzaj\u0105cego kwalifikacje w zawodzie \u2013 FORMU\u0141A 2017 \u2013 przeprowadzanego w roku szkolnym 2025\/2026<\/a><\/li>\n\n\n\n<li><a href=\"https:\/\/cke.gov.pl\/images\/_KOMUNIKATY\/5.%202026_PP2017_Informacja_o_EPKZ_22%20IX%202025.pdf\">Informacja o sposobie organizacji i przeprowadzania egzaminu potwierdzaj\u0105cego kwalifikacje w zawodzie \u2013 FORMU\u0141A 2017 \u2013 przeprowadzanego w roku szkolnym 2025\/2026<\/a><\/li>\n\n\n\n<li><a href=\"http:\/\/cke.gov.pl\/images\/_KOMUNIKATY\/7.%202026_Dostosowania-PP2017_2025.pdf\">Komunikat o dostosowaniach egzaminu potwierdzaj\u0105cego kwalifikacje w zawodzie \u2013 FORMU\u0141A 2017 \u2013 przeprowadzanego w roku szkolnym 2025\/2026<\/a><\/li>\n\n\n\n<li><a href=\"http:\/\/www.gov.pl\/web\/edukacja\/komunikat-ministra-edukacji-w-sprawie-wykazu-turniejow-i-olimpiad-tematycznych-zwiazanych-z-wybrana-dziedzina-wiedzy-uprawniajacych-do-zwolnienia-z-przystapienia-do-czesci-pisemnej-egzaminu-zawodowego-w-roku-szkolnym-20252026\">Komunikat Ministra Edukacji i Nauki w sprawie wykazu turniej\u00f3w i olimpiad tematycznych zwi\u0105zanych z wybran\u0105 dziedzin\u0105 wiedzy uprawniaj\u0105cych do zwolnienia z przyst\u0105pienia do cz\u0119\u015bci pisemnej egzaminu zawodowego w roku szkolnym 2025\/2026<\/a><\/li>\n\n\n\n<li><a href=\"http:\/\/cke.gov.pl\/images\/_KOMUNIKATY\/10.%20Komunikat%20o%20systemach%20operacyjnych%20INF.02_EE.08%20-%202026.pdf\">Informacja o systemach operacyjnych wykorzystywanych w cz\u0119\u015bci praktycznej egzaminu w roku szkolnym 2025\/2026 w kwalifikacjach INF.02 oraz EE.08<\/a><\/li>\n\n\n\n<li><a href=\"http:\/\/cke.gov.pl\/images\/_EGZAMIN_ZAWODOWY\/Formula_2019\/komunikaty\/Zima_2026-Informacja%20o%20wersjach%20oprogramowania%20do%20cz%C4%99%C5%9Bci%20praktycznej%20egzaminu.pdf\">Informacja o wersjach oprogramowania do cz\u0119\u015bci praktycznej egzaminu, obowi\u0105zuj\u0105cych w sesji ZIMA 2026 w kwalifikacjach wyodr\u0119bnionych w zawodach technik ekonomista, technik rachunkowo\u015bci i technik handlowiec \u2013 Formu\u0142a 2017 i Formu\u0142a 2019<\/a><br><a href=\"https:\/\/cke.gov.pl\/images\/_EGZAMIN_ZAWODOWY\/Formula_2019\/komunikaty\/Informacja%20dla%20szk%C3%B3%C5%82.7z\">Do pobrania: Informacja dla szk\u00f3\u0142 (zip)<\/a><\/li>\n\n\n\n<li><a href=\"http:\/\/cke.gov.pl\/images\/_EGZAMIN_ZAWODOWY\/Formula_2019\/komunikaty\/11.%202026_Informacja%20dla%20OE%20organizuj%C4%85cych%20egzamin%20z%20cz%C4%99%C5%9Bci%20praktycznej%20z%20wykorzystaniem%20oprogramowania%20Adobe.pdf\">Informacja dla o\u015brodk\u00f3w egzaminacyjnych przeprowadzaj\u0105cych w sesji ZIMA 2026 egzamin w cz\u0119\u015bci praktycznej z wykorzystaniem oprogramowania Adobe w kwalifikacjach: AU.23, AU.28, AU.30, AU.54, AU.55, AUD.02, AUD.05, PGF.04, PGF.05, PGF.07 \u2013 Formu\u0142a 2017 oraz Formu\u0142a 2019<\/a><\/li>\n<\/ul>\n<div class=\"pdfprnt-buttons pdfprnt-buttons-page pdfprnt-bottom-left\"><a href=\"https:\/\/oke.jaworzno.pl\/www3\/wp-json\/wp\/v2\/pages\/878?print=pdf\" class=\"pdfprnt-button pdfprnt-button-pdf\" target=\"_blank\" ><span class=\"pdfprnt-button-title pdfprnt-button-pdf-title\">Wersja do druku<\/span><\/a><\/div>","protected":false},"excerpt":{"rendered":"","protected":false},"author":1,"featured_media":0,"parent":624,"menu_order":0,"comment_status":"closed","ping_status":"closed","template":"","meta":{"_editorskit_title_hidden":false,"_editorskit_reading_time":1,"_editorskit_is_block_options_detached":false,"_editorskit_block_options_position":"{}","footnotes":""},"class_list":["post-878","page","type-page","status-publish","hentry"],"publishpress_future_workflow_manual_trigger":{"enabledWorkflows":[]},"_links":{"self":[{"href":"https:\/\/oke.jaworzno.pl\/www3\/wp-json\/wp\/v2\/pages\/878","targetHints":{"allow":["GET"]}}],"collection":[{"href":"https:\/\/oke.jaworzno.pl\/www3\/wp-json\/wp\/v2\/pages"}],"about":[{"href":"https:\/\/oke.jaworzno.pl\/www3\/wp-json\/wp\/v2\/types\/page"}],"author":[{"embeddable":true,"href":"https:\/\/oke.jaworzno.pl\/www3\/wp-json\/wp\/v2\/users\/1"}],"replies":[{"embeddable":true,"href":"https:\/\/oke.jaworzno.pl\/www3\/wp-json\/wp\/v2\/comments?post=878"}],"version-history":[{"count":4,"href":"https:\/\/oke.jaworzno.pl\/www3\/wp-json\/wp\/v2\/pages\/878\/revisions"}],"predecessor-version":[{"id":9302,"href":"https:\/\/oke.jaworzno.pl\/www3\/wp-json\/wp\/v2\/pages\/878\/revisions\/9302"}],"up":[{"embeddable":true,"href":"https:\/\/oke.jaworzno.pl\/www3\/wp-json\/wp\/v2\/pages\/624"}],"wp:attachment":[{"href":"https:\/\/oke.jaworzno.pl\/www3\/wp-json\/wp\/v2\/media?parent=878"}],"curies":[{"name":"wp","href":"https:\/\/api.w.org\/{rel}","templated":true}]}}