{"id":886,"date":"2020-03-12T12:40:01","date_gmt":"2020-03-12T11:40:01","guid":{"rendered":"https:\/\/oke.jaworzno.pl\/www3\/?page_id=886"},"modified":"2024-08-28T11:52:22","modified_gmt":"2024-08-28T09:52:22","slug":"formula-2017-informatory-i-wyposazenie-osrodkow","status":"publish","type":"page","link":"https:\/\/oke.jaworzno.pl\/www3\/ez\/formula-2017\/formula-2017-informatory-i-wyposazenie-osrodkow\/","title":{"rendered":"Formu\u0142a 2017 &#8211; Informatory i wyposa\u017cenie o\u015brodk\u00f3w"},"content":{"rendered":"\n<ul class=\"wp-block-list\">\n<li><a href=\"http:\/\/cke.gov.pl\/egzamin-zawodowy\/egzamin-zawodowy-formula-2017\/informatory\/informatory-2\/\">Informatory<\/a><\/li>\n\n\n\n<li><a href=\"https:\/\/cke.gov.pl\/egzamin-zawodowy\/egzamin-zawodowy-formula-2017\/informatory\/wyposazenie-osrodkow-egzaminacyjnych-na-rok-szkolny-2024-2025\/\">Wyposa\u017cenie o\u015brodk\u00f3w egzaminacyjnych na rok szkolny 2024\/2025<\/a><\/li>\n\n\n\n<li><a href=\"http:\/\/cke.gov.pl\/egzamin-zawodowy\/egzamin-zawodowy-formula-2017\/informatory\/wyposazenie-osrodkow-egzaminacyjnych-na-rok-szkolny-2023-2024\/\">Wyposa\u017cenie o\u015brodk\u00f3w egzaminacyjnych na rok szkolny 2023\/2024<\/a><\/li>\n\n\n\n<li><a href=\"http:\/\/cke.gov.pl\/egzamin-zawodowy\/egzamin-zawodowy-formula-2017\/informatory\/wyposazenie-osrodkow-egzaminacyjnych-na-rok-szkolny-2022-2023\/\">Wyposa\u017cenie o\u015brodk\u00f3w egzaminacyjnych na rok szkolny 2022\/2023<\/a><\/li>\n\n\n\n<li><a href=\"http:\/\/cke.gov.pl\/egzamin-zawodowy\/egzamin-zawodowy-formula-2017\/informatory\/wyposazenie-osrodkow-egzaminacyjnych-na-rok-szkolny-2021-2022\/\">Wyposa\u017cenie o\u015brodk\u00f3w egzaminacyjnych na rok szkolny 2021\/2022<\/a><\/li>\n\n\n\n<li><a href=\"http:\/\/cke.gov.pl\/egzamin-zawodowy\/egzamin-zawodowy-formula-2017\/informatory\/wyposazenie-osrodkow-egzaminacyjnych-na-rok-2020-2021\/\">Wyposa\u017cenie o\u015brodk\u00f3w egzaminacyjnych na rok szkolny 2020\/2021<\/a><\/li>\n\n\n\n<li><a href=\"http:\/\/cke.gov.pl\/egzamin-zawodowy\/egzamin-zawodowy-formula-2017\/informatory\/wyposazenie-osrodkow-egzaminacyjnych-na-rok-2019-2020\/\">Wyposa\u017cenie o\u015brodk\u00f3w egzaminacyjnych na rok szkolny 2019\/2020<\/a><\/li>\n\n\n\n<li><a href=\"http:\/\/cke.gov.pl\/egzamin-zawodowy\/egzamin-zawodowy-formula-2017\/informatory\/wyposazenie-osrodkow-egzaminacyjnych-na-rok-szkolny\/\">Wyposa\u017cenie o\u015brodk\u00f3w egzaminacyjnych na rok szkolny 2018\/2019<\/a><\/li>\n<\/ul>\n\n\n\n<p><\/p>\n<div class=\"pdfprnt-buttons pdfprnt-buttons-page pdfprnt-bottom-left\"><a href=\"https:\/\/oke.jaworzno.pl\/www3\/wp-json\/wp\/v2\/pages\/886?print=pdf\" class=\"pdfprnt-button pdfprnt-button-pdf\" target=\"_blank\" ><span class=\"pdfprnt-button-title pdfprnt-button-pdf-title\">Wersja do druku<\/span><\/a><\/div>","protected":false},"excerpt":{"rendered":"","protected":false},"author":1,"featured_media":0,"parent":624,"menu_order":0,"comment_status":"closed","ping_status":"closed","template":"","meta":{"_editorskit_title_hidden":false,"_editorskit_reading_time":3,"_editorskit_is_block_options_detached":false,"_editorskit_block_options_position":"{}","footnotes":""},"class_list":["post-886","page","type-page","status-publish","hentry"],"publishpress_future_workflow_manual_trigger":{"enabledWorkflows":[]},"_links":{"self":[{"href":"https:\/\/oke.jaworzno.pl\/www3\/wp-json\/wp\/v2\/pages\/886","targetHints":{"allow":["GET"]}}],"collection":[{"href":"https:\/\/oke.jaworzno.pl\/www3\/wp-json\/wp\/v2\/pages"}],"about":[{"href":"https:\/\/oke.jaworzno.pl\/www3\/wp-json\/wp\/v2\/types\/page"}],"author":[{"embeddable":true,"href":"https:\/\/oke.jaworzno.pl\/www3\/wp-json\/wp\/v2\/users\/1"}],"replies":[{"embeddable":true,"href":"https:\/\/oke.jaworzno.pl\/www3\/wp-json\/wp\/v2\/comments?post=886"}],"version-history":[{"count":0,"href":"https:\/\/oke.jaworzno.pl\/www3\/wp-json\/wp\/v2\/pages\/886\/revisions"}],"up":[{"embeddable":true,"href":"https:\/\/oke.jaworzno.pl\/www3\/wp-json\/wp\/v2\/pages\/624"}],"wp:attachment":[{"href":"https:\/\/oke.jaworzno.pl\/www3\/wp-json\/wp\/v2\/media?parent=886"}],"curies":[{"name":"wp","href":"https:\/\/api.w.org\/{rel}","templated":true}]}}