{"id":901,"date":"2020-03-12T13:27:53","date_gmt":"2020-03-12T12:27:53","guid":{"rendered":"https:\/\/oke.jaworzno.pl\/www3\/?page_id=901"},"modified":"2021-09-22T13:56:39","modified_gmt":"2021-09-22T11:56:39","slug":"system-informatyczny-obslugi-egzaminow-zawodowych-sioepkz","status":"publish","type":"page","link":"https:\/\/oke.jaworzno.pl\/www3\/ez\/system-informatyczny-obslugi-egzaminow-zawodowych-sioepkz\/","title":{"rendered":"System informatyczny obs\u0142ugi egzamin\u00f3w zawodowych (SIOEPKZ)"},"content":{"rendered":"\n<p><strong>SIOEPKZ<\/strong><\/p>\n\n\n\n<p>SIOEPKZ jest systemem informatycznym s\u0142u\u017c\u0105cym obs\u0142udze egzamin\u00f3w potwierdzaj\u0105cych kwalifikacje zawodowe dla egzamin\u00f3w w formule 2017 oraz egzamin\u00f3w zawodowych w formule 2019.<\/p>\n\n\n\n<p>Wej\u015bcie do systemu: <a href=\"https:\/\/epkz.cke.edu.pl\/\" class=\"ek-link\">https:\/\/epkz.cke.edu.pl\/<\/a><\/p>\n\n\n\n<p>Aktualne instrukcje dla<strong>&nbsp;o\u015brodk\u00f3w egzaminacyjnych<\/strong>&nbsp;<strong>(wersja 4.0)&nbsp;<\/strong>dost\u0119pne s\u0105 do pobrania:&nbsp;<a href=\"http:\/\/cke.gov.pl\/images\/_EGZAMIN_ZAWODOWY\/SIOEPKZ\/SIOEPKZv4.0.zip\" class=\"ek-link\">tutaj<\/a><br>Aktualne instrukcje dla<strong>&nbsp;egzaminator\u00f3w<\/strong>&nbsp;dost\u0119pne s\u0105 do pobrania<strong>:&nbsp;<\/strong><a href=\"http:\/\/cke.gov.pl\/images\/_EGZAMIN_ZAWODOWY\/SIOEPKZ\/Instrukcje%20dla%20Egzaminatora.zip\" class=\"ek-link\">tutaj<\/a><\/p>\n\n\n\n<p><\/p>\n\n\n\n<p>Historia zmian w instrukcjach:<\/p>\n\n\n\n<p><strong><span style=\"color:#ff0004\" class=\"has-inline-color\">W dniu 22 wrze\u015bnia 2021 r.:<\/span><\/strong><\/p>\n\n\n\n<p>zmodyfikowano instrukcje: \u201e0007 SIOEPKZ Instrukcja sk\u0142adania deklaracji przyst\u0105pienia do egzaminu do OKE dla wielu os\u00f3b, dla kt\u00f3rych OE ma zorganizowa\u0107 egzamin\u201d oraz \u201e0005 SIOEPKZ Instrukcja dodawania danych wielu os\u00f3b dla kt\u00f3rych OE ma zorganizowa\u0107 egzamin\u201d<\/p>\n\n\n\n<div class=\"wp-block-pb-accordion-item c-accordion__item js-accordion-item no-js\" data-initially-open=\"false\" data-click-to-close=\"true\" data-auto-close=\"true\" data-scroll=\"false\" data-scroll-offset=\"0\"><h4 id=\"at-9010\" class=\"c-accordion__title js-accordion-controller\" role=\"button\">Poprzednie zmiany:<\/h4><div id=\"ac-9010\" class=\"c-accordion__content\">\n<p>W dniu 14 wrze\u015bnia 2021 r.:  <\/p>\n\n\n\n<p>zmodyfikowano instrukcje : 0009 SIOEPKZ Instrukcja weryfikacji z\u0142o\u017conych deklaracji przyst\u0105pienia do egzaminu\u201d oraz \u201e0014 SIOEPKZ Instrukcja dodawania miejsca przeprowadzania egzaminu przez Dyrektora-Pracownika OE\u200b. <\/p>\n\n\n\n<p>W dniu 26 sierpnia 2021 r.: <\/p>\n\n\n\n<p>zmodyfikowano&nbsp;instrukcj\u0119:&nbsp;0031 SIOEPKZ Instrukcja udzielania dost\u0119pu do portalu zdaj\u0105cego\u200b.<\/p>\n\n\n\n<p><\/p>\n\n\n\n<p>W dniu 25 sierpnia 2021 r.:<\/p>\n\n\n\n<p>zmodyfikowano instrukcj\u0119 0014A SIOEPKZ Zmiana sposobu wnioskowania i wystawiania upowa\u017cnie\u0144 na zorganizowanie egzamin\u00f3w.<\/p>\n\n\n\n<p>W dniu 13 sierpnia 2021 r.:<br>dodano now\u0105 instrukcj\u0119&nbsp;0014A SIOEPKZ Zmiana sposobu wnioskowania i wystawiania upowa\u017cnie\u0144 na zorganizowanie egzamin\u00f3w,<br>zmodyfikowano instrukcj\u0119&nbsp;0014 SIOEPKZ Instrukcja dodawania miejsca przeprowadzania egzaminu przez Dyrektora-Pracownika OE<strong>.<\/strong><\/p>\n\n\n\n<p>W dniu 28 kwietnia 2021 r. dodano now\u0105 instrukcj\u0119:<strong><br><\/strong>0037 SIOEPKZ Instrukcja zg\u0142aszania wykazu absolwent\u00f3w do OKE.\u200b<\/p>\n\n\n\n<p>W dniu 8 kwietnia 2021 r. dodano now\u0105 instrukcj\u0119:<strong><br><\/strong>0032 SIOEPKZ Instrukcja przeprowadzenia egzamin\u00f3w pr\u00f3bnych przy stanowiskach komputerowych.<\/p>\n\n\n\n<p>W dniu 4 wrze\u015bnia 2020 dodano now\u0105 instrukcj\u0119:<br>0030 SIOEPKZ Instrukcja dost\u0119pu do tre\u015bci zada\u0144 i udzielonych odpowiedzi w pisemnej cz\u0119\u015bci egzaminu przeprowadzanej z wykorzystaniem stanowisk komputerowych \u2013 Formu\u0142a 2019.<\/p>\n<\/div><\/div>\n\n\n\n<p><a href=\"http:\/\/cke.gov.pl\/egzamin-zawodowy\/system-informatyczny-obslugi-egzaminow-zawodowych-sioepkz\/materialy-szkoleniowe-filmy-z-webinarium\/\">Materia\u0142y szkoleniowe \u2013 filmy z webinarium<\/a><\/p>\n\n\n\n<p><strong>Infolinia SIOEPKZ&nbsp; \u2013 tel. (22) 310 20 03<\/strong><\/p>\n<div class=\"pdfprnt-buttons pdfprnt-buttons-page pdfprnt-bottom-left\"><a href=\"https:\/\/oke.jaworzno.pl\/www3\/wp-json\/wp\/v2\/pages\/901?print=pdf\" class=\"pdfprnt-button pdfprnt-button-pdf\" target=\"_blank\" ><span class=\"pdfprnt-button-title pdfprnt-button-pdf-title\">Wersja do druku<\/span><\/a><\/div>","protected":false},"excerpt":{"rendered":"<p>SIOEPKZ SIOEPKZ jest systemem informatycznym s\u0142u\u017c\u0105cym obs\u0142udze egzamin\u00f3w potwierdzaj\u0105cych kwalifikacje zawodowe dla egzamin\u00f3w w formule 2017 oraz egzamin\u00f3w zawodowych w&#46;&#46;&#46;<\/p>\n","protected":false},"author":1,"featured_media":0,"parent":23,"menu_order":0,"comment_status":"closed","ping_status":"closed","template":"","meta":{"_editorskit_title_hidden":false,"_editorskit_reading_time":1,"_editorskit_is_block_options_detached":false,"_editorskit_block_options_position":"{}","footnotes":""},"class_list":["post-901","page","type-page","status-publish","hentry"],"publishpress_future_workflow_manual_trigger":{"enabledWorkflows":[]},"_links":{"self":[{"href":"https:\/\/oke.jaworzno.pl\/www3\/wp-json\/wp\/v2\/pages\/901","targetHints":{"allow":["GET"]}}],"collection":[{"href":"https:\/\/oke.jaworzno.pl\/www3\/wp-json\/wp\/v2\/pages"}],"about":[{"href":"https:\/\/oke.jaworzno.pl\/www3\/wp-json\/wp\/v2\/types\/page"}],"author":[{"embeddable":true,"href":"https:\/\/oke.jaworzno.pl\/www3\/wp-json\/wp\/v2\/users\/1"}],"replies":[{"embeddable":true,"href":"https:\/\/oke.jaworzno.pl\/www3\/wp-json\/wp\/v2\/comments?post=901"}],"version-history":[{"count":0,"href":"https:\/\/oke.jaworzno.pl\/www3\/wp-json\/wp\/v2\/pages\/901\/revisions"}],"up":[{"embeddable":true,"href":"https:\/\/oke.jaworzno.pl\/www3\/wp-json\/wp\/v2\/pages\/23"}],"wp:attachment":[{"href":"https:\/\/oke.jaworzno.pl\/www3\/wp-json\/wp\/v2\/media?parent=901"}],"curies":[{"name":"wp","href":"https:\/\/api.w.org\/{rel}","templated":true}]}}