{"id":913,"date":"2020-03-12T14:44:32","date_gmt":"2020-03-12T13:44:32","guid":{"rendered":"https:\/\/oke.jaworzno.pl\/www3\/?page_id=913"},"modified":"2023-01-16T08:04:04","modified_gmt":"2023-01-16T07:04:04","slug":"apostille-i-uwierzytelnianie","status":"publish","type":"page","link":"https:\/\/oke.jaworzno.pl\/www3\/apostille-i-uwierzytelnianie\/","title":{"rendered":"Apostille i uwierzytelnianie"},"content":{"rendered":"\n<p>Od 1 wrze\u015bnia 2018 r. Okr\u0119gowa Komisja Egzaminacyjna w Jaworznie dokonuje uwierzytelnie\u0144 oraz umieszczania apostille na \u015bwiadectwach, aneksach do \u015bwiadectw, dyplomach i za\u015bwiadczeniach, przeznaczonych do obrotu prawnego w pa\u0144stwie b\u0119d\u0105cym stron\u0105 Konwencji.<\/p>\n\n\n\n<p class=\"has-very-light-gray-background-color has-background\"><strong>APOSTILLE<\/strong><\/p>\n\n\n\n<p>Wydawanie apostille&nbsp;nie podlega op\u0142acie skarbowej.<\/p>\n\n\n\n<p>W celu uzyskania apostille nale\u017cy z\u0142o\u017cy\u0107 (osobi\u015bcie lub poczt\u0105) do Okr\u0119gowej Komisji Egzaminacyjnej w Jaworznie wniosek o jego wydanie i do\u0142\u0105czy\u0107 do wniosku orygina\u0142 dokumentu, do kt\u00f3rego ma by\u0107 wydane apostille.<\/p>\n\n\n\n<p><a href=\"https:\/\/oke.jaworzno.pl\/www3\/wp-content\/uploads\/ogolne\/Wniosek_o_wydanie_apostille.doc\" class=\"ek-link\">WNIOSEK O WYDANIE APOSTILLE<\/a><\/p>\n\n\n\n<p class=\"has-very-light-gray-background-color has-background\"><strong>UWIERZYTELNIENIE<\/strong><\/p>\n\n\n\n<p>W celu uzyskania uwierzytelnienia nale\u017cy z\u0142o\u017cy\u0107 (osobi\u015bcie lub poczt\u0105) do Okr\u0119gowej Komisji Egzaminacyjnej w Jaworznie wniosek o uwierzytelnienie, do\u0142\u0105czy\u0107 do wniosku orygina\u0142 dokumentu, kt\u00f3ry ma zosta\u0107 uwierzytelniony oraz dow\u00f3d wniesienia op\u0142aty w wysoko\u015bci 26,00 z\u0142 (za ka\u017cdy dokument)<\/p>\n\n\n\n<p>Op\u0142aty nale\u017cy dokona\u0107 na konto Okr\u0119gowej Komisji Egzaminacyjnej w Jaworznie<\/p>\n\n\n\n<p>nr&nbsp;&nbsp;&nbsp;&nbsp;&nbsp;&nbsp;&nbsp;&nbsp;&nbsp;&nbsp; 48 1010 1212 0051 5122 3100 0000<\/p>\n\n\n\n<p><a href=\"https:\/\/oke.jaworzno.pl\/www3\/wp-content\/uploads\/ogolne\/Wniosek_o_uwierzytelnienie.doc\" class=\"ek-link\">WNIOSEK O UWIERZYTELNIENIE<\/a><\/p>\n\n\n\n<p><em>Podstawa prawna:<\/em><\/p>\n\n\n\n<p><em>Konwencja znosz\u0105ca wym\u00f3g legalizacji zagranicznych dokument\u00f3w urz\u0119dowych z dnia 5 pa\u017adziernika 1961 r. &#8211; Dz.U. 2005 Nr 112, poz. 938,<\/em> (<a href=\"https:\/\/isap.sejm.gov.pl\/isap.nsf\/DocDetails.xsp?id=wdu20051120938\" class=\"ek-link\">tre\u015b\u0107<\/a>)<\/p>\n\n\n\n<p><em>Rozporz\u0105dzenie Ministra Edukacji Narodowej z dnia 26 kwietnia 2018 r., poz. 939 w sprawie \u015bwiadectw, dyplom\u00f3w pa\u0144stwowych i innych druk\u00f3w szkolnych &#8211; \u00a7 25.1.<\/em> (<a href=\"http:\/\/isap.sejm.gov.pl\/isap.nsf\/download.xsp\/WDU20180000939\/O\/D20180939-01.pdf\">tre\u015b\u0107<\/a>)<\/p>\n\n\n\n<p><\/p>\n<div class=\"pdfprnt-buttons pdfprnt-buttons-page pdfprnt-bottom-left\"><a href=\"https:\/\/oke.jaworzno.pl\/www3\/wp-json\/wp\/v2\/pages\/913?print=pdf\" class=\"pdfprnt-button pdfprnt-button-pdf\" target=\"_blank\" ><span class=\"pdfprnt-button-title pdfprnt-button-pdf-title\">Wersja do druku<\/span><\/a><\/div>","protected":false},"excerpt":{"rendered":"<p>Od 1 wrze\u015bnia 2018 r. Okr\u0119gowa Komisja Egzaminacyjna w Jaworznie dokonuje uwierzytelnie\u0144 oraz umieszczania apostille na \u015bwiadectwach, aneksach do \u015bwiadectw,&#46;&#46;&#46;<\/p>\n","protected":false},"author":1,"featured_media":0,"parent":0,"menu_order":0,"comment_status":"closed","ping_status":"closed","template":"","meta":{"_editorskit_title_hidden":false,"_editorskit_reading_time":1,"_editorskit_is_block_options_detached":false,"_editorskit_block_options_position":"{}","footnotes":""},"class_list":["post-913","page","type-page","status-publish","hentry"],"publishpress_future_workflow_manual_trigger":{"enabledWorkflows":[]},"_links":{"self":[{"href":"https:\/\/oke.jaworzno.pl\/www3\/wp-json\/wp\/v2\/pages\/913","targetHints":{"allow":["GET"]}}],"collection":[{"href":"https:\/\/oke.jaworzno.pl\/www3\/wp-json\/wp\/v2\/pages"}],"about":[{"href":"https:\/\/oke.jaworzno.pl\/www3\/wp-json\/wp\/v2\/types\/page"}],"author":[{"embeddable":true,"href":"https:\/\/oke.jaworzno.pl\/www3\/wp-json\/wp\/v2\/users\/1"}],"replies":[{"embeddable":true,"href":"https:\/\/oke.jaworzno.pl\/www3\/wp-json\/wp\/v2\/comments?post=913"}],"version-history":[{"count":0,"href":"https:\/\/oke.jaworzno.pl\/www3\/wp-json\/wp\/v2\/pages\/913\/revisions"}],"wp:attachment":[{"href":"https:\/\/oke.jaworzno.pl\/www3\/wp-json\/wp\/v2\/media?parent=913"}],"curies":[{"name":"wp","href":"https:\/\/api.w.org\/{rel}","templated":true}]}}