{"id":926,"date":"2020-03-12T15:14:07","date_gmt":"2020-03-12T14:14:07","guid":{"rendered":"https:\/\/oke.jaworzno.pl\/www3\/?page_id=926"},"modified":"2025-04-23T14:46:57","modified_gmt":"2025-04-23T12:46:57","slug":"formula-2012-komunikaty","status":"publish","type":"page","link":"https:\/\/oke.jaworzno.pl\/www3\/ez\/formula-2012\/formula-2012-komunikaty\/","title":{"rendered":"Formu\u0142a 2012 &#8211; Harmonogram, komunikaty i informacje"},"content":{"rendered":"\n<h4 class=\"wp-block-heading\">Rok szkolny 2024\/2025<\/h4>\n\n\n\n<ul class=\"wp-block-list\">\n<li><a href=\"https:\/\/cke.gov.pl\/images\/_KOMUNIKATY\/1A.%20Komunikat%20o%20pomocach-cz.pisemna%20-PP2012.pdf\">Komunikat o przyborach pomocniczych \u2013 cz\u0119\u015b\u0107 pisemna w sesji LATO 2025<\/a><\/li>\n\n\n\n<li><a href=\"https:\/\/cke.gov.pl\/images\/_KOMUNIKATY\/3.%20Komunikat%20o%20pomocach-cz.praktyczna%20-PP2012_PP2017.pdf\">Komunikat o przyborach pomocniczych \u2013 cz\u0119\u015b\u0107 praktyczna w sesji LATO 2025<\/a><\/li>\n\n\n\n<li><a href=\"https:\/\/cke.gov.pl\/images\/_KOMUNIKATY\/1.%202025_PP2012-EPKwZ_19%20VIII%202024%20.pdf\">Harmonogram egzaminu potwierdzaj\u0105cego kwalifikacje w zawodzie \u2013 FORMU\u0141A 2012 \u2013 przeprowadzanego w roku szkolnym 2024\/2025<\/a><\/li>\n\n\n\n<li><a href=\"https:\/\/cke.gov.pl\/images\/_KOMUNIKATY\/4.%202025_PP2012_Informacja%20_o_EPKZ-19%20VIII%202024.pdf\">Informacja o sposobie organizacji i przeprowadzania egzaminu potwierdzaj\u0105cego kwalifikacje w zawodzie \u2013 FORMU\u0141A 2012 \u2013 przeprowadzanego w roku szkolnym 2024\/2025<\/a><\/li>\n\n\n\n<li><a href=\"https:\/\/cke.gov.pl\/images\/_KOMUNIKATY\/7.%202025_Dostosowania-PP2012_2017_19%20VIII%202024.pdf\">Komunikat o dostosowaniach egzaminu potwierdzaj\u0105cego kwalifikacje w zawodzie \u2013 FORMU\u0141A 2012 \u2013 przeprowadzanego w roku szkolnym 2024\/2025<\/a><\/li>\n\n\n\n<li><a href=\"http:\/\/www.gov.pl\/web\/edukacja\/komunikat-ministra-edukacji-i-nauki-w-sprawie-wykazu-turniejow-i-olimpiad-tematycznych-zwiazanych-z-wybrana-dziedzina-wiedzy-uprawniajacych-do-zwolnienia-z-przystapienia-do-czesci-pisemnej-egzaminu-zawodowego-w-roku-szkolnym-20242025-z-aktualizacjami\"><\/a><a href=\"http:\/\/www.gov.pl\/web\/edukacja\/komunikat-ministra-edukacji-i-nauki-w-sprawie-wykazu-turniejow-i-olimpiad-tematycznych-zwiazanych-z-wybrana-dziedzina-wiedzy-uprawniajacych-do-zwolnienia-z-przystapienia-do-czesci-pisemnej-egzaminu-zawodowego-w-roku-szkolnym-20242025-z-aktualizacjami\">Komunikat Ministra Edukacji i Nauki w sprawie wykazu turniej\u00f3w i olimpiad tematycznych zwi\u0105zanych z wybran\u0105 dziedzin\u0105 wiedzy uprawniaj\u0105cych do zwolnienia z przyst\u0105pienia do cz\u0119\u015bci pisemnej egzaminu zawodowego w roku szkolnym 2024\/2025<\/a><\/li>\n\n\n\n<li><a href=\"http:\/\/cke.gov.pl\/images\/_EGZAMIN_ZAWODOWY\/Formula_2019\/komunikaty\/LATO_2025-Informacja%20o%20wersjach%20oprogramowania%20do%20cz%C4%99%C5%9Bci%20praktycznej%20egzaminu.pdf\">Informacja o wersjach oprogramowania do cz\u0119\u015bci praktycznej egzaminu, obowi\u0105zuj\u0105cych w sesji LATO 2025 w kwalifikacjach wyodr\u0119bnionych w zawodach technik ekonomista, technik rachunkowo\u015bci i technik handlowiec \u2013 Formu\u0142a 2012, Formu\u0142a 2017 i Formu\u0142a 2019<\/a><br><a href=\"https:\/\/cke.gov.pl\/images\/_EGZAMIN_ZAWODOWY\/Formula_2019\/komunikaty\/Informacja_dla_szko%C5%82_2025_Lato.7z\">Do pobrania: Informacja dla szk\u00f3\u0142 (zip)<\/a><\/li>\n\n\n\n<li><a href=\"http:\/\/cke.gov.pl\/images\/_KOMUNIKATY\/LATO%202025-Informacja%20dla%20OE%20organizuj%C4%85cych%20egzamin%20z%20cz%C4%99%C5%9Bci%20praktycznej%20z%20wykorzystaniem%20oprogramowania%20Adobe.pdf\">Informacja dla o\u015brodk\u00f3w egzaminacyjnych przeprowadzaj\u0105cych w sesji LATO 2025 egzamin w cz\u0119\u015bci praktycznej z wykorzystaniem oprogramowania Adobe w kwalifikacjach: A.20, A.25, A.27, AU.23, AU.28, AU.30, AU.54, AU.55, AUD.02, AUD.05, PGF.04, PGF.05, PGF.07 \u2013 Formu\u0142a 2012, Formu\u0142a 2017 oraz Formu\u0142a 2019<\/a><\/li>\n<\/ul>\n\n\n\n<p>Procedura oraz generator wniosku o wydanie dyplomu potwierdzaj\u0105cego kwalifikacje zawodowe&nbsp;[<a href=\"https:\/\/oke.jaworzno.pl\/www3\/ez\/procedura-oraz-generator-wniosku-o-wydanie-dyplomu-potwierdzajacego-kwalifikacje-zawodowe\/\">PRZEJD\u0179 DO<\/a>]<\/p>\n\n\n\n<p><\/p>\n<div class=\"pdfprnt-buttons pdfprnt-buttons-page pdfprnt-bottom-left\"><a href=\"https:\/\/oke.jaworzno.pl\/www3\/wp-json\/wp\/v2\/pages\/926?print=pdf\" class=\"pdfprnt-button pdfprnt-button-pdf\" target=\"_blank\" ><span class=\"pdfprnt-button-title pdfprnt-button-pdf-title\">Wersja do druku<\/span><\/a><\/div>","protected":false},"excerpt":{"rendered":"","protected":false},"author":1,"featured_media":0,"parent":622,"menu_order":0,"comment_status":"closed","ping_status":"closed","template":"","meta":{"_editorskit_title_hidden":false,"_editorskit_reading_time":1,"_editorskit_is_block_options_detached":false,"_editorskit_block_options_position":"{}","footnotes":""},"class_list":["post-926","page","type-page","status-publish","hentry"],"publishpress_future_workflow_manual_trigger":{"enabledWorkflows":[]},"_links":{"self":[{"href":"https:\/\/oke.jaworzno.pl\/www3\/wp-json\/wp\/v2\/pages\/926","targetHints":{"allow":["GET"]}}],"collection":[{"href":"https:\/\/oke.jaworzno.pl\/www3\/wp-json\/wp\/v2\/pages"}],"about":[{"href":"https:\/\/oke.jaworzno.pl\/www3\/wp-json\/wp\/v2\/types\/page"}],"author":[{"embeddable":true,"href":"https:\/\/oke.jaworzno.pl\/www3\/wp-json\/wp\/v2\/users\/1"}],"replies":[{"embeddable":true,"href":"https:\/\/oke.jaworzno.pl\/www3\/wp-json\/wp\/v2\/comments?post=926"}],"version-history":[{"count":1,"href":"https:\/\/oke.jaworzno.pl\/www3\/wp-json\/wp\/v2\/pages\/926\/revisions"}],"predecessor-version":[{"id":8930,"href":"https:\/\/oke.jaworzno.pl\/www3\/wp-json\/wp\/v2\/pages\/926\/revisions\/8930"}],"up":[{"embeddable":true,"href":"https:\/\/oke.jaworzno.pl\/www3\/wp-json\/wp\/v2\/pages\/622"}],"wp:attachment":[{"href":"https:\/\/oke.jaworzno.pl\/www3\/wp-json\/wp\/v2\/media?parent=926"}],"curies":[{"name":"wp","href":"https:\/\/api.w.org\/{rel}","templated":true}]}}