{"id":99,"date":"2019-11-18T14:29:15","date_gmt":"2019-11-18T13:29:15","guid":{"rendered":"https:\/\/oke.jaworzno.pl\/autoinstalator\/wordpressplugins\/?page_id=99"},"modified":"2024-08-23T10:17:54","modified_gmt":"2024-08-23T08:17:54","slug":"arkusze","status":"publish","type":"page","link":"https:\/\/oke.jaworzno.pl\/www3\/eo\/arkusze\/","title":{"rendered":"Arkusze egzaminacyjne \u2013 egzamin \u00f3smoklasisty"},"content":{"rendered":"\n<ul class=\"wp-block-list\">\n<li>Od 2025 r. w arkuszach egzaminacyjnych egzaminu \u00f3smoklasisty sprawdzane b\u0119d\u0105 wiadomo\u015bci i umiej\u0119tno\u015bci okre\u015blone <strong>w podstawie programowej z 2024 r.<\/strong> (<a href=\"https:\/\/isap.sejm.gov.pl\/isap.nsf\/download.xsp\/WDU20240000996\/O\/D20240996.pdf\">rozporz\u0105dzenie w sprawie podstawy programowej z 2024 r.<\/a>)<\/li>\n\n\n\n<li>Arkusze egzaminacyjne egzaminu \u00f3smoklasisty, w kt\u00f3rych sprawdzane by\u0142y wiadomo\u015bci i umiej\u0119tno\u015bci okre\u015blone <strong>w wymaganiach egzaminacyjnych w latach 2021\u20132024<\/strong> (<a href=\"https:\/\/isap.sejm.gov.pl\/isap.nsf\/DocDetails.xsp?id=WDU20220001591\">rozporz\u0105dzenie w sprawie wymaga\u0144 egzaminacyjnych<\/a>)<br><a href=\"http:\/\/cke.gov.pl\/egzamin-osmoklasisty\/arkusze\/2024-2\/\">Arkusze 2024 \u2013 egzamin \u00f3smoklasisty<\/a><br><a href=\"http:\/\/cke.gov.pl\/egzamin-osmoklasisty\/arkusze\/2023-2\/\" class=\"ek-link\">Arkusze 2023 \u2013 egzamin \u00f3smoklasisty<\/a><br><a href=\"http:\/\/cke.gov.pl\/egzamin-osmoklasisty\/arkusze\/2022-2\/\" class=\"ek-link\">Arkusze 2022 \u2013 egzamin \u00f3smoklasisty<\/a><br><a href=\"http:\/\/cke.gov.pl\/egzamin-osmoklasisty\/arkusze\/2021-2\/\" class=\"ek-link\">Arkusze 2021 \u2013 egzamin \u00f3smoklasisty<\/a><\/li>\n\n\n\n<li>Arkusze egzaminacyjne egzaminu \u00f3smoklasisty, w kt\u00f3rych sprawdzane by\u0142y wiadomo\u015bci i umiej\u0119tno\u015bci okre\u015blone <strong>w podstawie programowej z 2017 r.<\/strong> (<a href=\"https:\/\/isap.sejm.gov.pl\/isap.nsf\/DocDetails.xsp?id=wdu20170000356\">rozporz\u0105dzenie w sprawie podstawy programowej z 2017 r.<\/a>)<br><a href=\"http:\/\/cke.gov.pl\/egzamin-osmoklasisty\/arkusze\/2020-2\/\" class=\"ek-link\">Arkusze 2020 \u2013 egzamin \u00f3smoklasisty<\/a><br><a href=\"http:\/\/cke.gov.pl\/egzamin-osmoklasisty\/arkusze\/2019-2\" class=\"ek-link\">Arkusze 2019 \u2013 egzamin \u00f3smoklasisty<\/a><\/li>\n<\/ul>\n<div class=\"pdfprnt-buttons pdfprnt-buttons-page pdfprnt-bottom-left\"><a href=\"https:\/\/oke.jaworzno.pl\/www3\/wp-json\/wp\/v2\/pages\/99?print=pdf\" class=\"pdfprnt-button pdfprnt-button-pdf\" target=\"_blank\" ><span class=\"pdfprnt-button-title pdfprnt-button-pdf-title\">Wersja do druku<\/span><\/a><\/div>","protected":false},"excerpt":{"rendered":"","protected":false},"author":1,"featured_media":0,"parent":21,"menu_order":0,"comment_status":"closed","ping_status":"closed","template":"","meta":{"_editorskit_title_hidden":false,"_editorskit_reading_time":0,"_editorskit_is_block_options_detached":false,"_editorskit_block_options_position":"{}","footnotes":""},"class_list":["post-99","page","type-page","status-publish","hentry"],"publishpress_future_workflow_manual_trigger":{"enabledWorkflows":[]},"_links":{"self":[{"href":"https:\/\/oke.jaworzno.pl\/www3\/wp-json\/wp\/v2\/pages\/99","targetHints":{"allow":["GET"]}}],"collection":[{"href":"https:\/\/oke.jaworzno.pl\/www3\/wp-json\/wp\/v2\/pages"}],"about":[{"href":"https:\/\/oke.jaworzno.pl\/www3\/wp-json\/wp\/v2\/types\/page"}],"author":[{"embeddable":true,"href":"https:\/\/oke.jaworzno.pl\/www3\/wp-json\/wp\/v2\/users\/1"}],"replies":[{"embeddable":true,"href":"https:\/\/oke.jaworzno.pl\/www3\/wp-json\/wp\/v2\/comments?post=99"}],"version-history":[{"count":0,"href":"https:\/\/oke.jaworzno.pl\/www3\/wp-json\/wp\/v2\/pages\/99\/revisions"}],"up":[{"embeddable":true,"href":"https:\/\/oke.jaworzno.pl\/www3\/wp-json\/wp\/v2\/pages\/21"}],"wp:attachment":[{"href":"https:\/\/oke.jaworzno.pl\/www3\/wp-json\/wp\/v2\/media?parent=99"}],"curies":[{"name":"wp","href":"https:\/\/api.w.org\/{rel}","templated":true}]}}